{"id":3889,"date":"2025-08-26T16:19:42","date_gmt":"2025-08-26T16:19:42","guid":{"rendered":"https:\/\/zoyaedit.com\/product\/mens-leather-boots\/"},"modified":"2025-08-31T18:06:04","modified_gmt":"2025-08-31T18:06:04","slug":"mens-leather-boots","status":"publish","type":"product","link":"https:\/\/www.checkout.luxaurabag.com\/de\/produkt\/mens-leather-boots\/","title":{"rendered":"Belfort Chelsea-Stiefel"},"content":{"rendered":"<p data-end='481' data-start='172'><meta charset='utf-8'>Diese Chelsea-Stiefel sind aus glattem, poliertem, vollnarbigem Leder gefertigt und zeichnen sich durch<meta charset='utf-8'> eine raffinierte und ma\u00dfgeschneiderte \u00c4sthetik. Der geformte Schnallenriemen und der seitliche Rei\u00dfverschluss werten jedes Outfit sofort auf, w\u00e4hrend die pr\u00e4zisionsgen\u00e4hten Konturen eine scharfe, stromlinienf\u00f6rmige Silhouette schaffen. Erg\u00e4nzt durch eine verst\u00e4rkte Gummilaufsohle f\u00fcr ganzt\u00e4gigen Komfort und Strapazierf\u00e4higkeit, verleihen Ihnen diese Stiefel einen sofortigen Vorteil - poliert, selbstbewusst und bereit zum Sieg.<span><\/span><\/p>\n<ul>\n<li data-end='934' data-start='866'><meta charset='utf-8'>Glattes poliertes Leder<\/li>\n<li data-end='934' data-start='866'>Verstellbarer Schnallenakzent\u00a0<meta charset='utf-8'><\/li>\n<li data-end='1004' data-start='935'><meta charset='utf-8'> <meta charset='utf-8'>Nahtloser seitlicher Rei\u00dfverschluss<\/li>\n<li data-end='1077' data-start='1005'>Strapazierf\u00e4hige Gummisohle\u00a0<\/li>\n<li data-end='1077' data-start='1005'><meta charset='utf-8'>Atmungsaktives Lederfutter<\/li>\n<\/ul>","protected":false},"excerpt":{"rendered":"<p>Diese Chelsea-Boots aus glattem, poliertem Vollnarbenleder zeichnen sich durch eine raffinierte und ma\u00dfgeschneiderte \u00c4sthetik aus. Der geformte Schnallenriemen und der seitliche Rei\u00dfverschluss werten jedes Outfit sofort auf, w\u00e4hrend die pr\u00e4zise gen\u00e4hten Konturen eine scharfe, stromlinienf\u00f6rmige Silhouette schaffen. Erg\u00e4nzt durch eine verst\u00e4rkte Gummilaufsohle f\u00fcr ganzt\u00e4gigen Komfort und Strapazierf\u00e4higkeit, geben Ihnen diese Stiefel einen sofortigen Vorteil - poliert, selbstbewusst und...<\/p>","protected":false},"featured_media":4730,"comment_status":"open","ping_status":"closed","template":"","meta":{"_kad_post_transparent":"","_kad_post_title":"","_kad_post_layout":"","_kad_post_sidebar_id":"","_kad_post_content_style":"","_kad_post_vertical_padding":"","_kad_post_feature":"","_kad_post_feature_position":"","_kad_post_header":false,"_kad_post_footer":false},"product_brand":[],"product_cat":[88],"product_tag":[],"class_list":{"0":"post-3889","1":"product","2":"type-product","3":"status-publish","4":"has-post-thumbnail","6":"product_cat-shoes","8":"first","9":"instock","10":"shipping-taxable","11":"purchasable","12":"product-type-variable","13":"entry","14":"content-bg","15":"loop-entry"},"_links":{"self":[{"href":"https:\/\/www.checkout.luxaurabag.com\/de\/wp-json\/wp\/v2\/product\/3889","targetHints":{"allow":["GET"]}}],"collection":[{"href":"https:\/\/www.checkout.luxaurabag.com\/de\/wp-json\/wp\/v2\/product"}],"about":[{"href":"https:\/\/www.checkout.luxaurabag.com\/de\/wp-json\/wp\/v2\/types\/product"}],"replies":[{"embeddable":true,"href":"https:\/\/www.checkout.luxaurabag.com\/de\/wp-json\/wp\/v2\/comments?post=3889"}],"wp:featuredmedia":[{"embeddable":true,"href":"https:\/\/www.checkout.luxaurabag.com\/de\/wp-json\/wp\/v2\/media\/4730"}],"wp:attachment":[{"href":"https:\/\/www.checkout.luxaurabag.com\/de\/wp-json\/wp\/v2\/media?parent=3889"}],"wp:term":[{"taxonomy":"product_brand","embeddable":true,"href":"https:\/\/www.checkout.luxaurabag.com\/de\/wp-json\/wp\/v2\/product_brand?post=3889"},{"taxonomy":"product_cat","embeddable":true,"href":"https:\/\/www.checkout.luxaurabag.com\/de\/wp-json\/wp\/v2\/product_cat?post=3889"},{"taxonomy":"product_tag","embeddable":true,"href":"https:\/\/www.checkout.luxaurabag.com\/de\/wp-json\/wp\/v2\/product_tag?post=3889"}],"curies":[{"name":"wp","href":"https:\/\/api.w.org\/{rel}","templated":true}]}}