{"id":4142,"date":"2025-08-26T16:19:53","date_gmt":"2025-08-26T16:19:53","guid":{"rendered":"https:\/\/zoyaedit.com\/product\/1-49\/"},"modified":"2025-08-31T18:06:19","modified_gmt":"2025-08-31T18:06:19","slug":"1-49","status":"publish","type":"product","link":"https:\/\/www.checkout.luxaurabag.com\/de\/produkt\/1-49\/","title":{"rendered":"Cliffborn Boot Loafer"},"content":{"rendered":"<p>Robust wie ein Stiefel, leicht wie ein Sneaker. Diese Slipper haben eine robuste Au\u00dfensohle und ein handgen\u00e4htes Obermaterial, das f\u00fcr Langlebigkeit sorgt, aber weniger wiegt als der durchschnittliche L\u00e4ufer. Mit atmungsaktivem Mesh, gepolsterten Einlegesohlen und einer flexiblen, rutschfesten Sohle erhalten Sie Komfort, Halt und einen scharfen Look, der von der Stra\u00dfe bis zum Trail reicht.<\/p>\n<ul>\n<li>Obermaterial aus hochwertigem veganem Leder<\/li>\n<li>Ultraleicht und atmungsaktiv<\/li>\n<li data-end='687' data-start='630'>Atmungsaktive Mesh-Bel\u00fcftungs\u00f6ffnungen<meta charset='utf-8'><\/li>\n<li>Flexible und rutschfeste Gummilaufsohle<\/li>\n<li data-end='687' data-start='630'>Gepolsterte Einlegesohle<\/li>\n<li data-end='842' data-start='805'>Einfaches Aufstecken<\/li>\n<\/ul>","protected":false},"excerpt":{"rendered":"<p>Robust wie ein Stiefel, leicht wie ein Sneaker. Diese Slipper haben eine robuste Au\u00dfensohle und ein handgen\u00e4htes Obermaterial, das f\u00fcr Langlebigkeit sorgt, aber weniger wiegt als der durchschnittliche L\u00e4ufer. Mit atmungsaktivem Mesh, gepolsterten Einlegesohlen und einer flexiblen, rutschfesten Sohle erhalten Sie Komfort, Halt und einen scharfen Look, der von der Stra\u00dfe bis zum Trail reicht. Obermaterial aus hochwertigem veganem Leder...<\/p>","protected":false},"featured_media":4830,"comment_status":"open","ping_status":"closed","template":"","meta":{"_kad_post_transparent":"","_kad_post_title":"","_kad_post_layout":"","_kad_post_sidebar_id":"","_kad_post_content_style":"","_kad_post_vertical_padding":"","_kad_post_feature":"","_kad_post_feature_position":"","_kad_post_header":false,"_kad_post_footer":false},"product_brand":[],"product_cat":[88],"product_tag":[],"class_list":{"0":"post-4142","1":"product","2":"type-product","3":"status-publish","4":"has-post-thumbnail","6":"product_cat-shoes","8":"first","9":"instock","10":"sale","11":"shipping-taxable","12":"purchasable","13":"product-type-variable","14":"entry","15":"content-bg","16":"loop-entry"},"_links":{"self":[{"href":"https:\/\/www.checkout.luxaurabag.com\/de\/wp-json\/wp\/v2\/product\/4142","targetHints":{"allow":["GET"]}}],"collection":[{"href":"https:\/\/www.checkout.luxaurabag.com\/de\/wp-json\/wp\/v2\/product"}],"about":[{"href":"https:\/\/www.checkout.luxaurabag.com\/de\/wp-json\/wp\/v2\/types\/product"}],"replies":[{"embeddable":true,"href":"https:\/\/www.checkout.luxaurabag.com\/de\/wp-json\/wp\/v2\/comments?post=4142"}],"wp:featuredmedia":[{"embeddable":true,"href":"https:\/\/www.checkout.luxaurabag.com\/de\/wp-json\/wp\/v2\/media\/4830"}],"wp:attachment":[{"href":"https:\/\/www.checkout.luxaurabag.com\/de\/wp-json\/wp\/v2\/media?parent=4142"}],"wp:term":[{"taxonomy":"product_brand","embeddable":true,"href":"https:\/\/www.checkout.luxaurabag.com\/de\/wp-json\/wp\/v2\/product_brand?post=4142"},{"taxonomy":"product_cat","embeddable":true,"href":"https:\/\/www.checkout.luxaurabag.com\/de\/wp-json\/wp\/v2\/product_cat?post=4142"},{"taxonomy":"product_tag","embeddable":true,"href":"https:\/\/www.checkout.luxaurabag.com\/de\/wp-json\/wp\/v2\/product_tag?post=4142"}],"curies":[{"name":"wp","href":"https:\/\/api.w.org\/{rel}","templated":true}]}}