{"id":4297,"date":"2025-08-26T16:20:00","date_gmt":"2025-08-26T16:20:00","guid":{"rendered":"https:\/\/zoyaedit.com\/product\/driftwood-leather-sandal\/"},"modified":"2025-08-31T18:06:27","modified_gmt":"2025-08-31T18:06:27","slug":"driftwood-leather-sandal","status":"publish","type":"product","link":"https:\/\/www.checkout.luxaurabag.com\/de\/produkt\/driftwood-leather-sandal\/","title":{"rendered":"Driftwood Leder Sandale"},"content":{"rendered":"<p><meta charset='UTF-8'><span>Ausgestattet mit weichen veganen Lederriemen\u00a0<meta charset='utf-8'>die sich sanft an Ihre F\u00fc\u00dfe anschmiegen, und einem geformten Fu\u00dfbett mit Holzmaserung, vereinen diese Sandalen handwerkliche Details mit l\u00e4ssiger Eleganz. <meta charset='utf-8'>Die konturierte Fu\u00dfgew\u00f6lbest\u00fctze und der Slingback-Absatz sorgen f\u00fcr eine stabile, rutschfreie und bequeme Passform den ganzen Tag \u00fcber - perfekt f\u00fcr einen Stadtbummel oder zum Faulenzen am Pool.\u00a0<\/span><span><\/span><\/p>\n<ul>\n<li><meta charset='utf-8'> <meta charset='utf-8'>Glatte vegane Lederriemen<\/li>\n<li><meta charset='utf-8'>Fu\u00dfbett mit Holzmaserungs-Struktur<\/li>\n<li><meta charset='utf-8'> <meta charset='utf-8'>Anschmiegsame Komfort-Passform<\/li>\n<li><meta charset='utf-8'>Konturierte Fu\u00dfgew\u00f6lbest\u00fctze<\/li>\n<li><meta charset='utf-8'> <span>T<meta charset='utf-8'>Hick &amp; abriebfest<\/span><\/li>\n<li><meta charset='utf-8'> <meta charset='utf-8'>Anti-Rutsch-Laufsohle<meta charset='utf-8'> <meta charset='utf-8'><\/li>\n<\/ul>","protected":false},"excerpt":{"rendered":"<p>Mit weichen Riemen aus veganem Leder, die sich sanft an Ihre F\u00fc\u00dfe anpassen, und einem geformten Fu\u00dfbett mit Holzmaserung vereinen diese Sandalen handwerkliche Details mit l\u00e4ssiger Eleganz. Die konturierte Fu\u00dfgew\u00f6lbest\u00fctze und der Slingback-Absatz sorgen f\u00fcr eine stabile, rutschfreie und bequeme Passform den ganzen Tag \u00fcber - perfekt f\u00fcr einen Stadtbummel oder zum Faulenzen am Pool.  Glatte Riemen aus veganem Leder Fu\u00dfbett mit Woodgrain-Textur Anschmiegsame, bequeme Passform Konturierte...<\/p>","protected":false},"featured_media":4909,"comment_status":"open","ping_status":"closed","template":"","meta":{"_kad_post_transparent":"","_kad_post_title":"","_kad_post_layout":"","_kad_post_sidebar_id":"","_kad_post_content_style":"","_kad_post_vertical_padding":"","_kad_post_feature":"","_kad_post_feature_position":"","_kad_post_header":false,"_kad_post_footer":false},"product_brand":[],"product_cat":[88],"product_tag":[],"class_list":{"0":"post-4297","1":"product","2":"type-product","3":"status-publish","4":"has-post-thumbnail","6":"product_cat-shoes","8":"first","9":"instock","10":"sale","11":"shipping-taxable","12":"purchasable","13":"product-type-variable","14":"entry","15":"content-bg","16":"loop-entry"},"_links":{"self":[{"href":"https:\/\/www.checkout.luxaurabag.com\/de\/wp-json\/wp\/v2\/product\/4297","targetHints":{"allow":["GET"]}}],"collection":[{"href":"https:\/\/www.checkout.luxaurabag.com\/de\/wp-json\/wp\/v2\/product"}],"about":[{"href":"https:\/\/www.checkout.luxaurabag.com\/de\/wp-json\/wp\/v2\/types\/product"}],"replies":[{"embeddable":true,"href":"https:\/\/www.checkout.luxaurabag.com\/de\/wp-json\/wp\/v2\/comments?post=4297"}],"wp:featuredmedia":[{"embeddable":true,"href":"https:\/\/www.checkout.luxaurabag.com\/de\/wp-json\/wp\/v2\/media\/4909"}],"wp:attachment":[{"href":"https:\/\/www.checkout.luxaurabag.com\/de\/wp-json\/wp\/v2\/media?parent=4297"}],"wp:term":[{"taxonomy":"product_brand","embeddable":true,"href":"https:\/\/www.checkout.luxaurabag.com\/de\/wp-json\/wp\/v2\/product_brand?post=4297"},{"taxonomy":"product_cat","embeddable":true,"href":"https:\/\/www.checkout.luxaurabag.com\/de\/wp-json\/wp\/v2\/product_cat?post=4297"},{"taxonomy":"product_tag","embeddable":true,"href":"https:\/\/www.checkout.luxaurabag.com\/de\/wp-json\/wp\/v2\/product_tag?post=4297"}],"curies":[{"name":"wp","href":"https:\/\/api.w.org\/{rel}","templated":true}]}}