{"id":4432,"date":"2025-08-26T16:20:07","date_gmt":"2025-08-26T16:20:07","guid":{"rendered":"https:\/\/zoyaedit.com\/product\/executive-patent-buckle-oxford\/"},"modified":"2025-08-31T18:06:34","modified_gmt":"2025-08-31T18:06:34","slug":"executive-patent-buckle-oxford","status":"publish","type":"product","link":"https:\/\/www.checkout.luxaurabag.com\/de\/produkt\/executive-patent-buckle-oxford\/","title":{"rendered":"Executive Patent Schnalle Oxford"},"content":{"rendered":"<p><span>Mit seinem hochgl\u00e4nzenden Finish, der schuppengepr\u00e4gten Textur und der polierten Metallschlie\u00dfe ist dieser Oxford ein echter Hingucker. Die italienisch inspirierte Form trifft auf eine moderne Kante, mit einer schlanken Profilsohle und Pr\u00e4zisionsn\u00e4hten, die den ganzen Tag lang ma\u00dfgeschneiderten Komfort bieten.<br \/><\/span><\/p>\n<ul>\n<li><meta charset='utf-8'> <span>Hochwertiges veganes Leder<\/span><\/li>\n<li>Hochgl\u00e4nzende Oberfl\u00e4che\u00a0<\/li>\n<li><meta charset='utf-8'> <meta charset='utf-8'>Skalengepr\u00e4gte Musterung<\/li>\n<li><meta charset='utf-8'> <meta charset='utf-8'>Polierte Metallspange an der Seite<\/li>\n<li><meta charset='utf-8'> <span>Schlankes Design<\/span><\/li>\n<li><meta charset='utf-8'>Gepolsterte Einlegesohle<\/li>\n<\/ul>","protected":false},"excerpt":{"rendered":"<p>Mit seinem hochgl\u00e4nzenden Finish, der schuppengepr\u00e4gten Textur und der polierten Metallschlie\u00dfe ist dieser Oxford ein echter Hingucker. Die von Italien inspirierte Form trifft auf eine moderne Kante, mit einer schlanken Profilsohle und Pr\u00e4zisionsn\u00e4hten, die den ganzen Tag lang ma\u00dfgeschneiderten Komfort bieten. Hochwertiges veganes Leder Hochgl\u00e4nzendes Finish Schuppengepr\u00e4gtes Muster Polierte Metallschlie\u00dfe Schlankes Design Gepolsterte Innensohle<\/p>","protected":false},"featured_media":4949,"comment_status":"open","ping_status":"closed","template":"","meta":{"_kad_post_transparent":"","_kad_post_title":"","_kad_post_layout":"","_kad_post_sidebar_id":"","_kad_post_content_style":"","_kad_post_vertical_padding":"","_kad_post_feature":"","_kad_post_feature_position":"","_kad_post_header":false,"_kad_post_footer":false},"product_brand":[],"product_cat":[88],"product_tag":[],"class_list":{"0":"post-4432","1":"product","2":"type-product","3":"status-publish","4":"has-post-thumbnail","6":"product_cat-shoes","8":"first","9":"instock","10":"sale","11":"shipping-taxable","12":"purchasable","13":"product-type-variable","14":"entry","15":"content-bg","16":"loop-entry"},"_links":{"self":[{"href":"https:\/\/www.checkout.luxaurabag.com\/de\/wp-json\/wp\/v2\/product\/4432","targetHints":{"allow":["GET"]}}],"collection":[{"href":"https:\/\/www.checkout.luxaurabag.com\/de\/wp-json\/wp\/v2\/product"}],"about":[{"href":"https:\/\/www.checkout.luxaurabag.com\/de\/wp-json\/wp\/v2\/types\/product"}],"replies":[{"embeddable":true,"href":"https:\/\/www.checkout.luxaurabag.com\/de\/wp-json\/wp\/v2\/comments?post=4432"}],"wp:featuredmedia":[{"embeddable":true,"href":"https:\/\/www.checkout.luxaurabag.com\/de\/wp-json\/wp\/v2\/media\/4949"}],"wp:attachment":[{"href":"https:\/\/www.checkout.luxaurabag.com\/de\/wp-json\/wp\/v2\/media?parent=4432"}],"wp:term":[{"taxonomy":"product_brand","embeddable":true,"href":"https:\/\/www.checkout.luxaurabag.com\/de\/wp-json\/wp\/v2\/product_brand?post=4432"},{"taxonomy":"product_cat","embeddable":true,"href":"https:\/\/www.checkout.luxaurabag.com\/de\/wp-json\/wp\/v2\/product_cat?post=4432"},{"taxonomy":"product_tag","embeddable":true,"href":"https:\/\/www.checkout.luxaurabag.com\/de\/wp-json\/wp\/v2\/product_tag?post=4432"}],"curies":[{"name":"wp","href":"https:\/\/api.w.org\/{rel}","templated":true}]}}