{"id":3150,"date":"2025-08-26T15:11:18","date_gmt":"2025-08-26T15:11:18","guid":{"rendered":"https:\/\/zoyaedit.com\/product\/black_leather_tote_bag_sale_unique_653816615\/"},"modified":"2025-08-31T18:05:25","modified_gmt":"2025-08-31T18:05:25","slug":"black_leather_tote_bag_sale_unique_653816615","status":"publish","type":"product","link":"https:\/\/www.checkout.luxaurabag.com\/es\/producto\/black_leather_tote_bag_sale_unique_653816615\/","title":{"rendered":"Bolsa tote de cuero negro VENTA - Bolsa de ordenador de cuero \u00fanico para el trabajo escolar - Bolso shopper de cuero hecho a mano - Bolsa de viaje de cuero con cremallera"},"content":{"rendered":"<p class='wt-text-body-01 wt-break-word' data-product-details-description-text-content=''>            Todas nuestras bolsas se fabrican por encargo. El tiempo de producci\u00f3n es de 3-5 d\u00edas laborables, hasta 7 d\u00edas para pedidos personalizados. <\/p>\n<p>Si desea la bolsa en un color diferente, elija una opci\u00f3n de la siguiente lista  <\/p>\n<p>A\u00f1ada forro a cualquiera de nuestras bolsas<\/p>\n<p>Medidas:<br \/>19\" ancho x 13\" alto(16\" ancho x4\" D base)<br \/>Ca\u00edda de la correa 11<\/p>\n<p>Se trata de un bolso de mano con correas trenzadas de 6 hebras. <br \/>Es un bolso muy elegante y femenino.<br \/>Est\u00e1 hecho con cuero negro de grano completo y viene con una borla.<br \/>Es perfecto para el d\u00eda a d\u00eda o para una ocasi\u00f3n especial. <br \/>Es un bolso con mucho estilo. Es un bolso tote moderno y chic. <br \/>Este bolso es ideal para el trabajo, la escuela, el ocio, las compras, los viajes, etc.<br \/>Est\u00e1 fabricado con cuero mantecoso, grueso y guijarroso. <br \/>Tiene nuestros 2 bolsillos est\u00e1ndar en el interior con uno que se cierra con cremallera.<\/p>\n<p>De cuero:<br \/>El cuero utilizado para este bolso es cuero negro de grano completo. Mide 4,5 onzas de grosor. <\/p>\n<p>***Nuestro cuero de grano completo es el grado m\u00e1s alto de calidad de cuero disponible que embellece con el uso y la edad y durar\u00e1 toda la vida.<\/p>\n<p>         - Todos nuestros bolsos de piel se fabrican a mano en nuestro taller de la secci\u00f3n Old City de Filadelfia, Pensilvania.<br \/>         - \u00a1\u00a1Garant\u00eda de por vida!! Lo arreglaremos\/sustituiremos gratis.\u00a0\u00a0<br \/>- Fabricado con cuero resistente de larga duraci\u00f3n, que durar\u00e1 toda la vida. De origen estadounidense y curtido de cuero de Maine.\u00a0\u00a0<br \/>         - Se aceptan cambios y devoluciones.<br \/>\u25bc Para cualquier adici\u00f3n, cambio de tama\u00f1o, bolsillos y tal por favor haga clic en este listado de abajo<\/p>\n<p>Nuestra piel de plena flor es la de mayor calidad disponible, se embellece con el uso y el paso del tiempo y durar\u00e1 toda la vida.<\/p>\n<p>- Todos nuestros bolsos de cuero est\u00e1n hechos a mano en nuestro taller en la secci\u00f3n de la Ciudad Vieja de Filadelfia, PA<br \/>- Garant\u00eda de por vida Lo arreglaremos\/sustituiremos gratis. <br \/>- Fabricado con cuero de alta resistencia y larga duraci\u00f3n, que durar\u00e1 toda la vida. Piel de origen estadounidense y curtida en Maine.<br \/>- Se aceptan cambios y devoluciones<\/p>\n<p>Si desea alguna modificaci\u00f3n, a\u00f1adido, incluyendo cremallera, broche, borla, bolsillo(s) extra(s), forro, ajustes de tama\u00f1o, etc.<br \/>haga clic aqu\u00ed \ud83d\udc47\ud83c\udffb<\/p>\n<p>\u25bcINSTAGRAM Y FACEBOOK<br \/>Visite nuestra cuenta de Instagram para ver nuestro feed diario de nuevos bolsos, el fabricante, las pieles y el proceso.<br \/>https:\/\/www.instagram.com\/urbanartisanboutique\/<br \/>https:\/\/www.facebook.com\/URBANARTISANBOUTIQUE<\/p>\n<p>&gt;Qui\u00e9nes somos&lt;\n\nTodos nuestros bolsos de cuero son hechos a mano en nuestra tienda de ladrillo y mortero \/ taller en Filadelfia PA. Nuestros bolsos son medidos, cortados, cosidos y cuidadosamente inspeccionados por Victoria, que dise\u00f1a y crea todos nuestros art\u00edculos de cuero.Cada bolso es \u00fanico, llama la atenci\u00f3n con interesantes combinaciones de colores junto con hermosas texturas de cuero y gamuza.<br \/>Tambi\u00e9n estaremos encantados de estudiar pedidos y solicitudes personalizados. <br \/>Somos 100% propiedad y gesti\u00f3n de mujeres. <\/p>\n<p>\u00a1\u00a1Tuvimos la suerte de aparecer en el Philly Voice!!<br \/>https:\/\/www.phillyvoice.com\/an-urban-artisan-from-another-land-is-making-it-work-in-the-big-city-victoria-macbain\/<\/p>\n<p>&gt;Piel &lt;\n\nUtilizamos cuero de grano completo para todos nuestros bolsos de mano, que es el cuero m\u00e1s fuerte y m\u00e1s duradero disponible. Utilizamos cuero real que no ha sido lijado o afeitado y cada pieza tiene una textura \u00fanica e imperfecciones naturales. El cuero de grano completo acondicionar\u00e1 naturalmente con el uso, desarrollando una p\u00e1tina muy buscada y un car\u00e1cter \u00fanico con el tiempo.<br \/>Todos nuestros bolsos de piel se crean en un entorno totalmente libre de mascotas y de humo.Nos esforzamos para que su experiencia sea especial y cumpla todas sus expectativas de calidad.<\/p>\n<p>&gt;Nuestras pol\u00edticas<\n\nPlease read about our shipping details and shop policies before purchasing your goodies in tab above titled &#8216;Shipping &#038; Policies&#8217;. We love our customers and want you to love your shopping experience with us as much as we love you, so please do read our policies and contact us with any questions or concerns you may have.\n\n>Impuestos y aduanas de importaci\u00f3n&lt;\n\n\u2757\ufe0f\u2757\ufe0f\u2757\ufe0fSome *Los pedidos internacionales * estar\u00e1n sujetos a impuestos de importaci\u00f3n locales , que NO est\u00e1n incluidos en el precio de venta. Los compradores son responsables de pagar esos impuestos.  Cada pa\u00eds es diferente, algunos no tienen impuesto de importaci\u00f3n, para el resto -el comprador ser\u00e1 notificado s\u00f3lo una vez que el paquete llegue al pa\u00eds. <br \/>   NO PODEMOS marcar los pedidos internacionales como \"Regalos\" , el valor del contenido se indicar\u00e1 en el exterior de la caja con el formulario de aduanas.        <\/p>","protected":false},"excerpt":{"rendered":"<p>Todas nuestras bolsas se fabrican por encargo. El tiempo de producci\u00f3n es de 3-5 d\u00edas h\u00e1biles, hasta 7 d\u00edas para pedidos personalizados. Si desea que la bolsa en un color diferente, por favor, elija una opci\u00f3n de la lista de abajo A\u00f1adir forro a cualquiera de nuestras bolsas Medidas: 19 \"de ancho x 13\" de alto (16 \"de ancho x4\" D base)...<\/p>","protected":false},"featured_media":3619,"comment_status":"open","ping_status":"closed","template":"","meta":{"_kad_post_transparent":"","_kad_post_title":"","_kad_post_layout":"","_kad_post_sidebar_id":"","_kad_post_content_style":"","_kad_post_vertical_padding":"","_kad_post_feature":"","_kad_post_feature_position":"","_kad_post_header":false,"_kad_post_footer":false},"product_brand":[],"product_cat":[75],"product_tag":[],"class_list":{"0":"post-3150","1":"product","2":"type-product","3":"status-publish","4":"has-post-thumbnail","6":"product_cat-bags","8":"first","9":"instock","10":"shipping-taxable","11":"purchasable","12":"product-type-variable","13":"entry","14":"content-bg","15":"loop-entry"},"_links":{"self":[{"href":"https:\/\/www.checkout.luxaurabag.com\/es\/wp-json\/wp\/v2\/product\/3150","targetHints":{"allow":["GET"]}}],"collection":[{"href":"https:\/\/www.checkout.luxaurabag.com\/es\/wp-json\/wp\/v2\/product"}],"about":[{"href":"https:\/\/www.checkout.luxaurabag.com\/es\/wp-json\/wp\/v2\/types\/product"}],"replies":[{"embeddable":true,"href":"https:\/\/www.checkout.luxaurabag.com\/es\/wp-json\/wp\/v2\/comments?post=3150"}],"wp:featuredmedia":[{"embeddable":true,"href":"https:\/\/www.checkout.luxaurabag.com\/es\/wp-json\/wp\/v2\/media\/3619"}],"wp:attachment":[{"href":"https:\/\/www.checkout.luxaurabag.com\/es\/wp-json\/wp\/v2\/media?parent=3150"}],"wp:term":[{"taxonomy":"product_brand","embeddable":true,"href":"https:\/\/www.checkout.luxaurabag.com\/es\/wp-json\/wp\/v2\/product_brand?post=3150"},{"taxonomy":"product_cat","embeddable":true,"href":"https:\/\/www.checkout.luxaurabag.com\/es\/wp-json\/wp\/v2\/product_cat?post=3150"},{"taxonomy":"product_tag","embeddable":true,"href":"https:\/\/www.checkout.luxaurabag.com\/es\/wp-json\/wp\/v2\/product_tag?post=3150"}],"curies":[{"name":"wp","href":"https:\/\/api.w.org\/{rel}","templated":true}]}}