{"id":3598,"date":"2025-08-26T15:11:44","date_gmt":"2025-08-26T15:11:44","guid":{"rendered":"https:\/\/zoyaedit.com\/product\/extra_large_black_leather_tote_bag_610382636\/"},"modified":"2025-08-31T18:05:56","modified_gmt":"2025-08-31T18:05:56","slug":"extra_large_black_leather_tote_bag_610382636","status":"publish","type":"product","link":"https:\/\/www.checkout.luxaurabag.com\/es\/producto\/extra_large_black_leather_tote_bag_610382636\/","title":{"rendered":"Bolso de piel negro extragrande"},"content":{"rendered":"<p class='wt-text-body-01 wt-break-word' data-product-details-description-text-content=''>            Esta es nuestra bolsa de cuero negro extra grande, la bolsa de ordenador de trabajo y de viaje de gran tama\u00f1o hecha a mano en nuestra tienda de Filadelfia, PA, EE.UU. <\/p>\n<p>Todas nuestras bolsas se fabrican por encargo. El tiempo de producci\u00f3n es de 3-5 d\u00edas laborables, hasta 7 d\u00edas para pedidos personalizados. <\/p>\n<p>A\u00f1ada forro a cualquiera de nuestras bolsas<\/p>\n<p>\u2757\ufe0fMeasurements: \u2757\ufe0f<br \/>24\" ancho (apertura superior) x 15\" alto<br \/>Base de 19\" de ancho x 5'de fondo<br \/>Ca\u00edda de la correa 11\u2032<\/p>\n<p>Peso 3 lbs <\/p>\n<p> FUNCIONALIDAD:<br \/>\t- Esta bolsa es espaciosa y elegante, ideal para tus escapadas de fin de semana, perfecta para el trabajo y la escuela, puede contener tu ordenador, libros, archivos, muda de ropa y tus objetos esenciales diarios. <br \/>        - Tirantes largos de piel para llevar f\u00e1cilmente por encima de las capas en cualquier \u00e9poca del a\u00f1o. <br \/>\t- Dos bolsillos interiores, uno con cremallera 10x 9\", bolsillo peque\u00f1o para m\u00f3vil 7\u00d75\" , son s\u00faper pr\u00e1cticos para guardar las llaves, el brillo de labios, el iPhone, las gafas, etc.<br \/>        - Ideal para cualquier tiempo, llueva o nieve. Aguanta cualquier paliza y s\u00f3lo mejora con el tiempo.<\/p>\n<p>Nuestra piel de plena flor es la de mayor calidad disponible, se embellece con el uso y el paso del tiempo y durar\u00e1 toda la vida.<\/p>\n<p>- Todos nuestros bolsos de cuero est\u00e1n hechos a mano en nuestro taller en la secci\u00f3n de la Ciudad Vieja de Filadelfia, PA<br \/>- Garant\u00eda de por vida Lo arreglaremos\/sustituiremos gratis.  <br \/>- Fabricado con cuero de alta resistencia y larga duraci\u00f3n, que durar\u00e1 toda la vida. Piel de origen estadounidense y curtida en Maine.<br \/>- Se aceptan cambios y devoluciones de bolsas no personalizadas<\/p>\n<p>Si desea alguna modificaci\u00f3n, a\u00f1adido, incluyendo cremallera, broche, borla, bolsillo(s) extra(s), forro, ajustes de tama\u00f1o, etc.<br \/>haga clic aqu\u00ed \ud83d\udc47\ud83c\udffb<\/p>\n<p>\u25bcINSTAGRAM Y FACEBOOK<br \/>Visite nuestra cuenta de Instagram para ver nuestro feed diario de nuevos bolsos, el fabricante, las pieles y el proceso.<br \/>https:\/\/www.instagram.com\/urbanartisanboutique\/<br \/>https:\/\/www.facebook.com\/URBANARTISANBOUTIQUE<\/p>\n<p>&gt;Qui\u00e9nes somos&lt;\n\nTodos nuestros bolsos de cuero son hechos a mano en nuestra tienda de ladrillo y mortero \/ taller en Filadelfia PA. Nuestros bolsos son medidos, cortados, cosidos y cuidadosamente inspeccionados por Victoria, que dise\u00f1a y crea todos nuestros art\u00edculos de cuero.Cada bolso es \u00fanico, llama la atenci\u00f3n con interesantes combinaciones de colores junto con hermosas texturas de cuero y gamuza.<br \/>Tambi\u00e9n estaremos encantados de estudiar pedidos y solicitudes personalizados. <br \/>Somos 100% propiedad y gesti\u00f3n de mujeres. <\/p>\n<p>\u00a1\u00a1Tuvimos la suerte de aparecer en el Philly Voice!!<br \/>https:\/\/www.phillyvoice.com\/an-urban-artisan-from-another-land-is-making-it-work-in-the-big-city-victoria-macbain\/<\/p>\n<p>&gt;Piel &lt;\n\nUtilizamos cuero de grano completo para todos nuestros bolsos de mano, que es el cuero m\u00e1s fuerte y m\u00e1s durable disponible. El cuero est\u00e1 curtido al cromo. Utilizamos cuero real que no ha sido lijado o afeitado y cada pieza tiene una textura \u00fanica e imperfecciones naturales. El cuero de grano completo se acondiciona naturalmente con el uso, desarrollando una p\u00e1tina muy buscada y un car\u00e1cter \u00fanico con el tiempo.<br \/>Para algunas de nuestras bolsas utilizamos cuero engrasado, que es la mejor opci\u00f3n para un uso intenso y extremo. Es robusto, flexible y resistente al agua, y requiere un mantenimiento m\u00ednimo, pero est\u00e1 muy saturado de aceites y ceras naturales que a veces pueden transferirse a la ropa. <br \/>Todos nuestros bolsos de piel se crean en un entorno totalmente libre de mascotas y de humo.Nos esforzamos para que su experiencia sea especial y cumpla todas sus expectativas de calidad.<\/p>\n<p>&gt;Nuestras pol\u00edticas<\n\nPlease read about our shipping details and shop policies before purchasing your goodies in tab above titled &#8216;Shipping &#038; Policies&#8217;. We love our customers and want you to love your shopping experience with us as much as we love you, so please do read our policies and contact us with any questions or concerns you may have.\n\n>Impuestos y aduanas de importaci\u00f3n&lt;\n\n****Algunos pa\u00edses imponen impuestos de importaci\u00f3n a los productos fabricados en EE.UU., que NO est\u00e1n incluidos en nuestros precios. Los compradores internacionales son responsables de cualquier aduana e impuestos que puedan aplicarse. Pueden producirse retrasos debido a las aduanas. Por favor, deje un n\u00famero de tel\u00e9fono al comprar en nuestra tienda, podr\u00eda acelerar el tiempo de tr\u00e1nsito.***        <\/p>","protected":false},"excerpt":{"rendered":"<p>Esta es nuestra bolsa de cuero negro extra grande, el trabajo de gran tama\u00f1o y bolsa de ordenador de viaje hecho a mano en nuestra tienda en Filadelfia, PA, EE.UU. Todas nuestras bolsas se hacen a la orden. El tiempo de producci\u00f3n es de 3-5 d\u00edas h\u00e1biles, hasta 7 d\u00edas para pedidos personalizados. A\u00f1adir forro a cualquiera de nuestras bolsas \u2757\ufe0fMeasurements: \u2757\ufe0f24\" W(apertura superior )...<\/p>","protected":false},"featured_media":3755,"comment_status":"open","ping_status":"closed","template":"","meta":{"_kad_post_transparent":"","_kad_post_title":"","_kad_post_layout":"","_kad_post_sidebar_id":"","_kad_post_content_style":"","_kad_post_vertical_padding":"","_kad_post_feature":"","_kad_post_feature_position":"","_kad_post_header":false,"_kad_post_footer":false},"product_brand":[],"product_cat":[75],"product_tag":[],"class_list":{"0":"post-3598","1":"product","2":"type-product","3":"status-publish","4":"has-post-thumbnail","6":"product_cat-bags","8":"first","9":"instock","10":"shipping-taxable","11":"purchasable","12":"product-type-variable","13":"entry","14":"content-bg","15":"loop-entry"},"_links":{"self":[{"href":"https:\/\/www.checkout.luxaurabag.com\/es\/wp-json\/wp\/v2\/product\/3598","targetHints":{"allow":["GET"]}}],"collection":[{"href":"https:\/\/www.checkout.luxaurabag.com\/es\/wp-json\/wp\/v2\/product"}],"about":[{"href":"https:\/\/www.checkout.luxaurabag.com\/es\/wp-json\/wp\/v2\/types\/product"}],"replies":[{"embeddable":true,"href":"https:\/\/www.checkout.luxaurabag.com\/es\/wp-json\/wp\/v2\/comments?post=3598"}],"wp:featuredmedia":[{"embeddable":true,"href":"https:\/\/www.checkout.luxaurabag.com\/es\/wp-json\/wp\/v2\/media\/3755"}],"wp:attachment":[{"href":"https:\/\/www.checkout.luxaurabag.com\/es\/wp-json\/wp\/v2\/media?parent=3598"}],"wp:term":[{"taxonomy":"product_brand","embeddable":true,"href":"https:\/\/www.checkout.luxaurabag.com\/es\/wp-json\/wp\/v2\/product_brand?post=3598"},{"taxonomy":"product_cat","embeddable":true,"href":"https:\/\/www.checkout.luxaurabag.com\/es\/wp-json\/wp\/v2\/product_cat?post=3598"},{"taxonomy":"product_tag","embeddable":true,"href":"https:\/\/www.checkout.luxaurabag.com\/es\/wp-json\/wp\/v2\/product_tag?post=3598"}],"curies":[{"name":"wp","href":"https:\/\/api.w.org\/{rel}","templated":true}]}}