{"id":3864,"date":"2025-08-26T16:19:41","date_gmt":"2025-08-26T16:19:41","guid":{"rendered":"https:\/\/zoyaedit.com\/product\/atlas-handcrafted-leather-boot-copy\/"},"modified":"2025-08-31T18:06:02","modified_gmt":"2025-08-31T18:06:02","slug":"atlas-handcrafted-leather-boot-copy","status":"publish","type":"product","link":"https:\/\/www.checkout.luxaurabag.com\/es\/producto\/atlas-handcrafted-leather-boot-copy\/","title":{"rendered":"Mocas\u00edn barroco con borla"},"content":{"rendered":"<p>Dise\u00f1ados para el caballero exigente, estos mocasines de piel de plena flor combinan la artesan\u00eda vintage con el estilo moderno. Con su elegante detalle de borla, su acabado bru\u00f1ido a mano y su incomparable comodidad, estos mocasines realzan cualquier atuendo al instante. <meta charset='utf-8'>La puntera cuadrada y el intrincado dise\u00f1o de m\u00faltiples costuras ofrecen un refinado equilibrio de sofisticaci\u00f3n moderna y artesan\u00eda atemporal. Perfectos para salas de juntas o salidas nocturnas, irradian confianza, clase y encanto sin esfuerzo.<\/p>\n<ul>\n<li>Piel de plena flor de primera calidad pulida a mano<\/li>\n<li>Puntera cuadrada y detalles de borlas<\/li>\n<li>Construcci\u00f3n reforzada con m\u00faltiples costuras<\/li>\n<li>Plantilla acolchada<\/li>\n<li>Suela antideslizante<\/li>\n<\/ul>","protected":false},"excerpt":{"rendered":"<p>Dise\u00f1ados para el caballero exigente, estos mocasines de piel de plena flor combinan la artesan\u00eda vintage con el estilo moderno. Con su elegante detalle de borla, su acabado bru\u00f1ido a mano y su incomparable comodidad, estos mocasines realzan cualquier atuendo al instante. La puntera cuadrada y el intrincado dise\u00f1o de costuras m\u00faltiples ofrecen un refinado equilibrio de sofisticaci\u00f3n moderna y artesan\u00eda atemporal. Perfectos para salas de juntas o salidas nocturnas,...<\/p>","protected":false},"featured_media":4714,"comment_status":"open","ping_status":"closed","template":"","meta":{"_kad_post_transparent":"","_kad_post_title":"","_kad_post_layout":"","_kad_post_sidebar_id":"","_kad_post_content_style":"","_kad_post_vertical_padding":"","_kad_post_feature":"","_kad_post_feature_position":"","_kad_post_header":false,"_kad_post_footer":false},"product_brand":[],"product_cat":[88],"product_tag":[],"class_list":{"0":"post-3864","1":"product","2":"type-product","3":"status-publish","4":"has-post-thumbnail","6":"product_cat-shoes","8":"first","9":"instock","10":"sale","11":"shipping-taxable","12":"purchasable","13":"product-type-variable","14":"entry","15":"content-bg","16":"loop-entry"},"_links":{"self":[{"href":"https:\/\/www.checkout.luxaurabag.com\/es\/wp-json\/wp\/v2\/product\/3864","targetHints":{"allow":["GET"]}}],"collection":[{"href":"https:\/\/www.checkout.luxaurabag.com\/es\/wp-json\/wp\/v2\/product"}],"about":[{"href":"https:\/\/www.checkout.luxaurabag.com\/es\/wp-json\/wp\/v2\/types\/product"}],"replies":[{"embeddable":true,"href":"https:\/\/www.checkout.luxaurabag.com\/es\/wp-json\/wp\/v2\/comments?post=3864"}],"wp:featuredmedia":[{"embeddable":true,"href":"https:\/\/www.checkout.luxaurabag.com\/es\/wp-json\/wp\/v2\/media\/4714"}],"wp:attachment":[{"href":"https:\/\/www.checkout.luxaurabag.com\/es\/wp-json\/wp\/v2\/media?parent=3864"}],"wp:term":[{"taxonomy":"product_brand","embeddable":true,"href":"https:\/\/www.checkout.luxaurabag.com\/es\/wp-json\/wp\/v2\/product_brand?post=3864"},{"taxonomy":"product_cat","embeddable":true,"href":"https:\/\/www.checkout.luxaurabag.com\/es\/wp-json\/wp\/v2\/product_cat?post=3864"},{"taxonomy":"product_tag","embeddable":true,"href":"https:\/\/www.checkout.luxaurabag.com\/es\/wp-json\/wp\/v2\/product_tag?post=3864"}],"curies":[{"name":"wp","href":"https:\/\/api.w.org\/{rel}","templated":true}]}}