{"id":3889,"date":"2025-08-26T16:19:42","date_gmt":"2025-08-26T16:19:42","guid":{"rendered":"https:\/\/zoyaedit.com\/product\/mens-leather-boots\/"},"modified":"2025-08-31T18:06:04","modified_gmt":"2025-08-31T18:06:04","slug":"mens-leather-boots","status":"publish","type":"product","link":"https:\/\/www.checkout.luxaurabag.com\/es\/producto\/mens-leather-boots\/","title":{"rendered":"Bota Chelsea Belfort"},"content":{"rendered":"<p data-end='481' data-start='172'><meta charset='utf-8'>Estos botines Chelsea, confeccionados en una elegante y pulida piel de plena flor, cuentan con<meta charset='utf-8'> una est\u00e9tica refinada y a medida. La correa de hebilla esculpida y la cremallera lateral elevan al instante cualquier atuendo, mientras que los contornos cosidos con precisi\u00f3n crean una silueta afilada y aerodin\u00e1mica. Complementadas con una suela de goma reforzada para una mayor comodidad y durabilidad durante todo el d\u00eda, estas botas te dan una ventaja instant\u00e1nea: pulidas, seguras y listas para ganar.<span><\/span><\/p>\n<ul>\n<li data-end='934' data-start='866'><meta charset='utf-8'>Elegante piel pulida<\/li>\n<li data-end='934' data-start='866'>Hebilla ajustable\u00a0<meta charset='utf-8'><\/li>\n<li data-end='1004' data-start='935'><meta charset='utf-8'> <meta charset='utf-8'>Cierre de cremallera lateral sin costuras<\/li>\n<li data-end='1077' data-start='1005'>Suela de goma resistente\u00a0<\/li>\n<li data-end='1077' data-start='1005'><meta charset='utf-8'>Forro de piel transpirable<\/li>\n<\/ul>","protected":false},"excerpt":{"rendered":"<p>Estos botines Chelsea, confeccionados en piel de plena flor pulida y elegante, presentan una est\u00e9tica refinada y entallada. La correa con hebilla esculpida y la cremallera lateral realzan al instante cualquier atuendo, mientras que los contornos cosidos con precisi\u00f3n crean una silueta afilada y aerodin\u00e1mica. Complementadas con una suela de goma reforzada para una mayor comodidad y durabilidad durante todo el d\u00eda, estas botas te dan un toque...<\/p>","protected":false},"featured_media":4730,"comment_status":"open","ping_status":"closed","template":"","meta":{"_kad_post_transparent":"","_kad_post_title":"","_kad_post_layout":"","_kad_post_sidebar_id":"","_kad_post_content_style":"","_kad_post_vertical_padding":"","_kad_post_feature":"","_kad_post_feature_position":"","_kad_post_header":false,"_kad_post_footer":false},"product_brand":[],"product_cat":[88],"product_tag":[],"class_list":{"0":"post-3889","1":"product","2":"type-product","3":"status-publish","4":"has-post-thumbnail","6":"product_cat-shoes","8":"first","9":"instock","10":"shipping-taxable","11":"purchasable","12":"product-type-variable","13":"entry","14":"content-bg","15":"loop-entry"},"_links":{"self":[{"href":"https:\/\/www.checkout.luxaurabag.com\/es\/wp-json\/wp\/v2\/product\/3889","targetHints":{"allow":["GET"]}}],"collection":[{"href":"https:\/\/www.checkout.luxaurabag.com\/es\/wp-json\/wp\/v2\/product"}],"about":[{"href":"https:\/\/www.checkout.luxaurabag.com\/es\/wp-json\/wp\/v2\/types\/product"}],"replies":[{"embeddable":true,"href":"https:\/\/www.checkout.luxaurabag.com\/es\/wp-json\/wp\/v2\/comments?post=3889"}],"wp:featuredmedia":[{"embeddable":true,"href":"https:\/\/www.checkout.luxaurabag.com\/es\/wp-json\/wp\/v2\/media\/4730"}],"wp:attachment":[{"href":"https:\/\/www.checkout.luxaurabag.com\/es\/wp-json\/wp\/v2\/media?parent=3889"}],"wp:term":[{"taxonomy":"product_brand","embeddable":true,"href":"https:\/\/www.checkout.luxaurabag.com\/es\/wp-json\/wp\/v2\/product_brand?post=3889"},{"taxonomy":"product_cat","embeddable":true,"href":"https:\/\/www.checkout.luxaurabag.com\/es\/wp-json\/wp\/v2\/product_cat?post=3889"},{"taxonomy":"product_tag","embeddable":true,"href":"https:\/\/www.checkout.luxaurabag.com\/es\/wp-json\/wp\/v2\/product_tag?post=3889"}],"curies":[{"name":"wp","href":"https:\/\/api.w.org\/{rel}","templated":true}]}}