{"id":3153,"date":"2025-08-26T15:11:18","date_gmt":"2025-08-26T15:11:18","guid":{"rendered":"https:\/\/zoyaedit.com\/product\/extra_large_brown_leather_bag_19wx_886468681\/"},"modified":"2025-08-31T18:05:25","modified_gmt":"2025-08-31T18:05:25","slug":"extra_large_brown_leather_bag_19wx_886468681","status":"publish","type":"product","link":"https:\/\/www.checkout.luxaurabag.com\/es_es\/producto\/extra_large_brown_leather_bag_19wx_886468681\/","title":{"rendered":"Bolsa extragrande de piel marr\u00f3n 19 \"Wx 15 \"Hx5 \"D Bolsa sobredimensionada para ordenador de trabajo y viaje"},"content":{"rendered":"<p class='wt-text-body-01 wt-break-word' data-product-details-description-text-content=''>            Todas nuestras bolsas se fabrican por encargo. El tiempo de producci\u00f3n es de 3-5 d\u00edas laborables, hasta 7 d\u00edas para pedidos personalizados. <\/p>\n<p>Si desea la bolsa en un color diferente, elija una opci\u00f3n de la siguiente lista  <\/p>\n<p>A\u00f1ada forro a cualquiera de nuestras bolsas<\/p>\n<p>Bolso de mano XL con bolsillo delantero. Asas largas y cortas de piel marr\u00f3n vintage. <br \/>Medidas: <br \/>24\" de ancho (parte superior) x 15\" de alto , 5\u2032 de profundidad<br \/>19\" de ancho (abajo)<br \/>Correa larga ca\u00edda 11\" asas cortas 5\" ca\u00edda <br \/>Cuerpo y correas de cuero marr\u00f3n de 2,2 mm de grosor <\/p>\n<p>La parte superior de la bolsa tiene un cierre de cremallera Opci\u00f3n para mantener tus cosas importantes a salvo.\u00a0<br \/>Dos pr\u00e1cticos bolsillos interiores, uno de ellos con cierre de cremallera.<br \/>La bolsa puede sostener f\u00e1cilmente su ordenador port\u00e1til junto con otros objetos pesados.<\/p>\n<p>***Nuestro cuero de grano completo es el grado m\u00e1s alto de calidad de cuero disponible que embellece con el uso y la edad y durar\u00e1 toda la vida.<\/p>\n<p>        - Todos nuestros bolsos de piel se fabrican a mano en nuestro taller de la secci\u00f3n Old City de Filadelfia, Pensilvania.        <br \/>        - Garant\u00eda de por vida Lo arreglaremos\/sustituiremos gratis.   <br \/>\t- Fabricado con cuero resistente de larga duraci\u00f3n que durar\u00e1 toda la vida. Piel de origen estadounidense y curtida en Maine. <br \/>        - Se aceptan cambios y devoluciones. <\/p>\n<p>FUNCIONALIDAD:<br \/>\t- Las largas correas de cuero se pueden llevar f\u00e1cilmente sobre las capas de invierno.\u00a0<br \/>\t- Los dos bolsillos interiores, uno de ellos con cremallera, son muy pr\u00e1cticos para guardar las llaves, el brillo de labios, el iPhone, las gafas, etc.<br \/>        - Ideal para cualquier tiempo, llueva o nieve. Soporta cualquier paliza y no hace m\u00e1s que mejorar con el tiempo.<br \/>        - Perfecto para el uso diario, el trabajo, la escuela y los viajes.<\/p>\n<p>Si desea alguna modificaci\u00f3n, a\u00f1adido, incluyendo cremallera, broche, borla, bolsillo(s) extra(s) y ajustes de tama\u00f1o, haga clic aqu\u00ed \ud83d\udc47\ud83c\udffb<\/p>\n<p>&gt;Qui\u00e9nes somos&lt;\n\nTodos nuestros bolsos de cuero son hechos a mano en nuestra tienda de ladrillo y mortero \/ tienda de trabajo en Filadelfia PA. <br \/>Nuestros bolsos son medidos, cortados, cosidos y cuidadosamente inspeccionados por Victoria, que dise\u00f1a y crea todos nuestros art\u00edculos de piel.<br \/>Cada bolso es \u00fanico, llama la atenci\u00f3n con interesantes combinaciones de colores junto con bellas texturas de cuero y ante. <br \/>Tambi\u00e9n estamos muy contentos de discutir los pedidos personalizados y peticiones personalizadas. Somos 100% mujeres de propiedad y operaci\u00f3n.<\/p>\n<p>&gt;Proveedor de cuero&lt;\n\nNuestro cuero es de origen estadounidense y curtido en Maine y es proporcionado por Tasman Leather Industries, un nombre familiar americano cuando se trata de proveedores de cuero de Estados Unidos que tiene m\u00e1s de 70 a\u00f1os de experiencia y conocimientos.\n\nTodos nuestros bolsos de cuero se crean en un ambiente totalmente libre de mascotas, y libre de humo.<br \/>Nos esforzamos por hacer de su experiencia algo especial y satisfacer todas sus expectativas de calidad.<\/p>\n<p>&gt;Impuestos y aduanas de importaci\u00f3n&lt;\n\n****Los compradores internacionales son responsables de cualquier aduana e impuestos de importaci\u00f3n que puedan aplicarse. No somos responsables de los retrasos debidos a las aduanas.        <\/p>","protected":false},"excerpt":{"rendered":"<p>Todas nuestras bolsas se fabrican por encargo. El tiempo de producci\u00f3n es de 3-5 d\u00edas laborables, hasta 7 d\u00edas para pedidos personalizados. Si desea la bolsa en un color diferente, por favor elija una opci\u00f3n de la lista de abajo A\u00f1adir forro a cualquiera de nuestras bolsas XL carryall con bolsillo delantero. Asas largas y cortas hechas con...<\/p>","protected":false},"featured_media":3628,"comment_status":"open","ping_status":"closed","template":"","meta":{"_kad_post_transparent":"","_kad_post_title":"","_kad_post_layout":"","_kad_post_sidebar_id":"","_kad_post_content_style":"","_kad_post_vertical_padding":"","_kad_post_feature":"","_kad_post_feature_position":"","_kad_post_header":false,"_kad_post_footer":false},"product_brand":[],"product_cat":[75],"product_tag":[],"class_list":{"0":"post-3153","1":"product","2":"type-product","3":"status-publish","4":"has-post-thumbnail","6":"product_cat-bags","8":"first","9":"instock","10":"shipping-taxable","11":"purchasable","12":"product-type-variable","13":"entry","14":"content-bg","15":"loop-entry"},"_links":{"self":[{"href":"https:\/\/www.checkout.luxaurabag.com\/es_es\/wp-json\/wp\/v2\/product\/3153","targetHints":{"allow":["GET"]}}],"collection":[{"href":"https:\/\/www.checkout.luxaurabag.com\/es_es\/wp-json\/wp\/v2\/product"}],"about":[{"href":"https:\/\/www.checkout.luxaurabag.com\/es_es\/wp-json\/wp\/v2\/types\/product"}],"replies":[{"embeddable":true,"href":"https:\/\/www.checkout.luxaurabag.com\/es_es\/wp-json\/wp\/v2\/comments?post=3153"}],"wp:featuredmedia":[{"embeddable":true,"href":"https:\/\/www.checkout.luxaurabag.com\/es_es\/wp-json\/wp\/v2\/media\/3628"}],"wp:attachment":[{"href":"https:\/\/www.checkout.luxaurabag.com\/es_es\/wp-json\/wp\/v2\/media?parent=3153"}],"wp:term":[{"taxonomy":"product_brand","embeddable":true,"href":"https:\/\/www.checkout.luxaurabag.com\/es_es\/wp-json\/wp\/v2\/product_brand?post=3153"},{"taxonomy":"product_cat","embeddable":true,"href":"https:\/\/www.checkout.luxaurabag.com\/es_es\/wp-json\/wp\/v2\/product_cat?post=3153"},{"taxonomy":"product_tag","embeddable":true,"href":"https:\/\/www.checkout.luxaurabag.com\/es_es\/wp-json\/wp\/v2\/product_tag?post=3153"}],"curies":[{"name":"wp","href":"https:\/\/api.w.org\/{rel}","templated":true}]}}