{"id":3169,"date":"2025-08-26T15:11:18","date_gmt":"2025-08-26T15:11:18","guid":{"rendered":"https:\/\/zoyaedit.com\/product\/handmade_black_leather_tote_bag_large_1633465333\/"},"modified":"2025-08-31T18:05:27","modified_gmt":"2025-08-31T18:05:27","slug":"handmade_black_leather_tote_bag_large_1633465333","status":"publish","type":"product","link":"https:\/\/www.checkout.luxaurabag.com\/es_es\/producto\/handmade_black_leather_tote_bag_large_1633465333\/","title":{"rendered":"Bolso Tote de cuero negro hecho a mano - Dise\u00f1o de bolso de hombro grande y suave"},"content":{"rendered":"<p class='wt-text-body-01 wt-break-word' data-product-details-description-text-content=''>            Un bolso tote negro es la combinaci\u00f3n perfecta de estilo y funcionalidad. Este espacioso bolso tote de piel est\u00e1 confeccionado en suave piel de primera calidad y se ha dise\u00f1ado para la mujer moderna que aprecia la elegancia y la comodidad.<\/p>\n<p>Las dos c\u00f3modas asas facilitan su transporte. Su dise\u00f1o minimalista garantiza versatilidad, por lo que este bolso tote es perfecto para cualquier atuendo, tanto si llevas un conjunto elegante como unos vaqueros informales, al trabajo o de viaje.<\/p>\n<p>El pr\u00e1ctico cierre de cremallera de la bolsa tote mantendr\u00e1 tus pertenencias a salvo y seguras. En el interior, el forro de poli\u00e9ster ligero te garantizar\u00e1 un cuidado f\u00e1cil, y tambi\u00e9n encontrar\u00e1s dos bolsillos para guardar tus objetos peque\u00f1os.<\/p>\n<p>Lo que hace que este bolso de mano destaque es que es transformable. Ajusta su tama\u00f1o sin esfuerzo y transf\u00f3rmalo en un bolso m\u00e1s peque\u00f1o si es necesario. Esta adaptabilidad a\u00f1ade versatilidad a tu vestuario y facilita el cambio de estilo.<\/p>\n<p>Experimente una sensaci\u00f3n de libertad y ligereza cuando lleve esta bolsa, dise\u00f1ada para complementar su din\u00e1mico estilo de vida. <\/p>\n<p>Mejore su juego de moda con un bolso que encarna la sencillez, la sofisticaci\u00f3n y la alegr\u00eda de la elegancia sin esfuerzo.<\/p>\n<p>Medidas:<\/p>\n<p>Largo 48 cm<br \/>Anchura 21 cm<br \/>Altura 35 cm<\/p>\n<p>Caracter\u00edsticas:<\/p>\n<p>\ud83c\udf1f Piel aut\u00e9ntica Dollaro: Este bolso est\u00e1 fabricado en piel aut\u00e9ntica Dollaro de alta calidad, conocida por su durabilidad y su acabado texturizado \u00fanico. Las caracter\u00edsticas naturales de la piel confieren a cada bolso un aspecto distintivo, convirti\u00e9ndolo en una elecci\u00f3n elegante y pr\u00e1ctica.<\/p>\n<p> \ud83d\udc5c Interior de 1 compartimento<br \/>El compartimento principal ofrece un amplio espacio para tus objetos esenciales, garantizando que te mantengas organizado sobre la marcha.<\/p>\n<p>\ud83d\udd12 Mini bolsillo con cremallera<br \/>Perfecto para sujetar objetos peque\u00f1os, manteni\u00e9ndolos seguros y f\u00e1ciles de encontrar.<\/p>\n<p>\ud83d\udcf1 Bolsillo para tel\u00e9fono o tarjeta de identificaci\u00f3n<br \/>Un bolsillo espec\u00edfico para el tel\u00e9fono o el carn\u00e9 de identidad que permite acceder c\u00f3modamente a los objetos m\u00e1s importantes.<\/p>\n<p>\ud83c\udf92 Bolsillo trasero con cremallera<br \/>Un bolsillo adicional con cremallera en la parte trasera ofrece almacenamiento adicional y seguridad para los objetos que quieras tener cerca.<\/p>\n<p>\ud83e\uddf5 Forro de poli\u00e9ster<br \/>El interior est\u00e1 forrado de poli\u00e9ster resistente, que protege sus pertenencias y a\u00f1ade un acabado pulido.<\/p>\n<p>\ud83d\udc8e Accesorios de plata<br \/>Los elegantes accesorios plateados a\u00f1aden un toque de sofisticaci\u00f3n y complementan a la perfecci\u00f3n el dise\u00f1o del bolso.<\/p>\n<p>\ud83d\udc50 Artesan\u00eda hecha a mano<br \/>Esta mochila est\u00e1 meticulosamente hecha a mano, lo que garantiza que cada pieza sea \u00fanica y se elabore con esmero.<\/p>\n<p>Notas: El color puede cambiar debido a la configuraci\u00f3n y calibraci\u00f3n de su monitor. Todos los productos est\u00e1n hechos a mano, por lo tanto, puede haber peque\u00f1as desviaciones dimensionales y otras inexactitudes.        <\/p>","protected":false},"excerpt":{"rendered":"<p>Un bolso tote negro es la combinaci\u00f3n perfecta de estilo y funcionalidad. Este espacioso bolso tote de piel est\u00e1 confeccionado en suave piel de primera calidad y se ha dise\u00f1ado para la mujer moderna que aprecia la elegancia y la comodidad. Las dos c\u00f3modas asas facilitan su transporte. Su dise\u00f1o minimalista garantiza versatilidad, por lo que este bolso tote es perfecto para cualquier atuendo,...<\/p>","protected":false},"featured_media":3648,"comment_status":"open","ping_status":"closed","template":"","meta":{"_kad_post_transparent":"","_kad_post_title":"","_kad_post_layout":"","_kad_post_sidebar_id":"","_kad_post_content_style":"","_kad_post_vertical_padding":"","_kad_post_feature":"","_kad_post_feature_position":"","_kad_post_header":false,"_kad_post_footer":false},"product_brand":[],"product_cat":[75],"product_tag":[],"class_list":{"0":"post-3169","1":"product","2":"type-product","3":"status-publish","4":"has-post-thumbnail","6":"product_cat-bags","8":"first","9":"instock","10":"shipping-taxable","11":"purchasable","12":"product-type-variable","13":"entry","14":"content-bg","15":"loop-entry"},"_links":{"self":[{"href":"https:\/\/www.checkout.luxaurabag.com\/es_es\/wp-json\/wp\/v2\/product\/3169","targetHints":{"allow":["GET"]}}],"collection":[{"href":"https:\/\/www.checkout.luxaurabag.com\/es_es\/wp-json\/wp\/v2\/product"}],"about":[{"href":"https:\/\/www.checkout.luxaurabag.com\/es_es\/wp-json\/wp\/v2\/types\/product"}],"replies":[{"embeddable":true,"href":"https:\/\/www.checkout.luxaurabag.com\/es_es\/wp-json\/wp\/v2\/comments?post=3169"}],"wp:featuredmedia":[{"embeddable":true,"href":"https:\/\/www.checkout.luxaurabag.com\/es_es\/wp-json\/wp\/v2\/media\/3648"}],"wp:attachment":[{"href":"https:\/\/www.checkout.luxaurabag.com\/es_es\/wp-json\/wp\/v2\/media?parent=3169"}],"wp:term":[{"taxonomy":"product_brand","embeddable":true,"href":"https:\/\/www.checkout.luxaurabag.com\/es_es\/wp-json\/wp\/v2\/product_brand?post=3169"},{"taxonomy":"product_cat","embeddable":true,"href":"https:\/\/www.checkout.luxaurabag.com\/es_es\/wp-json\/wp\/v2\/product_cat?post=3169"},{"taxonomy":"product_tag","embeddable":true,"href":"https:\/\/www.checkout.luxaurabag.com\/es_es\/wp-json\/wp\/v2\/product_tag?post=3169"}],"curies":[{"name":"wp","href":"https:\/\/api.w.org\/{rel}","templated":true}]}}