{"id":3778,"date":"2025-08-26T16:19:38","date_gmt":"2025-08-26T16:19:38","guid":{"rendered":"https:\/\/zoyaedit.com\/product\/shoes-6\/"},"modified":"2025-08-31T18:05:58","modified_gmt":"2025-08-31T18:05:58","slug":"shoes-6","status":"publish","type":"product","link":"https:\/\/www.checkout.luxaurabag.com\/es_es\/producto\/shoes-6\/","title":{"rendered":"Zapatilla Aero Mesh"},"content":{"rendered":"<p><meta charset='utf-8'><span>Ad\u00e9ntrate en el futuro del calzado con unas zapatillas sorprendentemente transpirables y suaves como una nube, dise\u00f1adas para ofrecer una comodidad ininterrumpida y un movimiento aerodin\u00e1mico. El dise\u00f1o de malla ligera como una pluma absorbe el sudor, combate el olor y te mantiene fresco e ingr\u00e1vido todo el d\u00eda.<\/span><\/p>\n<ul>\n<li><span><meta charset='utf-8'>Dise\u00f1o de malla hipertranspirable<\/span><\/li>\n<li><meta charset='utf-8'>Ultraligero y transpirable<\/li>\n<li><meta charset='utf-8'>Amortiguaci\u00f3n tipo nube<\/li>\n<li><meta charset='utf-8'>Transpirable y antiolor<\/li>\n<li><meta charset='utf-8'><meta charset='utf-8'>Suela aerodin\u00e1mica flexible<meta charset='utf-8'><\/li>\n<\/ul>","protected":false},"excerpt":{"rendered":"<p>Ad\u00e9ntrate en el futuro del calzado con unas zapatillas sorprendentemente transpirables y suaves como una nube, dise\u00f1adas para ofrecer una comodidad ininterrumpida y un movimiento aerodin\u00e1mico. El dise\u00f1o de malla ligera como una pluma absorbe el sudor, combate el olor y te mantiene fresco e ingr\u00e1vido todo el d\u00eda. Dise\u00f1o de malla hipertranspirable Ultraligera y transpirable Amortiguaci\u00f3n tipo nube Absorbe el sudor y combate el olor Suela aerodin\u00e1mica flexible<\/p>","protected":false},"featured_media":4661,"comment_status":"open","ping_status":"closed","template":"","meta":{"_kad_post_transparent":"","_kad_post_title":"","_kad_post_layout":"","_kad_post_sidebar_id":"","_kad_post_content_style":"","_kad_post_vertical_padding":"","_kad_post_feature":"","_kad_post_feature_position":"","_kad_post_header":false,"_kad_post_footer":false},"product_brand":[],"product_cat":[88],"product_tag":[],"class_list":{"0":"post-3778","1":"product","2":"type-product","3":"status-publish","4":"has-post-thumbnail","6":"product_cat-shoes","8":"first","9":"instock","10":"sale","11":"shipping-taxable","12":"purchasable","13":"product-type-variable","14":"entry","15":"content-bg","16":"loop-entry"},"_links":{"self":[{"href":"https:\/\/www.checkout.luxaurabag.com\/es_es\/wp-json\/wp\/v2\/product\/3778","targetHints":{"allow":["GET"]}}],"collection":[{"href":"https:\/\/www.checkout.luxaurabag.com\/es_es\/wp-json\/wp\/v2\/product"}],"about":[{"href":"https:\/\/www.checkout.luxaurabag.com\/es_es\/wp-json\/wp\/v2\/types\/product"}],"replies":[{"embeddable":true,"href":"https:\/\/www.checkout.luxaurabag.com\/es_es\/wp-json\/wp\/v2\/comments?post=3778"}],"wp:featuredmedia":[{"embeddable":true,"href":"https:\/\/www.checkout.luxaurabag.com\/es_es\/wp-json\/wp\/v2\/media\/4661"}],"wp:attachment":[{"href":"https:\/\/www.checkout.luxaurabag.com\/es_es\/wp-json\/wp\/v2\/media?parent=3778"}],"wp:term":[{"taxonomy":"product_brand","embeddable":true,"href":"https:\/\/www.checkout.luxaurabag.com\/es_es\/wp-json\/wp\/v2\/product_brand?post=3778"},{"taxonomy":"product_cat","embeddable":true,"href":"https:\/\/www.checkout.luxaurabag.com\/es_es\/wp-json\/wp\/v2\/product_cat?post=3778"},{"taxonomy":"product_tag","embeddable":true,"href":"https:\/\/www.checkout.luxaurabag.com\/es_es\/wp-json\/wp\/v2\/product_tag?post=3778"}],"curies":[{"name":"wp","href":"https:\/\/api.w.org\/{rel}","templated":true}]}}