{"id":4185,"date":"2025-08-26T16:19:56","date_gmt":"2025-08-26T16:19:56","guid":{"rendered":"https:\/\/zoyaedit.com\/product\/loafers-1\/"},"modified":"2025-08-31T18:06:21","modified_gmt":"2025-08-31T18:06:21","slug":"loafers-1","status":"publish","type":"product","link":"https:\/\/www.checkout.luxaurabag.com\/es_es\/producto\/loafers-1\/","title":{"rendered":"Mocas\u00edn Dalton con hebilla de contraste"},"content":{"rendered":"<p class='' data-end='1135' data-start='863'>Estos mocasines de doble tono presentan un llamativo dise\u00f1o de doble correa monje que combina el ante con la lona texturizada para un look refinado pero atrevido. Dise\u00f1ados para ofrecer comodidad durante todo el d\u00eda con un look elegante que realza sin esfuerzo cualquier atuendo.<\/p>\n<ul>\n<li data-end='1135' data-start='863'><meta charset='utf-8'> <span>T<meta charset='utf-8'>Dise\u00f1o de bloques de color en dos tonos<\/span><\/li>\n<li data-end='1135' data-start='863'><span><meta charset='utf-8'>Parte superior de lona y ante de primera calidad<\/span><\/li>\n<li data-end='1135' data-start='863'><span><meta charset='utf-8'>Deslizante de perfil bajo<\/span><\/li>\n<li data-end='1135' data-start='863'><span>Doble correa monje\u00a0<\/span><\/li>\n<li><span>Plantilla acolchada<\/span><\/li>\n<\/ul>","protected":false},"excerpt":{"rendered":"<p>Estos mocasines de doble tono presentan un llamativo dise\u00f1o de doble correa monje que combina el ante con la lona texturizada para un look refinado pero atrevido. Dise\u00f1ados para ofrecer comodidad durante todo el d\u00eda con un aspecto elegante que realza sin esfuerzo cualquier atuendo. Dise\u00f1o bicolor en bloques de color Parte superior de lona y ante de primera calidad Mocasines de perfil bajo sin cordones Doble cierre de hebilla Plantilla acolchada<\/p>","protected":false},"featured_media":4876,"comment_status":"open","ping_status":"closed","template":"","meta":{"_kad_post_transparent":"","_kad_post_title":"","_kad_post_layout":"","_kad_post_sidebar_id":"","_kad_post_content_style":"","_kad_post_vertical_padding":"","_kad_post_feature":"","_kad_post_feature_position":"","_kad_post_header":false,"_kad_post_footer":false},"product_brand":[],"product_cat":[88],"product_tag":[],"class_list":{"0":"post-4185","1":"product","2":"type-product","3":"status-publish","4":"has-post-thumbnail","6":"product_cat-shoes","8":"first","9":"instock","10":"sale","11":"shipping-taxable","12":"purchasable","13":"product-type-variable","14":"entry","15":"content-bg","16":"loop-entry"},"_links":{"self":[{"href":"https:\/\/www.checkout.luxaurabag.com\/es_es\/wp-json\/wp\/v2\/product\/4185","targetHints":{"allow":["GET"]}}],"collection":[{"href":"https:\/\/www.checkout.luxaurabag.com\/es_es\/wp-json\/wp\/v2\/product"}],"about":[{"href":"https:\/\/www.checkout.luxaurabag.com\/es_es\/wp-json\/wp\/v2\/types\/product"}],"replies":[{"embeddable":true,"href":"https:\/\/www.checkout.luxaurabag.com\/es_es\/wp-json\/wp\/v2\/comments?post=4185"}],"wp:featuredmedia":[{"embeddable":true,"href":"https:\/\/www.checkout.luxaurabag.com\/es_es\/wp-json\/wp\/v2\/media\/4876"}],"wp:attachment":[{"href":"https:\/\/www.checkout.luxaurabag.com\/es_es\/wp-json\/wp\/v2\/media?parent=4185"}],"wp:term":[{"taxonomy":"product_brand","embeddable":true,"href":"https:\/\/www.checkout.luxaurabag.com\/es_es\/wp-json\/wp\/v2\/product_brand?post=4185"},{"taxonomy":"product_cat","embeddable":true,"href":"https:\/\/www.checkout.luxaurabag.com\/es_es\/wp-json\/wp\/v2\/product_cat?post=4185"},{"taxonomy":"product_tag","embeddable":true,"href":"https:\/\/www.checkout.luxaurabag.com\/es_es\/wp-json\/wp\/v2\/product_tag?post=4185"}],"curies":[{"name":"wp","href":"https:\/\/api.w.org\/{rel}","templated":true}]}}