{"id":4473,"date":"2025-08-26T16:20:08","date_gmt":"2025-08-26T16:20:08","guid":{"rendered":"https:\/\/zoyaedit.com\/product\/golf-shoes\/"},"modified":"2025-08-31T18:06:35","modified_gmt":"2025-08-31T18:06:35","slug":"golf-shoes","status":"publish","type":"product","link":"https:\/\/www.checkout.luxaurabag.com\/es_es\/producto\/golf-shoes\/","title":{"rendered":"Fairway Golf Oxford"},"content":{"rendered":"<p><meta charset='utf-8'>A brogue-inspired golf shoe engineered for modern performance. The water-resistant exterior, 100% cotton lining, and shock-absorbing sole keep you dry, comfortable, and stable through every round. Classic wingtip detailing meets next-gen tread for a refined look with unstoppable grip.<meta charset='utf-8'><\/p>\n<ul>\n<li><span>100% cotton inner lining<\/span><\/li>\n<li><meta charset='utf-8'>Water-resistant exterior<meta charset='utf-8'> <\/li>\n<li><meta charset='utf-8'>Superior ground grip &#038; stability<\/li>\n<li><meta charset='utf-8'>Cushioned shock-absorbing sole<\/li>\n<li><meta charset='utf-8'>Ligero y transpirable<\/li>\n<\/ul>","protected":false},"excerpt":{"rendered":"<p>Un zapato de golf de inspiraci\u00f3n brogue dise\u00f1ado para un rendimiento moderno. El exterior resistente al agua, el forro de algod\u00f3n 100% y la suela amortiguadora te mantienen seco, c\u00f3modo y estable en cada ronda. El cl\u00e1sico detalle de punta de ala se combina con una suela de \u00faltima generaci\u00f3n para ofrecer un aspecto refinado con un agarre imparable. Forro interior de algod\u00f3n 100% Exterior resistente al agua Agarre y estabilidad superiores Suela amortiguada Ligera y...<\/p>","protected":false},"featured_media":4958,"comment_status":"open","ping_status":"closed","template":"","meta":{"_kad_post_transparent":"","_kad_post_title":"","_kad_post_layout":"","_kad_post_sidebar_id":"","_kad_post_content_style":"","_kad_post_vertical_padding":"","_kad_post_feature":"","_kad_post_feature_position":"","_kad_post_header":false,"_kad_post_footer":false},"product_brand":[],"product_cat":[88],"product_tag":[],"class_list":{"0":"post-4473","1":"product","2":"type-product","3":"status-publish","4":"has-post-thumbnail","6":"product_cat-shoes","8":"first","9":"instock","10":"sale","11":"shipping-taxable","12":"purchasable","13":"product-type-variable","14":"entry","15":"content-bg","16":"loop-entry"},"_links":{"self":[{"href":"https:\/\/www.checkout.luxaurabag.com\/es_es\/wp-json\/wp\/v2\/product\/4473","targetHints":{"allow":["GET"]}}],"collection":[{"href":"https:\/\/www.checkout.luxaurabag.com\/es_es\/wp-json\/wp\/v2\/product"}],"about":[{"href":"https:\/\/www.checkout.luxaurabag.com\/es_es\/wp-json\/wp\/v2\/types\/product"}],"replies":[{"embeddable":true,"href":"https:\/\/www.checkout.luxaurabag.com\/es_es\/wp-json\/wp\/v2\/comments?post=4473"}],"wp:featuredmedia":[{"embeddable":true,"href":"https:\/\/www.checkout.luxaurabag.com\/es_es\/wp-json\/wp\/v2\/media\/4958"}],"wp:attachment":[{"href":"https:\/\/www.checkout.luxaurabag.com\/es_es\/wp-json\/wp\/v2\/media?parent=4473"}],"wp:term":[{"taxonomy":"product_brand","embeddable":true,"href":"https:\/\/www.checkout.luxaurabag.com\/es_es\/wp-json\/wp\/v2\/product_brand?post=4473"},{"taxonomy":"product_cat","embeddable":true,"href":"https:\/\/www.checkout.luxaurabag.com\/es_es\/wp-json\/wp\/v2\/product_cat?post=4473"},{"taxonomy":"product_tag","embeddable":true,"href":"https:\/\/www.checkout.luxaurabag.com\/es_es\/wp-json\/wp\/v2\/product_tag?post=4473"}],"curies":[{"name":"wp","href":"https:\/\/api.w.org\/{rel}","templated":true}]}}