{"id":3198,"date":"2025-08-26T15:11:21","date_gmt":"2025-08-26T15:11:21","guid":{"rendered":"https:\/\/zoyaedit.com\/product\/large_leather_tote_bag_zipper_laptop_1795995512\/"},"modified":"2025-08-31T18:05:38","modified_gmt":"2025-08-31T18:05:38","slug":"large_leather_tote_bag_zipper_laptop_1795995512","status":"publish","type":"product","link":"https:\/\/www.checkout.luxaurabag.com\/fr\/produit\/large_leather_tote_bag_zipper_laptop_1795995512\/","title":{"rendered":"Grand sac fourre-tout en cuir avec fermeture \u00e9clair, Sac de travail pour ordinateur portable, Sac de tous les jours pour les femmes, Sac de travail pour les femmes, Cadeau de No\u00ebl pour les femmes, Sac \u00e0 bandouli\u00e8re en cuir"},"content":{"rendered":"<p class='wt-text-body-01 wt-break-word' data-product-details-description-text-content=''>            Ce grand sac fourre-tout en cuir avec fermeture \u00e9clair est la combinaison parfaite de l'\u00e9l\u00e9gance et de la fonctionnalit\u00e9. Con\u00e7u comme un sac de travail polyvalent pour ordinateur portable, il est id\u00e9al pour vos besoins professionnels et quotidiens. Fabriqu\u00e9 \u00e0 partir de mat\u00e9riaux de qualit\u00e9 sup\u00e9rieure, ce sac de travail en cuir pour femme offre durabilit\u00e9 et style. <\/p>\n<p>Que vous ayez besoin d'un sac de tous les jours pour les femmes ou d'un sac \u00e0 bandouli\u00e8re en cuir sophistiqu\u00e9 pour les femmes, ce fourre-tout a tout ce qu'il vous faut. Fabriqu\u00e9 \u00e0 la main avec soin, il est non seulement pratique mais constitue \u00e9galement un excellent cadeau de No\u00ebl pour les femmes. Rehaussez votre style avec ce sac fourre-tout en cuir fait \u00e0 la main qui allie harmonieusement mode et fonctionnalit\u00e9.<\/p>\n<p>\ud83d\udd38\ud83d\udd38\ud83d\udd38\ud83d\udd38 Modifications personnalis\u00e9es sur demande \ud83d\udd38\ud83d\udd38\ud83d\udd38\ud83d\udd38\ud83d\udd38\ud83d\udd38<\/p>\n<p>REMARQUE : Pour commander un article personnalis\u00e9, veuillez nous envoyer une DEMANDE DE COMMANDE PERSONNALISEE.<\/p>\n<p>-------------------------<br \/>PERSONNALISATION<\/p>\n<p>Vos initiales, votre texte ou votre photo sur l'article. <\/p>\n<p>\ud83d\udd38\ud83d\udd38\ud83d\udd38How to make your item personalized\ud83d\udd38\ud83d\udd38\ud83d\udd38\ud83d\udd38\ud83d\udd38\ud83d\udd38<br \/>1. Choisissez \"Taille + Gravure\" dans le menu Taille et Personnalisation ;<br \/>2. Laissez le texte \u00e0 graver dans la case Personnalisation ;<br \/>3. Ou envoyez-nous un fichier image.<\/p>\n<p>--------------------------<br \/>EXP\u00c9DITION \u2708<\/p>\n<p>- Exp\u00e9dition standard<br \/>- Exp\u00e9dition express (2-4 jours ouvrables), disponible sur demande<\/p>\n<p>--------------------------<br \/>COMMERCE DE GROS<br \/>Cette sacoche simple et \u00e9l\u00e9gante est con\u00e7ue pour les femmes au go\u00fbt raffin\u00e9. Suffisamment spacieux, il convient non seulement \u00e0 l'ordinateur portable, mais aussi au carnet de notes, aux papiers et \u00e0 d'autres objets essentiels que vous emportez avec vous en d\u00e9placement. Commandez quelques sacs pour offrir \u00e0 votre m\u00e8re, votre fille, votre \u00e9pouse ou \u00e0 votre \u00e9quipe de coll\u00e8gues.<\/p>\n<p>\ud83d\udd38\ud83d\udd38\ud83d\udd38\ud83d\udd38 Veuillez nous contacter pour obtenir des prix sp\u00e9ciaux sur plusieurs articles \ud83d\udd38\ud83d\udd38\ud83d\udd38\ud83d\udd38\ud83d\udd38\ud83d\udd38<\/p>\n<p>--------------------------<br \/>Pourquoi LezoStore :<\/p>\n<p>- Articles fabriqu\u00e9s \u00e0 la main ;<br \/>- Cuir et quincaillerie de premi\u00e8re qualit\u00e9 ;<br \/>- Large gamme de couleurs et d'accessoires disponibles ;<br \/>- Tous les articles peuvent \u00eatre personnalis\u00e9s ;<br \/>- Garantie de 12 mois.        <\/p>","protected":false},"excerpt":{"rendered":"<p>Ce grand sac fourre-tout en cuir avec fermeture \u00e9clair est la combinaison parfaite de l'\u00e9l\u00e9gance et de la fonctionnalit\u00e9. Con\u00e7u comme un sac de travail polyvalent pour ordinateur portable, il est id\u00e9al pour vos besoins professionnels et quotidiens. Fabriqu\u00e9 \u00e0 partir de mat\u00e9riaux de premi\u00e8re qualit\u00e9, ce sac de travail en cuir pour femmes offre durabilit\u00e9 et style. Que vous ayez besoin d'un sac de tous les jours ou d'un...<\/p>","protected":false},"featured_media":3698,"comment_status":"open","ping_status":"closed","template":"","meta":{"_kad_post_transparent":"","_kad_post_title":"","_kad_post_layout":"","_kad_post_sidebar_id":"","_kad_post_content_style":"","_kad_post_vertical_padding":"","_kad_post_feature":"","_kad_post_feature_position":"","_kad_post_header":false,"_kad_post_footer":false},"product_brand":[],"product_cat":[75],"product_tag":[],"class_list":{"0":"post-3198","1":"product","2":"type-product","3":"status-publish","4":"has-post-thumbnail","6":"product_cat-bags","8":"first","9":"instock","10":"shipping-taxable","11":"purchasable","12":"product-type-variable","13":"entry","14":"content-bg","15":"loop-entry"},"_links":{"self":[{"href":"https:\/\/www.checkout.luxaurabag.com\/fr\/wp-json\/wp\/v2\/product\/3198","targetHints":{"allow":["GET"]}}],"collection":[{"href":"https:\/\/www.checkout.luxaurabag.com\/fr\/wp-json\/wp\/v2\/product"}],"about":[{"href":"https:\/\/www.checkout.luxaurabag.com\/fr\/wp-json\/wp\/v2\/types\/product"}],"replies":[{"embeddable":true,"href":"https:\/\/www.checkout.luxaurabag.com\/fr\/wp-json\/wp\/v2\/comments?post=3198"}],"wp:featuredmedia":[{"embeddable":true,"href":"https:\/\/www.checkout.luxaurabag.com\/fr\/wp-json\/wp\/v2\/media\/3698"}],"wp:attachment":[{"href":"https:\/\/www.checkout.luxaurabag.com\/fr\/wp-json\/wp\/v2\/media?parent=3198"}],"wp:term":[{"taxonomy":"product_brand","embeddable":true,"href":"https:\/\/www.checkout.luxaurabag.com\/fr\/wp-json\/wp\/v2\/product_brand?post=3198"},{"taxonomy":"product_cat","embeddable":true,"href":"https:\/\/www.checkout.luxaurabag.com\/fr\/wp-json\/wp\/v2\/product_cat?post=3198"},{"taxonomy":"product_tag","embeddable":true,"href":"https:\/\/www.checkout.luxaurabag.com\/fr\/wp-json\/wp\/v2\/product_tag?post=3198"}],"curies":[{"name":"wp","href":"https:\/\/api.w.org\/{rel}","templated":true}]}}