{"id":3528,"date":"2025-08-26T15:11:40","date_gmt":"2025-08-26T15:11:40","guid":{"rendered":"https:\/\/zoyaedit.com\/product\/leather_work_tote_bag_burgundy_tote_1859372622\/"},"modified":"2025-08-31T18:05:56","modified_gmt":"2025-08-31T18:05:56","slug":"leather_work_tote_bag_burgundy_tote_1859372622","status":"publish","type":"product","link":"https:\/\/www.checkout.luxaurabag.com\/fr\/produit\/leather_work_tote_bag_burgundy_tote_1859372622\/","title":{"rendered":"Fourre-tout de travail en cuir, Fourre-tout en cuir bourgogne, Fourre-tout pour ordinateur portable, Grand fourre-tout de travail pour femme, Sac messager en cuir bourgogne"},"content":{"rendered":"<p class='wt-text-body-01 wt-break-word' data-product-details-description-text-content=''>            \ud83d\udc5d Sacoche pour ordinateur portable en cuir personnalis\u00e9e \ud83d\udc5d<\/p>\n<p>\ud83d\udcbc \u00c9levez votre style de travail avec notre exquise sacoche en cuir pour ordinateur portable, fabriqu\u00e9e avec soin et con\u00e7ue sp\u00e9cialement pour les femmes. Ce sac \u00e9l\u00e9gant et fonctionnel s'adapte parfaitement \u00e0 un ordinateur portable de 14 pouces, ce qui en fait votre compagnon id\u00e9al pour le travail et au-del\u00e0. \ud83d\udcbb<\/p>\n<p>\u2728 Caract\u00e9ristiques :<\/p>\n<p>Cuir de haute qualit\u00e9 pour un look sophistiqu\u00e9 et une utilisation durable \ud83c\udf1f<br \/>Personnalisable avec vos initiales pour une touche personnelle \ud83d\udd24<br \/>Int\u00e9rieur spacieux pour contenir tous vos essentiels \ud83d\udcdd<br \/>Plusieurs compartiments pour un rangement organis\u00e9 \ud83d\udcda<br \/>Bretelles confortables pour un portage ais\u00e9 \u00e0 l'\u00e9paule ou \u00e0 la main \ud83d\udc5c<br \/>\ud83d\udc5c Parfait pour :<\/p>\n<p>Milieux professionnels et environnements de bureau \ud83d\udcbc<br \/>Voyagez avec style en emportant votre ordinateur portable et vos objets essentiels \u2708\ufe0f<br \/>Comme un cadeau r\u00e9fl\u00e9chi et \u00e9l\u00e9gant pour les femmes dans votre vie \ud83c\udf81<br \/>\ud83d\udc96 Why You'll Love It :<\/p>\n<p>Combine l'\u00e9l\u00e9gance et la praticit\u00e9 \ud83c\udf1f<br \/>Un design polyvalent qui s'adapte \u00e0 toutes les tenues \ud83d\udc57<br \/>Rend vos d\u00e9placements quotidiens et votre journ\u00e9e de travail plus organis\u00e9s et plus \u00e9l\u00e9gants \ud83d\udeb6\u200d\u2640\ufe0f<br \/>Am\u00e9liorez vos accessoires de travail avec notre fourre-tout pour ordinateur portable en cuir personnalis\u00e9 et d\u00e9couvrez le m\u00e9lange parfait de la mode et de la fonctionnalit\u00e9. \ud83c\udf1f<\/p>\n<p>\ud83d\udd38\ud83d\udd38\ud83d\udd38\ud83d\udd38 Modifications personnalis\u00e9es sur demande \ud83d\udd38\ud83d\udd38\ud83d\udd38\ud83d\udd38\ud83d\udd38\ud83d\udd38<\/p>\n<p>REMARQUE : Pour commander un article personnalis\u00e9, veuillez nous envoyer une DEMANDE DE COMMANDE PERSONNALISEE.<\/p>\n<p>-------------------------<br \/>PERSONNALISATION<\/p>\n<p>Vos initiales, votre texte ou votre photo sur l'article. <\/p>\n<p>\ud83d\udd38\ud83d\udd38\ud83d\udd38How to make your item personalized\ud83d\udd38\ud83d\udd38\ud83d\udd38\ud83d\udd38\ud83d\udd38\ud83d\udd38<br \/>1. Choisissez \"Taille + Gravure\" dans le menu Taille et Personnalisation ;<br \/>2. Laissez le texte \u00e0 graver dans la case Personnalisation ;<br \/>3. Ou envoyez-nous un fichier image.<\/p>\n<p>--------------------------<br \/>EXP\u00c9DITION \u2708<\/p>\n<p>- Exp\u00e9dition standard<br \/>- Exp\u00e9dition express (2-4 jours ouvrables), disponible sur demande<\/p>\n<p>--------------------------<br \/>COMMERCE DE GROS<\/p>\n<p>\ud83d\udd38\ud83d\udd38\ud83d\udd38\ud83d\udd38 Veuillez nous contacter pour obtenir des prix sp\u00e9ciaux sur plusieurs articles \ud83d\udd38\ud83d\udd38\ud83d\udd38\ud83d\udd38\ud83d\udd38\ud83d\udd38<\/p>\n<p>--------------------------<br \/>Pourquoi LezoStore :<\/p>\n<p>- Articles fabriqu\u00e9s \u00e0 la main ;<br \/>- Cuir et quincaillerie de premi\u00e8re qualit\u00e9 ;<br \/>- Large gamme de couleurs et d'accessoires disponibles ;<br \/>- Tous les articles peuvent \u00eatre personnalis\u00e9s ;<br \/>- Garantie de 12 mois.        <\/p>","protected":false},"excerpt":{"rendered":"<p>\ud83d\udc5d Sacoche pour ordinateur portable en cuir personnalis\u00e9e \ud83d\udc5d \ud83d\udcbc \u00c9levez votre style de travail avec notre exquise sacoche pour ordinateur portable en cuir, fabriqu\u00e9e avec soin et con\u00e7ue sp\u00e9cialement pour les femmes. Ce sac \u00e9l\u00e9gant et fonctionnel s'adapte parfaitement \u00e0 un ordinateur portable de 14 pouces, ce qui en fait votre compagnon id\u00e9al pour le travail et au-del\u00e0. \ud83d\udcbb \u2728 Caract\u00e9ristiques : Cuir de haute qualit\u00e9 pour un look sophistiqu\u00e9 et durable...<\/p>","protected":false},"featured_media":3735,"comment_status":"open","ping_status":"closed","template":"","meta":{"_kad_post_transparent":"","_kad_post_title":"","_kad_post_layout":"","_kad_post_sidebar_id":"","_kad_post_content_style":"","_kad_post_vertical_padding":"","_kad_post_feature":"","_kad_post_feature_position":"","_kad_post_header":false,"_kad_post_footer":false},"product_brand":[],"product_cat":[75],"product_tag":[],"class_list":{"0":"post-3528","1":"product","2":"type-product","3":"status-publish","4":"has-post-thumbnail","6":"product_cat-bags","8":"first","9":"instock","10":"shipping-taxable","11":"purchasable","12":"product-type-variable","13":"entry","14":"content-bg","15":"loop-entry"},"_links":{"self":[{"href":"https:\/\/www.checkout.luxaurabag.com\/fr\/wp-json\/wp\/v2\/product\/3528","targetHints":{"allow":["GET"]}}],"collection":[{"href":"https:\/\/www.checkout.luxaurabag.com\/fr\/wp-json\/wp\/v2\/product"}],"about":[{"href":"https:\/\/www.checkout.luxaurabag.com\/fr\/wp-json\/wp\/v2\/types\/product"}],"replies":[{"embeddable":true,"href":"https:\/\/www.checkout.luxaurabag.com\/fr\/wp-json\/wp\/v2\/comments?post=3528"}],"wp:featuredmedia":[{"embeddable":true,"href":"https:\/\/www.checkout.luxaurabag.com\/fr\/wp-json\/wp\/v2\/media\/3735"}],"wp:attachment":[{"href":"https:\/\/www.checkout.luxaurabag.com\/fr\/wp-json\/wp\/v2\/media?parent=3528"}],"wp:term":[{"taxonomy":"product_brand","embeddable":true,"href":"https:\/\/www.checkout.luxaurabag.com\/fr\/wp-json\/wp\/v2\/product_brand?post=3528"},{"taxonomy":"product_cat","embeddable":true,"href":"https:\/\/www.checkout.luxaurabag.com\/fr\/wp-json\/wp\/v2\/product_cat?post=3528"},{"taxonomy":"product_tag","embeddable":true,"href":"https:\/\/www.checkout.luxaurabag.com\/fr\/wp-json\/wp\/v2\/product_tag?post=3528"}],"curies":[{"name":"wp","href":"https:\/\/api.w.org\/{rel}","templated":true}]}}