{"id":3598,"date":"2025-08-26T15:11:44","date_gmt":"2025-08-26T15:11:44","guid":{"rendered":"https:\/\/zoyaedit.com\/product\/extra_large_black_leather_tote_bag_610382636\/"},"modified":"2025-08-31T18:05:56","modified_gmt":"2025-08-31T18:05:56","slug":"extra_large_black_leather_tote_bag_610382636","status":"publish","type":"product","link":"https:\/\/www.checkout.luxaurabag.com\/fr\/produit\/extra_large_black_leather_tote_bag_610382636\/","title":{"rendered":"Tr\u00e8s grand sac fourre-tout en cuir noir"},"content":{"rendered":"<p class='wt-text-body-01 wt-break-word' data-product-details-description-text-content=''>            Il s'agit de notre tr\u00e8s grand sac en cuir noir, le sac de travail et de voyage surdimensionn\u00e9 pour ordinateur, fabriqu\u00e9 \u00e0 la main dans notre atelier de Philadelphie, PA, USA. <\/p>\n<p>Tous nos sacs sont fabriqu\u00e9s sur commande. Le d\u00e9lai de production est de 3 \u00e0 5 jours ouvrables, jusqu'\u00e0 7 jours pour les commandes personnalis\u00e9es. <\/p>\n<p>Ajouter une doublure \u00e0 tous nos sacs<\/p>\n<p>\u2757\ufe0fMeasurements : \u2757\ufe0f<br \/>24\" L (ouverture sup\u00e9rieure) x 15\" H<br \/>Base de 19\" de large x 5'D<br \/>Hauteur de la sangle 11\u2032<\/p>\n<p>Poids 3 lbs <\/p>\n<p> FONCTIONNALIT\u00c9 :<br \/>\t- Ce sac est spacieux et \u00e9l\u00e9gant, id\u00e9al pour vos escapades du week-end, parfait pour le travail et l'\u00e9cole, il peut contenir votre ordinateur, vos livres, vos dossiers, vos v\u00eatements de rechange et vos objets essentiels de tous les jours. <br \/>        - Les longues bretelles en cuir se portent \u00e0 l'\u00e9paule et se superposent facilement \u00e0 d'autres v\u00eatements en toute saison. <br \/>\t- Deux poches int\u00e9rieures, l'une avec fermeture \u00e0 glissi\u00e8re de 10 x 9 pouces, la petite pochette pour t\u00e9l\u00e9phone portable de 7 x 5 pouces, sont tr\u00e8s pratiques pour ranger vos cl\u00e9s, votre gloss, votre iPhone, vos lunettes, etc.<br \/>        - Parfait pour tous les temps, qu'il pleuve ou qu'il neige. Il peut r\u00e9sister \u00e0 tous les coups et ne fait que s'am\u00e9liorer avec le temps !<\/p>\n<p>Notre cuir pleine fleur est la plus haute qualit\u00e9 de cuir disponible. Il s'embellit avec l'usage et l'\u00e2ge et durera toute une vie.<\/p>\n<p>- Tous nos sacs en cuir sont fabriqu\u00e9s \u00e0 la main dans notre atelier situ\u00e9 dans le quartier Old City de Philadelphie (Pennsylvanie).<br \/>- Garantie \u00e0 vie ! Nous le r\u00e9parons\/rempla\u00e7ons gratuitement.  <br \/>- Fabriqu\u00e9 avec un cuir robuste et durable, qui durera toute une vie. Cuir d'origine am\u00e9ricaine et tann\u00e9 dans le Maine.<br \/>- Les retours\/\u00e9changes sont accept\u00e9s avec plaisir pour les sacs non personnalis\u00e9s.<\/p>\n<p>Si vous souhaitez apporter des modifications ou des ajouts, y compris une fermeture \u00e0 glissi\u00e8re, un bouton-pression, un pompon, une ou plusieurs poches suppl\u00e9mentaires, une doublure, des ajustements de taille, etc.<br \/>cliquez ici \ud83d\udc47\ud83c\udffb<\/p>\n<p>\u25bcINSTAGRAM ET FACEBOOK<br \/>N'h\u00e9sitez pas \u00e0 visiter notre compte Instagram pour notre flux quotidien de nouveaux sacs, le fabricant, les cuirs et le processus.<br \/>https:\/\/www.instagram.com\/urbanartisanboutique\/<br \/>https:\/\/www.facebook.com\/URBANARTISANBOUTIQUE<\/p>\n<p>&gt;\u00c0 propos de nous&lt;\n\nTous nos sacs en cuir sont fabriqu\u00e9s \u00e0 la main dans notre magasin\/atelier de Philadelphie PA. Nos sacs sont mesur\u00e9s, coup\u00e9s, cousus et soigneusement inspect\u00e9s par Victoria, qui con\u00e7oit et cr\u00e9e tous nos articles en cuir.Chaque sac est unique, attire l&#039;attention avec des combinaisons de couleurs int\u00e9ressantes et de belles textures de cuir et de daim.<br \/>Nous sommes \u00e9galement tr\u00e8s heureux de discuter des commandes et des demandes personnalis\u00e9es. <br \/>Nous sommes une entreprise 100% d\u00e9tenue et g\u00e9r\u00e9e par des femmes. <\/p>\n<p>Nous avons eu la chance d'\u00eatre pr\u00e9sent\u00e9s dans le Philly Voice !<br \/>https:\/\/www.phillyvoice.com\/an-urban-artisan-from-another-land-is-making-it-work-in-the-big-city-victoria-macbain\/<\/p>\n<p>&gt;Cuir &lt;\n\nNous utilisons du cuir pleine fleur pour tous nos fourre-tout, qui est le cuir le plus solide et le plus durable qui soit. Le cuir est tann\u00e9 au chrome. Nous utilisons du cuir v\u00e9ritable qui n&#039;a pas \u00e9t\u00e9 ponc\u00e9 ou ras\u00e9 et chaque pi\u00e8ce a une texture unique et des imperfections naturelles. Le cuir pleine fleur se conditionne naturellement \u00e0 l&#039;usage, d\u00e9veloppant au fil du temps une patine tr\u00e8s recherch\u00e9e et un caract\u00e8re unique.<br \/>Nous utilisons du cuir huil\u00e9 pour certains de nos sacs. Il s'agit du meilleur choix pour un usage intensif et extr\u00eame. Il est robuste, souple et r\u00e9sistant \u00e0 l'eau et ne n\u00e9cessite qu'un minimum d'entretien, mais il est fortement satur\u00e9 d'huiles et de cires naturelles qui peuvent parfois se transf\u00e9rer sur les v\u00eatements. <br \/>Tous nos sacs en cuir sont cr\u00e9\u00e9s dans un environnement enti\u00e8rement exempt d'animaux et de fum\u00e9e.Nous nous effor\u00e7ons de faire de votre exp\u00e9rience un moment privil\u00e9gi\u00e9 et de r\u00e9pondre \u00e0 toutes vos attentes en mati\u00e8re de qualit\u00e9.<\/p>\n<p>&gt;Nos politiques<\n\nPlease read about our shipping details and shop policies before purchasing your goodies in tab above titled &#8216;Shipping &#038; Policies&#8217;. We love our customers and want you to love your shopping experience with us as much as we love you, so please do read our policies and contact us with any questions or concerns you may have.\n\n>Taxes \u00e0 l'importation et douanes&lt;\n\n****Certains pays imposent des taxes d&#039;importation sur les produits fabriqu\u00e9s aux \u00c9tats-Unis, qui ne sont PAS incluses dans nos prix. Les acheteurs internationaux sont responsables des droits de douane et des taxes qui peuvent s&#039;appliquer. Des retards peuvent survenir en raison des douanes. Veuillez laisser un num\u00e9ro de t\u00e9l\u00e9phone lorsque vous achetez dans notre boutique, cela pourrait acc\u00e9l\u00e9rer le temps de transit.***        <\/p>","protected":false},"excerpt":{"rendered":"<p>Voici notre tr\u00e8s grand sac en cuir noir, le sac de travail et de voyage surdimensionn\u00e9 pour ordinateur, fabriqu\u00e9 \u00e0 la main dans notre atelier de Philadelphie, PA, USA. Tous nos sacs sont fabriqu\u00e9s sur commande. Le d\u00e9lai de production est de 3 \u00e0 5 jours ouvrables, jusqu'\u00e0 7 jours pour les commandes personnalis\u00e9es. Ajoutez une doublure \u00e0 n'importe lequel de nos sacs \u2757\ufe0fMeasurements : \u2757\ufe0f24\" W(top opening )...<\/p>","protected":false},"featured_media":3755,"comment_status":"open","ping_status":"closed","template":"","meta":{"_kad_post_transparent":"","_kad_post_title":"","_kad_post_layout":"","_kad_post_sidebar_id":"","_kad_post_content_style":"","_kad_post_vertical_padding":"","_kad_post_feature":"","_kad_post_feature_position":"","_kad_post_header":false,"_kad_post_footer":false},"product_brand":[],"product_cat":[75],"product_tag":[],"class_list":{"0":"post-3598","1":"product","2":"type-product","3":"status-publish","4":"has-post-thumbnail","6":"product_cat-bags","8":"first","9":"instock","10":"shipping-taxable","11":"purchasable","12":"product-type-variable","13":"entry","14":"content-bg","15":"loop-entry"},"_links":{"self":[{"href":"https:\/\/www.checkout.luxaurabag.com\/fr\/wp-json\/wp\/v2\/product\/3598","targetHints":{"allow":["GET"]}}],"collection":[{"href":"https:\/\/www.checkout.luxaurabag.com\/fr\/wp-json\/wp\/v2\/product"}],"about":[{"href":"https:\/\/www.checkout.luxaurabag.com\/fr\/wp-json\/wp\/v2\/types\/product"}],"replies":[{"embeddable":true,"href":"https:\/\/www.checkout.luxaurabag.com\/fr\/wp-json\/wp\/v2\/comments?post=3598"}],"wp:featuredmedia":[{"embeddable":true,"href":"https:\/\/www.checkout.luxaurabag.com\/fr\/wp-json\/wp\/v2\/media\/3755"}],"wp:attachment":[{"href":"https:\/\/www.checkout.luxaurabag.com\/fr\/wp-json\/wp\/v2\/media?parent=3598"}],"wp:term":[{"taxonomy":"product_brand","embeddable":true,"href":"https:\/\/www.checkout.luxaurabag.com\/fr\/wp-json\/wp\/v2\/product_brand?post=3598"},{"taxonomy":"product_cat","embeddable":true,"href":"https:\/\/www.checkout.luxaurabag.com\/fr\/wp-json\/wp\/v2\/product_cat?post=3598"},{"taxonomy":"product_tag","embeddable":true,"href":"https:\/\/www.checkout.luxaurabag.com\/fr\/wp-json\/wp\/v2\/product_tag?post=3598"}],"curies":[{"name":"wp","href":"https:\/\/api.w.org\/{rel}","templated":true}]}}