{"id":3778,"date":"2025-08-26T16:19:38","date_gmt":"2025-08-26T16:19:38","guid":{"rendered":"https:\/\/zoyaedit.com\/product\/shoes-6\/"},"modified":"2025-08-31T18:05:58","modified_gmt":"2025-08-31T18:05:58","slug":"shoes-6","status":"publish","type":"product","link":"https:\/\/www.checkout.luxaurabag.com\/fr\/produit\/shoes-6\/","title":{"rendered":"Baskets en maille a\u00e9rodynamique"},"content":{"rendered":"<p><meta charset='utf-8'><span>Glissez-vous dans l'avenir de la chaussure avec cette basket \u00e9tonnamment respirante et douce comme un nuage, con\u00e7ue pour un confort ininterrompu et des mouvements a\u00e9rodynamiques. La conception en maille l\u00e9g\u00e8re absorbe la transpiration, combat les odeurs et vous procure une sensation de fra\u00eecheur et d'apesanteur tout au long de la journ\u00e9e.<\/span><\/p>\n<ul>\n<li><span><meta charset='utf-8'>Conception en maille hyper-respirante<\/span><\/li>\n<li><meta charset='utf-8'>Ultral\u00e9ger et respirant<\/li>\n<li><meta charset='utf-8'>Amortissement semblable \u00e0 celui d'un nuage<\/li>\n<li><meta charset='utf-8'>Evacuation de la transpiration et anti-odeur<\/li>\n<li><meta charset='utf-8'><meta charset='utf-8'>Semelle a\u00e9rodynamique flexible<meta charset='utf-8'><\/li>\n<\/ul>","protected":false},"excerpt":{"rendered":"<p>Glissez-vous dans l'avenir de la chaussure avec cette basket \u00e9tonnamment respirante et douce comme un nuage, con\u00e7ue pour un confort ininterrompu et des mouvements a\u00e9rodynamiques. La conception en mesh poids plume absorbe la transpiration, combat les odeurs et vous procure une sensation de fra\u00eecheur et d'apesanteur tout au long de la journ\u00e9e. Conception en maille hyper-respirante Ultral\u00e9g\u00e8re et respirante Amorti semblable \u00e0 un nuage Evacuation de la transpiration et anti-odeurs Semelle a\u00e9rodynamique flexible<\/p>","protected":false},"featured_media":4661,"comment_status":"open","ping_status":"closed","template":"","meta":{"_kad_post_transparent":"","_kad_post_title":"","_kad_post_layout":"","_kad_post_sidebar_id":"","_kad_post_content_style":"","_kad_post_vertical_padding":"","_kad_post_feature":"","_kad_post_feature_position":"","_kad_post_header":false,"_kad_post_footer":false},"product_brand":[],"product_cat":[88],"product_tag":[],"class_list":{"0":"post-3778","1":"product","2":"type-product","3":"status-publish","4":"has-post-thumbnail","6":"product_cat-shoes","8":"first","9":"instock","10":"sale","11":"shipping-taxable","12":"purchasable","13":"product-type-variable","14":"entry","15":"content-bg","16":"loop-entry"},"_links":{"self":[{"href":"https:\/\/www.checkout.luxaurabag.com\/fr\/wp-json\/wp\/v2\/product\/3778","targetHints":{"allow":["GET"]}}],"collection":[{"href":"https:\/\/www.checkout.luxaurabag.com\/fr\/wp-json\/wp\/v2\/product"}],"about":[{"href":"https:\/\/www.checkout.luxaurabag.com\/fr\/wp-json\/wp\/v2\/types\/product"}],"replies":[{"embeddable":true,"href":"https:\/\/www.checkout.luxaurabag.com\/fr\/wp-json\/wp\/v2\/comments?post=3778"}],"wp:featuredmedia":[{"embeddable":true,"href":"https:\/\/www.checkout.luxaurabag.com\/fr\/wp-json\/wp\/v2\/media\/4661"}],"wp:attachment":[{"href":"https:\/\/www.checkout.luxaurabag.com\/fr\/wp-json\/wp\/v2\/media?parent=3778"}],"wp:term":[{"taxonomy":"product_brand","embeddable":true,"href":"https:\/\/www.checkout.luxaurabag.com\/fr\/wp-json\/wp\/v2\/product_brand?post=3778"},{"taxonomy":"product_cat","embeddable":true,"href":"https:\/\/www.checkout.luxaurabag.com\/fr\/wp-json\/wp\/v2\/product_cat?post=3778"},{"taxonomy":"product_tag","embeddable":true,"href":"https:\/\/www.checkout.luxaurabag.com\/fr\/wp-json\/wp\/v2\/product_tag?post=3778"}],"curies":[{"name":"wp","href":"https:\/\/api.w.org\/{rel}","templated":true}]}}