{"id":3889,"date":"2025-08-26T16:19:42","date_gmt":"2025-08-26T16:19:42","guid":{"rendered":"https:\/\/zoyaedit.com\/product\/mens-leather-boots\/"},"modified":"2025-08-31T18:06:04","modified_gmt":"2025-08-31T18:06:04","slug":"mens-leather-boots","status":"publish","type":"product","link":"https:\/\/www.checkout.luxaurabag.com\/fr\/produit\/mens-leather-boots\/","title":{"rendered":"Belfort Chelsea Boot"},"content":{"rendered":"<p data-end='481' data-start='172'><meta charset='utf-8'>Confectionn\u00e9es dans un cuir pleine fleur \u00e9l\u00e9gant et poli, ces bottes Chelsea sont dot\u00e9es d'une doublure en cuir.<meta charset='utf-8'> une esth\u00e9tique raffin\u00e9e et sur mesure. La sangle \u00e0 boucle sculpt\u00e9e et la fermeture \u00e9clair lat\u00e9rale rehaussent instantan\u00e9ment n'importe quelle tenue, tandis que les contours cousus avec pr\u00e9cision cr\u00e9ent une silhouette nette et a\u00e9rodynamique. Compl\u00e9t\u00e9es par une semelle ext\u00e9rieure en caoutchouc renforc\u00e9 pour un confort et une durabilit\u00e9 tout au long de la journ\u00e9e, ces bottes vous donnent un avantage instantan\u00e9 : elles sont polies, s\u00fbres d'elles et pr\u00eates \u00e0 gagner.<span><\/span><\/p>\n<ul>\n<li data-end='934' data-start='866'><meta charset='utf-8'>Cuir poli \u00e9l\u00e9gant<\/li>\n<li data-end='934' data-start='866'>Boucle r\u00e9glable\u00a0<meta charset='utf-8'><\/li>\n<li data-end='1004' data-start='935'><meta charset='utf-8'> <meta charset='utf-8'>Fermeture \u00e0 glissi\u00e8re lat\u00e9rale sans couture<\/li>\n<li data-end='1077' data-start='1005'>Semelle en caoutchouc durable\u00a0<\/li>\n<li data-end='1077' data-start='1005'><meta charset='utf-8'>Doublure en cuir respirant<\/li>\n<\/ul>","protected":false},"excerpt":{"rendered":"<p>Fabriqu\u00e9es dans un cuir pleine fleur \u00e9l\u00e9gant et poli, ces bottes Chelsea affichent une esth\u00e9tique raffin\u00e9e et sur mesure. La sangle \u00e0 boucle sculpt\u00e9e et la fermeture \u00e9clair lat\u00e9rale rehaussent instantan\u00e9ment n'importe quelle tenue, tandis que les contours cousus avec pr\u00e9cision cr\u00e9ent une silhouette nette et a\u00e9rodynamique. Compl\u00e9t\u00e9es par une semelle ext\u00e9rieure en caoutchouc renforc\u00e9 pour un confort et une durabilit\u00e9 tout au long de la journ\u00e9e, ces bottes vous donnent un avantage instantan\u00e9....<\/p>","protected":false},"featured_media":4730,"comment_status":"open","ping_status":"closed","template":"","meta":{"_kad_post_transparent":"","_kad_post_title":"","_kad_post_layout":"","_kad_post_sidebar_id":"","_kad_post_content_style":"","_kad_post_vertical_padding":"","_kad_post_feature":"","_kad_post_feature_position":"","_kad_post_header":false,"_kad_post_footer":false},"product_brand":[],"product_cat":[88],"product_tag":[],"class_list":{"0":"post-3889","1":"product","2":"type-product","3":"status-publish","4":"has-post-thumbnail","6":"product_cat-shoes","8":"first","9":"instock","10":"shipping-taxable","11":"purchasable","12":"product-type-variable","13":"entry","14":"content-bg","15":"loop-entry"},"_links":{"self":[{"href":"https:\/\/www.checkout.luxaurabag.com\/fr\/wp-json\/wp\/v2\/product\/3889","targetHints":{"allow":["GET"]}}],"collection":[{"href":"https:\/\/www.checkout.luxaurabag.com\/fr\/wp-json\/wp\/v2\/product"}],"about":[{"href":"https:\/\/www.checkout.luxaurabag.com\/fr\/wp-json\/wp\/v2\/types\/product"}],"replies":[{"embeddable":true,"href":"https:\/\/www.checkout.luxaurabag.com\/fr\/wp-json\/wp\/v2\/comments?post=3889"}],"wp:featuredmedia":[{"embeddable":true,"href":"https:\/\/www.checkout.luxaurabag.com\/fr\/wp-json\/wp\/v2\/media\/4730"}],"wp:attachment":[{"href":"https:\/\/www.checkout.luxaurabag.com\/fr\/wp-json\/wp\/v2\/media?parent=3889"}],"wp:term":[{"taxonomy":"product_brand","embeddable":true,"href":"https:\/\/www.checkout.luxaurabag.com\/fr\/wp-json\/wp\/v2\/product_brand?post=3889"},{"taxonomy":"product_cat","embeddable":true,"href":"https:\/\/www.checkout.luxaurabag.com\/fr\/wp-json\/wp\/v2\/product_cat?post=3889"},{"taxonomy":"product_tag","embeddable":true,"href":"https:\/\/www.checkout.luxaurabag.com\/fr\/wp-json\/wp\/v2\/product_tag?post=3889"}],"curies":[{"name":"wp","href":"https:\/\/api.w.org\/{rel}","templated":true}]}}