{"id":4072,"date":"2025-08-26T16:19:50","date_gmt":"2025-08-26T16:19:50","guid":{"rendered":"https:\/\/zoyaedit.com\/product\/castellano-croc-boots\/"},"modified":"2025-08-31T18:06:14","modified_gmt":"2025-08-31T18:06:14","slug":"castellano-croc-boots","status":"publish","type":"product","link":"https:\/\/www.checkout.luxaurabag.com\/fr\/produit\/castellano-croc-boots\/","title":{"rendered":"Bottes Castellano en crocodile"},"content":{"rendered":"<p>Entrez dans la sophistication avec ces bottines en cuir gaufr\u00e9, con\u00e7ues pour les trendsetter modernes. Dot\u00e9es d'une texture frappante inspir\u00e9e de l'alligator et d'une finition \u00e9l\u00e9gante et polie, ces bottes ajoutent une \u00e9l\u00e9gance instantan\u00e9e \u00e0 tout ensemble. Dot\u00e9es d'un talon mi-bloc confortable, elles offrent la bonne portance tout en permettant de les porter toute la journ\u00e9e. Une fermeture \u00e0 glissi\u00e8re sur le c\u00f4t\u00e9 permet de les enfiler et de les retirer sans effort, tandis que la qualit\u00e9 de fabrication garantit leur durabilit\u00e9.\u00a0<\/p>\n<ul>\n<li>Cuir luxueux gaufr\u00e9 au crocodile<\/li>\n<li>Talon confortable \u00e0 mi-hauteur<\/li>\n<li>Fermeture \u00e0 glissi\u00e8re sur le c\u00f4t\u00e9<\/li>\n<li>Conception polyvalente<\/li>\n<li>Mat\u00e9riaux de premi\u00e8re qualit\u00e9<\/li>\n<\/ul>","protected":false},"excerpt":{"rendered":"<p>Entrez dans la sophistication avec ces bottines en cuir gaufr\u00e9, con\u00e7ues pour les trendsetter modernes. Dot\u00e9es d'une texture frappante inspir\u00e9e de l'alligator et d'une finition \u00e9l\u00e9gante et polie, ces bottes ajoutent une \u00e9l\u00e9gance instantan\u00e9e \u00e0 tout ensemble. Dot\u00e9es d'un talon mi-bloc confortable, elles offrent la bonne portance tout en permettant de les porter toute la journ\u00e9e. La fermeture \u00e9clair lat\u00e9rale permet de les enfiler et de les retirer sans effort...<\/p>","protected":false},"featured_media":4792,"comment_status":"open","ping_status":"closed","template":"","meta":{"_kad_post_transparent":"","_kad_post_title":"","_kad_post_layout":"","_kad_post_sidebar_id":"","_kad_post_content_style":"","_kad_post_vertical_padding":"","_kad_post_feature":"","_kad_post_feature_position":"","_kad_post_header":false,"_kad_post_footer":false},"product_brand":[],"product_cat":[88],"product_tag":[],"class_list":{"0":"post-4072","1":"product","2":"type-product","3":"status-publish","4":"has-post-thumbnail","6":"product_cat-shoes","8":"first","9":"instock","10":"sale","11":"shipping-taxable","12":"purchasable","13":"product-type-variable","14":"entry","15":"content-bg","16":"loop-entry"},"_links":{"self":[{"href":"https:\/\/www.checkout.luxaurabag.com\/fr\/wp-json\/wp\/v2\/product\/4072","targetHints":{"allow":["GET"]}}],"collection":[{"href":"https:\/\/www.checkout.luxaurabag.com\/fr\/wp-json\/wp\/v2\/product"}],"about":[{"href":"https:\/\/www.checkout.luxaurabag.com\/fr\/wp-json\/wp\/v2\/types\/product"}],"replies":[{"embeddable":true,"href":"https:\/\/www.checkout.luxaurabag.com\/fr\/wp-json\/wp\/v2\/comments?post=4072"}],"wp:featuredmedia":[{"embeddable":true,"href":"https:\/\/www.checkout.luxaurabag.com\/fr\/wp-json\/wp\/v2\/media\/4792"}],"wp:attachment":[{"href":"https:\/\/www.checkout.luxaurabag.com\/fr\/wp-json\/wp\/v2\/media?parent=4072"}],"wp:term":[{"taxonomy":"product_brand","embeddable":true,"href":"https:\/\/www.checkout.luxaurabag.com\/fr\/wp-json\/wp\/v2\/product_brand?post=4072"},{"taxonomy":"product_cat","embeddable":true,"href":"https:\/\/www.checkout.luxaurabag.com\/fr\/wp-json\/wp\/v2\/product_cat?post=4072"},{"taxonomy":"product_tag","embeddable":true,"href":"https:\/\/www.checkout.luxaurabag.com\/fr\/wp-json\/wp\/v2\/product_tag?post=4072"}],"curies":[{"name":"wp","href":"https:\/\/api.w.org\/{rel}","templated":true}]}}