{"id":4107,"date":"2025-08-26T16:19:52","date_gmt":"2025-08-26T16:19:52","guid":{"rendered":"https:\/\/zoyaedit.com\/product\/castellano-leather-sandal\/"},"modified":"2025-08-31T18:06:16","modified_gmt":"2025-08-31T18:06:16","slug":"castellano-leather-sandal","status":"publish","type":"product","link":"https:\/\/www.checkout.luxaurabag.com\/fr\/produit\/castellano-leather-sandal\/","title":{"rendered":"Sandale en cuir Castellano"},"content":{"rendered":"<p data-start='0' data-end='304'>Un confort in\u00e9gal\u00e9 d\u00e8s le premier jour. Ces sandales sont dot\u00e9es de brides crois\u00e9es en peau de vache \u00e0 l'aspect naturellement vieilli et d'une assise plantaire en cuir v\u00e9ritable qui s'assouplit et se moule \u00e0 votre pied. Con\u00e7ues pour un usage quotidien, elles sont faites pour durer pendant des \u00e9t\u00e9s sans fin, sans perdre leur forme ni leur tranchant.<\/p>\n<ul>\n<li><meta charset='utf-8'>Cuir v\u00e9ritable<\/li>\n<li><meta charset='utf-8'> <meta charset='utf-8'>Bracelet crois\u00e9 tiss\u00e9 \u00e9l\u00e9gant<\/li>\n<li><meta charset='utf-8'> <meta charset='utf-8'>Semelle souple et matelass\u00e9e<meta charset='utf-8'> <\/li>\n<li><meta charset='utf-8'>D\u00e9tails cousus \u00e0 la main<\/li>\n<li><meta charset='utf-8'>Semelle en caoutchouc antid\u00e9rapante<meta charset='utf-8'><strong data-start='419' data-end='438'><\/strong><\/li>\n<\/ul>","protected":false},"excerpt":{"rendered":"<p>Un confort in\u00e9gal\u00e9 d\u00e8s le premier jour. Ces sandales sont dot\u00e9es de brides crois\u00e9es en peau de vache \u00e0 l'aspect naturellement vieilli et d'une assise plantaire en cuir v\u00e9ritable qui s'assouplit et se moule \u00e0 votre pied. Con\u00e7ues pour un usage quotidien, elles sont faites pour durer pendant des \u00e9t\u00e9s sans fin, sans perdre leur forme ni leur tranchant. Cuir v\u00e9ritable Bracelet crois\u00e9 tiss\u00e9 \u00e9l\u00e9gant Semelle plantaire souple et matelass\u00e9e D\u00e9tails cousus \u00e0 la main Semelle antid\u00e9rapante...<\/p>","protected":false},"featured_media":4810,"comment_status":"open","ping_status":"closed","template":"","meta":{"_kad_post_transparent":"","_kad_post_title":"","_kad_post_layout":"","_kad_post_sidebar_id":"","_kad_post_content_style":"","_kad_post_vertical_padding":"","_kad_post_feature":"","_kad_post_feature_position":"","_kad_post_header":false,"_kad_post_footer":false},"product_brand":[],"product_cat":[88],"product_tag":[],"class_list":{"0":"post-4107","1":"product","2":"type-product","3":"status-publish","4":"has-post-thumbnail","6":"product_cat-shoes","8":"first","9":"instock","10":"sale","11":"shipping-taxable","12":"purchasable","13":"product-type-variable","14":"entry","15":"content-bg","16":"loop-entry"},"_links":{"self":[{"href":"https:\/\/www.checkout.luxaurabag.com\/fr\/wp-json\/wp\/v2\/product\/4107","targetHints":{"allow":["GET"]}}],"collection":[{"href":"https:\/\/www.checkout.luxaurabag.com\/fr\/wp-json\/wp\/v2\/product"}],"about":[{"href":"https:\/\/www.checkout.luxaurabag.com\/fr\/wp-json\/wp\/v2\/types\/product"}],"replies":[{"embeddable":true,"href":"https:\/\/www.checkout.luxaurabag.com\/fr\/wp-json\/wp\/v2\/comments?post=4107"}],"wp:featuredmedia":[{"embeddable":true,"href":"https:\/\/www.checkout.luxaurabag.com\/fr\/wp-json\/wp\/v2\/media\/4810"}],"wp:attachment":[{"href":"https:\/\/www.checkout.luxaurabag.com\/fr\/wp-json\/wp\/v2\/media?parent=4107"}],"wp:term":[{"taxonomy":"product_brand","embeddable":true,"href":"https:\/\/www.checkout.luxaurabag.com\/fr\/wp-json\/wp\/v2\/product_brand?post=4107"},{"taxonomy":"product_cat","embeddable":true,"href":"https:\/\/www.checkout.luxaurabag.com\/fr\/wp-json\/wp\/v2\/product_cat?post=4107"},{"taxonomy":"product_tag","embeddable":true,"href":"https:\/\/www.checkout.luxaurabag.com\/fr\/wp-json\/wp\/v2\/product_tag?post=4107"}],"curies":[{"name":"wp","href":"https:\/\/api.w.org\/{rel}","templated":true}]}}