{"id":4142,"date":"2025-08-26T16:19:53","date_gmt":"2025-08-26T16:19:53","guid":{"rendered":"https:\/\/zoyaedit.com\/product\/1-49\/"},"modified":"2025-08-31T18:06:19","modified_gmt":"2025-08-31T18:06:19","slug":"1-49","status":"publish","type":"product","link":"https:\/\/www.checkout.luxaurabag.com\/fr\/produit\/1-49\/","title":{"rendered":"Cliffborn Boot Loafer"},"content":{"rendered":"<p>Solides comme des bottes, l\u00e9g\u00e8res comme des baskets. Ces chaussures \u00e0 enfiler sont dot\u00e9es d'une semelle ext\u00e9rieure robuste et d'une tige cousue \u00e0 la main pour une grande durabilit\u00e9, mais elles p\u00e8sent moins que votre coureur moyen. Avec des mailles respirantes, des semelles int\u00e9rieures matelass\u00e9es et une semelle antid\u00e9rapante flexible, vous b\u00e9n\u00e9ficiez du confort, de l'adh\u00e9rence et d'un look \u00e9l\u00e9gant qui va de la rue au sentier.<\/p>\n<ul>\n<li>Dessus en cuir v\u00e9g\u00e9tal de premi\u00e8re qualit\u00e9<\/li>\n<li>Ultra-l\u00e9ger et respirant<\/li>\n<li data-end='687' data-start='630'>A\u00e9rations en maille respirante<meta charset='utf-8'><\/li>\n<li>Semelle en caoutchouc souple et antid\u00e9rapante<\/li>\n<li data-end='687' data-start='630'>Semelle int\u00e9rieure matelass\u00e9e<\/li>\n<li data-end='842' data-start='805'>Conception facile \u00e0 enfiler<\/li>\n<\/ul>","protected":false},"excerpt":{"rendered":"<p>Solides comme des bottes, l\u00e9g\u00e8res comme des baskets. Ces chaussures \u00e0 enfiler sont dot\u00e9es d'une semelle ext\u00e9rieure robuste et d'une tige cousue \u00e0 la main pour une grande durabilit\u00e9, mais elles p\u00e8sent moins que votre coureur moyen. Avec des mailles respirantes, des semelles int\u00e9rieures matelass\u00e9es et une semelle antid\u00e9rapante flexible, vous b\u00e9n\u00e9ficiez du confort, de l'adh\u00e9rence et d'un look \u00e9l\u00e9gant qui va de la rue au sentier. Tige en cuir v\u00e9g\u00e9talien de premi\u00e8re qualit\u00e9...<\/p>","protected":false},"featured_media":4830,"comment_status":"open","ping_status":"closed","template":"","meta":{"_kad_post_transparent":"","_kad_post_title":"","_kad_post_layout":"","_kad_post_sidebar_id":"","_kad_post_content_style":"","_kad_post_vertical_padding":"","_kad_post_feature":"","_kad_post_feature_position":"","_kad_post_header":false,"_kad_post_footer":false},"product_brand":[],"product_cat":[88],"product_tag":[],"class_list":{"0":"post-4142","1":"product","2":"type-product","3":"status-publish","4":"has-post-thumbnail","6":"product_cat-shoes","8":"first","9":"instock","10":"sale","11":"shipping-taxable","12":"purchasable","13":"product-type-variable","14":"entry","15":"content-bg","16":"loop-entry"},"_links":{"self":[{"href":"https:\/\/www.checkout.luxaurabag.com\/fr\/wp-json\/wp\/v2\/product\/4142","targetHints":{"allow":["GET"]}}],"collection":[{"href":"https:\/\/www.checkout.luxaurabag.com\/fr\/wp-json\/wp\/v2\/product"}],"about":[{"href":"https:\/\/www.checkout.luxaurabag.com\/fr\/wp-json\/wp\/v2\/types\/product"}],"replies":[{"embeddable":true,"href":"https:\/\/www.checkout.luxaurabag.com\/fr\/wp-json\/wp\/v2\/comments?post=4142"}],"wp:featuredmedia":[{"embeddable":true,"href":"https:\/\/www.checkout.luxaurabag.com\/fr\/wp-json\/wp\/v2\/media\/4830"}],"wp:attachment":[{"href":"https:\/\/www.checkout.luxaurabag.com\/fr\/wp-json\/wp\/v2\/media?parent=4142"}],"wp:term":[{"taxonomy":"product_brand","embeddable":true,"href":"https:\/\/www.checkout.luxaurabag.com\/fr\/wp-json\/wp\/v2\/product_brand?post=4142"},{"taxonomy":"product_cat","embeddable":true,"href":"https:\/\/www.checkout.luxaurabag.com\/fr\/wp-json\/wp\/v2\/product_cat?post=4142"},{"taxonomy":"product_tag","embeddable":true,"href":"https:\/\/www.checkout.luxaurabag.com\/fr\/wp-json\/wp\/v2\/product_tag?post=4142"}],"curies":[{"name":"wp","href":"https:\/\/api.w.org\/{rel}","templated":true}]}}