{"id":4185,"date":"2025-08-26T16:19:56","date_gmt":"2025-08-26T16:19:56","guid":{"rendered":"https:\/\/zoyaedit.com\/product\/loafers-1\/"},"modified":"2025-08-31T18:06:21","modified_gmt":"2025-08-31T18:06:21","slug":"loafers-1","status":"publish","type":"product","link":"https:\/\/www.checkout.luxaurabag.com\/fr\/produit\/loafers-1\/","title":{"rendered":"Mocassins \u00e0 boucles contrast\u00e9es Dalton"},"content":{"rendered":"<p class='' data-end='1135' data-start='863'>Ces mocassins bicolores sont dot\u00e9s d'une double bride monacale remarquable, associant un daim riche \u00e0 une toile textur\u00e9e pour un look \u00e0 la fois raffin\u00e9 et audacieux. Con\u00e7us pour un confort tout au long de la journ\u00e9e, ces mocassins ont une allure \u00e9l\u00e9gante qui rehausse sans effort n'importe quelle tenue.<\/p>\n<ul>\n<li data-end='1135' data-start='863'><meta charset='utf-8'> <span>T<meta charset='utf-8'>Design en blocs de couleurs wo-tone<\/span><\/li>\n<li data-end='1135' data-start='863'><span><meta charset='utf-8'>Dessus en toile et daim de premi\u00e8re qualit\u00e9<\/span><\/li>\n<li data-end='1135' data-start='863'><span><meta charset='utf-8'>Chausson \u00e0 profil bas<\/span><\/li>\n<li data-end='1135' data-start='863'><span>Double sangle de moine\u00a0<\/span><\/li>\n<li><span>Semelle int\u00e9rieure matelass\u00e9e<\/span><\/li>\n<\/ul>","protected":false},"excerpt":{"rendered":"<p>Ces mocassins bicolores sont dot\u00e9s d'une double bride monacale remarquable, associant un daim riche \u00e0 une toile textur\u00e9e pour un look \u00e0 la fois raffin\u00e9 et audacieux. Con\u00e7us pour un confort tout au long de la journ\u00e9e, ces mocassins ont une allure \u00e9l\u00e9gante qui rehausse sans effort n'importe quelle tenue. Dessin bicolore en blocs de couleurs Tige en toile et daim de qualit\u00e9 sup\u00e9rieure Chausson \u00e0 profil bas Double bride monk Semelle int\u00e9rieure matelass\u00e9e<\/p>","protected":false},"featured_media":4876,"comment_status":"open","ping_status":"closed","template":"","meta":{"_kad_post_transparent":"","_kad_post_title":"","_kad_post_layout":"","_kad_post_sidebar_id":"","_kad_post_content_style":"","_kad_post_vertical_padding":"","_kad_post_feature":"","_kad_post_feature_position":"","_kad_post_header":false,"_kad_post_footer":false},"product_brand":[],"product_cat":[88],"product_tag":[],"class_list":{"0":"post-4185","1":"product","2":"type-product","3":"status-publish","4":"has-post-thumbnail","6":"product_cat-shoes","8":"first","9":"instock","10":"sale","11":"shipping-taxable","12":"purchasable","13":"product-type-variable","14":"entry","15":"content-bg","16":"loop-entry"},"_links":{"self":[{"href":"https:\/\/www.checkout.luxaurabag.com\/fr\/wp-json\/wp\/v2\/product\/4185","targetHints":{"allow":["GET"]}}],"collection":[{"href":"https:\/\/www.checkout.luxaurabag.com\/fr\/wp-json\/wp\/v2\/product"}],"about":[{"href":"https:\/\/www.checkout.luxaurabag.com\/fr\/wp-json\/wp\/v2\/types\/product"}],"replies":[{"embeddable":true,"href":"https:\/\/www.checkout.luxaurabag.com\/fr\/wp-json\/wp\/v2\/comments?post=4185"}],"wp:featuredmedia":[{"embeddable":true,"href":"https:\/\/www.checkout.luxaurabag.com\/fr\/wp-json\/wp\/v2\/media\/4876"}],"wp:attachment":[{"href":"https:\/\/www.checkout.luxaurabag.com\/fr\/wp-json\/wp\/v2\/media?parent=4185"}],"wp:term":[{"taxonomy":"product_brand","embeddable":true,"href":"https:\/\/www.checkout.luxaurabag.com\/fr\/wp-json\/wp\/v2\/product_brand?post=4185"},{"taxonomy":"product_cat","embeddable":true,"href":"https:\/\/www.checkout.luxaurabag.com\/fr\/wp-json\/wp\/v2\/product_cat?post=4185"},{"taxonomy":"product_tag","embeddable":true,"href":"https:\/\/www.checkout.luxaurabag.com\/fr\/wp-json\/wp\/v2\/product_tag?post=4185"}],"curies":[{"name":"wp","href":"https:\/\/api.w.org\/{rel}","templated":true}]}}