{"id":4220,"date":"2025-08-26T16:19:58","date_gmt":"2025-08-26T16:19:58","guid":{"rendered":"https:\/\/zoyaedit.com\/product\/district-low-top-canvas-sneaker\/"},"modified":"2025-08-31T18:06:26","modified_gmt":"2025-08-31T18:06:26","slug":"district-low-top-canvas-sneaker","status":"publish","type":"product","link":"https:\/\/www.checkout.luxaurabag.com\/fr\/produit\/district-low-top-canvas-sneaker\/","title":{"rendered":"Sneaker basse en toile District"},"content":{"rendered":"<p data-end='1145' data-start='804'>Un classique retravaill\u00e9 avec des panneaux superpos\u00e9s, des couleurs subtiles et une semelle en caoutchouc sculpt\u00e9e. Les mat\u00e9riaux parlent d'eux-m\u00eames : toile mate, touches de daim, coutures renforc\u00e9es. Elle est tr\u00e8s \u00e9l\u00e9gante d\u00e8s sa sortie de l'emballage, et encore meilleure lorsqu'elle est port\u00e9e.<\/p>\n<ul>\n<li><meta charset='utf-8'>Dessus en toile de premi\u00e8re qualit\u00e9<\/li>\n<li><meta charset='utf-8'>Talon contrast\u00e9 bicolore<\/li>\n<li><meta charset='utf-8'>Semelle int\u00e9rieure rembourr\u00e9e et douce<\/li>\n<li><meta charset='utf-8'>Semelle ext\u00e9rieure en caoutchouc textur\u00e9 r\u00e9sistant \u00e0 l'usure<\/li>\n<li><meta charset='utf-8'>Construction cousue durable<meta charset='utf-8'> <\/li>\n<li><meta charset='utf-8'> <span>Respirant et confortable<\/span><meta charset='utf-8'> <\/li>\n<li><meta charset='utf-8'>Embout renforc\u00e9<\/li>\n<\/ul>","protected":false},"excerpt":{"rendered":"<p>Un classique retravaill\u00e9 avec des panneaux superpos\u00e9s, des couleurs subtiles et une semelle en caoutchouc sculpt\u00e9e. Les mat\u00e9riaux parlent d'eux-m\u00eames : toile mate, touches de daim, coutures renforc\u00e9es. Elle est tr\u00e8s \u00e9l\u00e9gante d\u00e8s sa sortie de l'emballage, et encore meilleure lorsqu'elle est port\u00e9e. Tige en toile de premi\u00e8re qualit\u00e9 Talon bicolore contrast\u00e9 Semelle int\u00e9rieure matelass\u00e9e et douce Semelle ext\u00e9rieure en caoutchouc textur\u00e9 et r\u00e9sistant \u00e0 l'usure Construction surpiqu\u00e9e durable Respirante et confortable...<\/p>","protected":false},"featured_media":4887,"comment_status":"open","ping_status":"closed","template":"","meta":{"_kad_post_transparent":"","_kad_post_title":"","_kad_post_layout":"","_kad_post_sidebar_id":"","_kad_post_content_style":"","_kad_post_vertical_padding":"","_kad_post_feature":"","_kad_post_feature_position":"","_kad_post_header":false,"_kad_post_footer":false},"product_brand":[],"product_cat":[88],"product_tag":[],"class_list":{"0":"post-4220","1":"product","2":"type-product","3":"status-publish","4":"has-post-thumbnail","6":"product_cat-shoes","8":"first","9":"instock","10":"sale","11":"shipping-taxable","12":"purchasable","13":"product-type-variable","14":"entry","15":"content-bg","16":"loop-entry"},"_links":{"self":[{"href":"https:\/\/www.checkout.luxaurabag.com\/fr\/wp-json\/wp\/v2\/product\/4220","targetHints":{"allow":["GET"]}}],"collection":[{"href":"https:\/\/www.checkout.luxaurabag.com\/fr\/wp-json\/wp\/v2\/product"}],"about":[{"href":"https:\/\/www.checkout.luxaurabag.com\/fr\/wp-json\/wp\/v2\/types\/product"}],"replies":[{"embeddable":true,"href":"https:\/\/www.checkout.luxaurabag.com\/fr\/wp-json\/wp\/v2\/comments?post=4220"}],"wp:featuredmedia":[{"embeddable":true,"href":"https:\/\/www.checkout.luxaurabag.com\/fr\/wp-json\/wp\/v2\/media\/4887"}],"wp:attachment":[{"href":"https:\/\/www.checkout.luxaurabag.com\/fr\/wp-json\/wp\/v2\/media?parent=4220"}],"wp:term":[{"taxonomy":"product_brand","embeddable":true,"href":"https:\/\/www.checkout.luxaurabag.com\/fr\/wp-json\/wp\/v2\/product_brand?post=4220"},{"taxonomy":"product_cat","embeddable":true,"href":"https:\/\/www.checkout.luxaurabag.com\/fr\/wp-json\/wp\/v2\/product_cat?post=4220"},{"taxonomy":"product_tag","embeddable":true,"href":"https:\/\/www.checkout.luxaurabag.com\/fr\/wp-json\/wp\/v2\/product_tag?post=4220"}],"curies":[{"name":"wp","href":"https:\/\/api.w.org\/{rel}","templated":true}]}}