{"id":4297,"date":"2025-08-26T16:20:00","date_gmt":"2025-08-26T16:20:00","guid":{"rendered":"https:\/\/zoyaedit.com\/product\/driftwood-leather-sandal\/"},"modified":"2025-08-31T18:06:27","modified_gmt":"2025-08-31T18:06:27","slug":"driftwood-leather-sandal","status":"publish","type":"product","link":"https:\/\/www.checkout.luxaurabag.com\/fr\/produit\/driftwood-leather-sandal\/","title":{"rendered":"Sandale en cuir Driftwood"},"content":{"rendered":"<p><meta charset='UTF-8'><span>Bretelles en cuir v\u00e9g\u00e9tal souple\u00a0<meta charset='utf-8'>qui \u00e9pousent d\u00e9licatement la forme de vos pieds et une assise plantaire sculpt\u00e9e en grain de bois, ces sandales allient d\u00e9tails artisanaux et \u00e9l\u00e9gance d\u00e9contract\u00e9e. <meta charset='utf-8'>Le soutien de la vo\u00fbte plantaire et le talon de l'escarpin assurent la stabilit\u00e9, l'absence de glissement et le confort tout au long de la journ\u00e9e, ce qui est parfait pour les promenades en ville ou la d\u00e9tente au bord de la piscine.\u00a0<\/span><span><\/span><\/p>\n<ul>\n<li><meta charset='utf-8'> <meta charset='utf-8'>Bretelles en cuir v\u00e9g\u00e9tal lisse<\/li>\n<li><meta charset='utf-8'>Semelle en texture de bois<\/li>\n<li><meta charset='utf-8'> <meta charset='utf-8'>Coupe confortable pour le pied moul\u00e9<\/li>\n<li><meta charset='utf-8'>Soutien de la vo\u00fbte plantaire<\/li>\n<li><meta charset='utf-8'> <span>T<meta charset='utf-8'>r\u00e9sistant aux chocs et \u00e0 l'abrasion<\/span><\/li>\n<li><meta charset='utf-8'> <meta charset='utf-8'>Semelle antid\u00e9rapante<meta charset='utf-8'> <meta charset='utf-8'><\/li>\n<\/ul>","protected":false},"excerpt":{"rendered":"<p>Dot\u00e9es de brides en cuir v\u00e9g\u00e9tal souple qui se moulent d\u00e9licatement \u00e0 vos pieds et d'une assise plantaire sculpt\u00e9e en similibois, ces sandales allient d\u00e9tails artisanaux et \u00e9l\u00e9gance d\u00e9contract\u00e9e. Le soutien de la vo\u00fbte plantaire et le talon \u00e0 bride assurent un maintien stable, antid\u00e9rapant et confortable tout au long de la journ\u00e9e, id\u00e9al pour les promenades en ville ou les moments de d\u00e9tente au bord de la piscine.  Bretelles en cuir v\u00e9g\u00e9tal lisse Semelle plantaire \u00e0 la texture bois\u00e9e Ajustement confortable \u00e0 la forme du pied...<\/p>","protected":false},"featured_media":4909,"comment_status":"open","ping_status":"closed","template":"","meta":{"_kad_post_transparent":"","_kad_post_title":"","_kad_post_layout":"","_kad_post_sidebar_id":"","_kad_post_content_style":"","_kad_post_vertical_padding":"","_kad_post_feature":"","_kad_post_feature_position":"","_kad_post_header":false,"_kad_post_footer":false},"product_brand":[],"product_cat":[88],"product_tag":[],"class_list":{"0":"post-4297","1":"product","2":"type-product","3":"status-publish","4":"has-post-thumbnail","6":"product_cat-shoes","8":"first","9":"instock","10":"sale","11":"shipping-taxable","12":"purchasable","13":"product-type-variable","14":"entry","15":"content-bg","16":"loop-entry"},"_links":{"self":[{"href":"https:\/\/www.checkout.luxaurabag.com\/fr\/wp-json\/wp\/v2\/product\/4297","targetHints":{"allow":["GET"]}}],"collection":[{"href":"https:\/\/www.checkout.luxaurabag.com\/fr\/wp-json\/wp\/v2\/product"}],"about":[{"href":"https:\/\/www.checkout.luxaurabag.com\/fr\/wp-json\/wp\/v2\/types\/product"}],"replies":[{"embeddable":true,"href":"https:\/\/www.checkout.luxaurabag.com\/fr\/wp-json\/wp\/v2\/comments?post=4297"}],"wp:featuredmedia":[{"embeddable":true,"href":"https:\/\/www.checkout.luxaurabag.com\/fr\/wp-json\/wp\/v2\/media\/4909"}],"wp:attachment":[{"href":"https:\/\/www.checkout.luxaurabag.com\/fr\/wp-json\/wp\/v2\/media?parent=4297"}],"wp:term":[{"taxonomy":"product_brand","embeddable":true,"href":"https:\/\/www.checkout.luxaurabag.com\/fr\/wp-json\/wp\/v2\/product_brand?post=4297"},{"taxonomy":"product_cat","embeddable":true,"href":"https:\/\/www.checkout.luxaurabag.com\/fr\/wp-json\/wp\/v2\/product_cat?post=4297"},{"taxonomy":"product_tag","embeddable":true,"href":"https:\/\/www.checkout.luxaurabag.com\/fr\/wp-json\/wp\/v2\/product_tag?post=4297"}],"curies":[{"name":"wp","href":"https:\/\/api.w.org\/{rel}","templated":true}]}}