{"id":4343,"date":"2025-08-26T16:20:01","date_gmt":"2025-08-26T16:20:01","guid":{"rendered":"https:\/\/zoyaedit.com\/product\/shoes-4\/"},"modified":"2025-08-31T18:06:29","modified_gmt":"2025-08-31T18:06:29","slug":"shoes-4","status":"publish","type":"product","link":"https:\/\/www.checkout.luxaurabag.com\/fr\/produit\/shoes-4\/","title":{"rendered":"Dune Classic Series Sneaker"},"content":{"rendered":"<p><meta charset='utf-8'>Sculpt\u00e9es avec des superpositions en daim et des panneaux en maille respirante, ces baskets basses offrent un \u00e9quilibre parfait entre confort et style street-ready. La silhouette minimaliste est dot\u00e9e d'une semelle en gomme pour l'adh\u00e9rence et la sobri\u00e9t\u00e9.<\/p>\n<ul>\n<li><meta charset='utf-8'> <span>Tige en daim et en maille de premi\u00e8re qualit\u00e9<\/span><\/li>\n<li><meta charset='utf-8'>L\u00e9ger et respirant<\/li>\n<li>Construction flexible<\/li>\n<li>Semelle int\u00e9rieure matelass\u00e9e<\/li>\n<li><span><meta charset='utf-8'>Semelle ext\u00e9rieure en caoutchouc textur\u00e9<\/span><meta charset='utf-8'><\/li>\n<\/ul>","protected":false},"excerpt":{"rendered":"<p>Sculpt\u00e9es avec des superpositions en daim et des panneaux en maille respirante, ces baskets basses offrent un \u00e9quilibre parfait entre confort et style street-ready. La silhouette minimaliste est dot\u00e9e d'une semelle en gomme pour l'adh\u00e9rence et la sobri\u00e9t\u00e9. Tige en daim et maille de qualit\u00e9 sup\u00e9rieure L\u00e9g\u00e8re et respirante Construction souple Semelle int\u00e9rieure matelass\u00e9e Semelle ext\u00e9rieure en caoutchouc textur\u00e9<\/p>","protected":false},"featured_media":4922,"comment_status":"open","ping_status":"closed","template":"","meta":{"_kad_post_transparent":"","_kad_post_title":"","_kad_post_layout":"","_kad_post_sidebar_id":"","_kad_post_content_style":"","_kad_post_vertical_padding":"","_kad_post_feature":"","_kad_post_feature_position":"","_kad_post_header":false,"_kad_post_footer":false},"product_brand":[],"product_cat":[88],"product_tag":[],"class_list":{"0":"post-4343","1":"product","2":"type-product","3":"status-publish","4":"has-post-thumbnail","6":"product_cat-shoes","8":"first","9":"instock","10":"sale","11":"shipping-taxable","12":"purchasable","13":"product-type-variable","14":"entry","15":"content-bg","16":"loop-entry"},"_links":{"self":[{"href":"https:\/\/www.checkout.luxaurabag.com\/fr\/wp-json\/wp\/v2\/product\/4343","targetHints":{"allow":["GET"]}}],"collection":[{"href":"https:\/\/www.checkout.luxaurabag.com\/fr\/wp-json\/wp\/v2\/product"}],"about":[{"href":"https:\/\/www.checkout.luxaurabag.com\/fr\/wp-json\/wp\/v2\/types\/product"}],"replies":[{"embeddable":true,"href":"https:\/\/www.checkout.luxaurabag.com\/fr\/wp-json\/wp\/v2\/comments?post=4343"}],"wp:featuredmedia":[{"embeddable":true,"href":"https:\/\/www.checkout.luxaurabag.com\/fr\/wp-json\/wp\/v2\/media\/4922"}],"wp:attachment":[{"href":"https:\/\/www.checkout.luxaurabag.com\/fr\/wp-json\/wp\/v2\/media?parent=4343"}],"wp:term":[{"taxonomy":"product_brand","embeddable":true,"href":"https:\/\/www.checkout.luxaurabag.com\/fr\/wp-json\/wp\/v2\/product_brand?post=4343"},{"taxonomy":"product_cat","embeddable":true,"href":"https:\/\/www.checkout.luxaurabag.com\/fr\/wp-json\/wp\/v2\/product_cat?post=4343"},{"taxonomy":"product_tag","embeddable":true,"href":"https:\/\/www.checkout.luxaurabag.com\/fr\/wp-json\/wp\/v2\/product_tag?post=4343"}],"curies":[{"name":"wp","href":"https:\/\/api.w.org\/{rel}","templated":true}]}}