{"id":4432,"date":"2025-08-26T16:20:07","date_gmt":"2025-08-26T16:20:07","guid":{"rendered":"https:\/\/zoyaedit.com\/product\/executive-patent-buckle-oxford\/"},"modified":"2025-08-31T18:06:34","modified_gmt":"2025-08-31T18:06:34","slug":"executive-patent-buckle-oxford","status":"publish","type":"product","link":"https:\/\/www.checkout.luxaurabag.com\/fr\/produit\/executive-patent-buckle-oxford\/","title":{"rendered":"Executive Patent Buckle Oxford"},"content":{"rendered":"<p><span>With a high-shine finish, scale-embossed texture, and polished metal clasp, this oxford is built to stand apart. Italian-inspired form meets modern edge, with a slim-profile sole and precision stitching that deliver tailored comfort, all day long.<br \/><\/span><\/p>\n<ul>\n<li><meta charset='utf-8'> <span>Premium vegan leather<\/span><\/li>\n<li>High-gloss finish\u00a0<\/li>\n<li><meta charset='utf-8'> <meta charset='utf-8'>Scale-embossed patterning<\/li>\n<li><meta charset='utf-8'> <meta charset='utf-8'>Polished metal side clasp<\/li>\n<li><meta charset='utf-8'> <span>Slim-profile design<\/span><\/li>\n<li><meta charset='utf-8'>Semelle int\u00e9rieure matelass\u00e9e<\/li>\n<\/ul>","protected":false},"excerpt":{"rendered":"<p>Avec une finition brillante, une texture gaufr\u00e9e et un fermoir en m\u00e9tal poli, cet oxford est con\u00e7u pour se d\u00e9marquer. La forme inspir\u00e9e de l'Italie rencontre la modernit\u00e9, avec une semelle profil\u00e9e et des coutures pr\u00e9cises qui offrent un confort sur mesure, tout au long de la journ\u00e9e. Cuir v\u00e9g\u00e9talien de premi\u00e8re qualit\u00e9 Finition brillante Motifs gaufr\u00e9s Fermoir lat\u00e9ral en m\u00e9tal poli Profil \u00e9troit Semelle int\u00e9rieure matelass\u00e9e<\/p>","protected":false},"featured_media":4949,"comment_status":"open","ping_status":"closed","template":"","meta":{"_kad_post_transparent":"","_kad_post_title":"","_kad_post_layout":"","_kad_post_sidebar_id":"","_kad_post_content_style":"","_kad_post_vertical_padding":"","_kad_post_feature":"","_kad_post_feature_position":"","_kad_post_header":false,"_kad_post_footer":false},"product_brand":[],"product_cat":[88],"product_tag":[],"class_list":{"0":"post-4432","1":"product","2":"type-product","3":"status-publish","4":"has-post-thumbnail","6":"product_cat-shoes","8":"first","9":"instock","10":"sale","11":"shipping-taxable","12":"purchasable","13":"product-type-variable","14":"entry","15":"content-bg","16":"loop-entry"},"_links":{"self":[{"href":"https:\/\/www.checkout.luxaurabag.com\/fr\/wp-json\/wp\/v2\/product\/4432","targetHints":{"allow":["GET"]}}],"collection":[{"href":"https:\/\/www.checkout.luxaurabag.com\/fr\/wp-json\/wp\/v2\/product"}],"about":[{"href":"https:\/\/www.checkout.luxaurabag.com\/fr\/wp-json\/wp\/v2\/types\/product"}],"replies":[{"embeddable":true,"href":"https:\/\/www.checkout.luxaurabag.com\/fr\/wp-json\/wp\/v2\/comments?post=4432"}],"wp:featuredmedia":[{"embeddable":true,"href":"https:\/\/www.checkout.luxaurabag.com\/fr\/wp-json\/wp\/v2\/media\/4949"}],"wp:attachment":[{"href":"https:\/\/www.checkout.luxaurabag.com\/fr\/wp-json\/wp\/v2\/media?parent=4432"}],"wp:term":[{"taxonomy":"product_brand","embeddable":true,"href":"https:\/\/www.checkout.luxaurabag.com\/fr\/wp-json\/wp\/v2\/product_brand?post=4432"},{"taxonomy":"product_cat","embeddable":true,"href":"https:\/\/www.checkout.luxaurabag.com\/fr\/wp-json\/wp\/v2\/product_cat?post=4432"},{"taxonomy":"product_tag","embeddable":true,"href":"https:\/\/www.checkout.luxaurabag.com\/fr\/wp-json\/wp\/v2\/product_tag?post=4432"}],"curies":[{"name":"wp","href":"https:\/\/api.w.org\/{rel}","templated":true}]}}