{"id":4598,"date":"2025-08-26T16:20:13","date_gmt":"2025-08-26T16:20:13","guid":{"rendered":"https:\/\/zoyaedit.com\/product\/gallon-shark-barefoot-shoes-socks-shoes-beach-shoes-fitness-shoes-yoga-shoes-driving-shoes-sports-shoes-thin-soles-casual-shoes\/"},"modified":"2025-08-31T18:06:46","modified_gmt":"2025-08-31T18:06:46","slug":"gallon-shark-barefoot-shoes-socks-shoes-beach-shoes-fitness-shoes-yoga-shoes-driving-shoes-sports-shoes-thin-soles-casual-shoes","status":"publish","type":"product","link":"https:\/\/www.checkout.luxaurabag.com\/fr\/produit\/gallon-shark-barefoot-shoes-socks-shoes-beach-shoes-fitness-shoes-yoga-shoes-driving-shoes-sports-shoes-thin-soles-casual-shoes\/","title":{"rendered":"FlexForm\u2122 Bare Trainer"},"content":{"rendered":"<p>Designed with a zero-drop sole that restores natural posture and a sock-fit knit upper that hugs like second skin, the\u00a0<em data-start='561' data-end='579'>FlexForm\u2122 Bare Trainer<\/em> disappears on your feet\u2014but transforms how you move. Lightweight, flexible, and grippy in all the right ways, it outperforms bulky shoes and insoles. Slip them on, and let your body do what it was built to.<\/p>\n<ul>\n<li data-start='842' data-end='901'>Zero-drop sole<\/li>\n<li data-start='842' data-end='901'>Promotes proper alignment &#038; natural gait<\/li>\n<li data-start='904' data-end='968'>Second-skin comfort &#038; breathability<\/li>\n<li data-start='1006' data-end='1067'>Non-slip rubber outsole<\/li>\n<li data-start='1070' data-end='1133'>Flexible, featherlight &#038; packable<\/li>\n<li data-start='1070' data-end='1133'>Machine-washable<\/li>\n<\/ul>","protected":false},"excerpt":{"rendered":"<p>Con\u00e7ue avec une semelle z\u00e9ro-drop qui r\u00e9tablit la posture naturelle et une tige en tricot ajust\u00e9e \u00e0 la chaussette qui l'\u00e9pouse comme une seconde peau, la FlexForm\u2122 Bare Trainer dispara\u00eet sur vos pieds - mais transforme la fa\u00e7on dont vous vous d\u00e9placez. L\u00e9g\u00e8re, souple et adh\u00e9rente \u00e0 souhait, elle surpasse les chaussures et les semelles encombrantes. Enfilez-les et laissez votre corps faire ce qu'il...<\/p>","protected":false},"featured_media":4994,"comment_status":"open","ping_status":"closed","template":"","meta":{"_kad_post_transparent":"","_kad_post_title":"","_kad_post_layout":"","_kad_post_sidebar_id":"","_kad_post_content_style":"","_kad_post_vertical_padding":"","_kad_post_feature":"","_kad_post_feature_position":"","_kad_post_header":false,"_kad_post_footer":false},"product_brand":[],"product_cat":[88],"product_tag":[],"class_list":{"0":"post-4598","1":"product","2":"type-product","3":"status-publish","4":"has-post-thumbnail","6":"product_cat-shoes","8":"first","9":"instock","10":"sale","11":"shipping-taxable","12":"purchasable","13":"product-type-variable","14":"entry","15":"content-bg","16":"loop-entry"},"_links":{"self":[{"href":"https:\/\/www.checkout.luxaurabag.com\/fr\/wp-json\/wp\/v2\/product\/4598","targetHints":{"allow":["GET"]}}],"collection":[{"href":"https:\/\/www.checkout.luxaurabag.com\/fr\/wp-json\/wp\/v2\/product"}],"about":[{"href":"https:\/\/www.checkout.luxaurabag.com\/fr\/wp-json\/wp\/v2\/types\/product"}],"replies":[{"embeddable":true,"href":"https:\/\/www.checkout.luxaurabag.com\/fr\/wp-json\/wp\/v2\/comments?post=4598"}],"wp:featuredmedia":[{"embeddable":true,"href":"https:\/\/www.checkout.luxaurabag.com\/fr\/wp-json\/wp\/v2\/media\/4994"}],"wp:attachment":[{"href":"https:\/\/www.checkout.luxaurabag.com\/fr\/wp-json\/wp\/v2\/media?parent=4598"}],"wp:term":[{"taxonomy":"product_brand","embeddable":true,"href":"https:\/\/www.checkout.luxaurabag.com\/fr\/wp-json\/wp\/v2\/product_brand?post=4598"},{"taxonomy":"product_cat","embeddable":true,"href":"https:\/\/www.checkout.luxaurabag.com\/fr\/wp-json\/wp\/v2\/product_cat?post=4598"},{"taxonomy":"product_tag","embeddable":true,"href":"https:\/\/www.checkout.luxaurabag.com\/fr\/wp-json\/wp\/v2\/product_tag?post=4598"}],"curies":[{"name":"wp","href":"https:\/\/api.w.org\/{rel}","templated":true}]}}