{"id":3150,"date":"2025-08-26T15:11:18","date_gmt":"2025-08-26T15:11:18","guid":{"rendered":"https:\/\/zoyaedit.com\/product\/black_leather_tote_bag_sale_unique_653816615\/"},"modified":"2025-08-31T18:05:25","modified_gmt":"2025-08-31T18:05:25","slug":"black_leather_tote_bag_sale_unique_653816615","status":"publish","type":"product","link":"https:\/\/www.checkout.luxaurabag.com\/pt\/produto\/black_leather_tote_bag_sale_unique_653816615\/","title":{"rendered":"Saco de couro preto VENDA - Saco de computador de couro exclusivo para trabalho escolar - Saco de compras de couro feito \u00e0 m\u00e3o - Saco de couro de viagem com fecho de correr"},"content":{"rendered":"<p class='wt-text-body-01 wt-break-word' data-product-details-description-text-content=''>            Todos os nossos sacos s\u00e3o feitos por encomenda. O tempo de produ\u00e7\u00e3o \u00e9 de 3-5 dias \u00fateis, at\u00e9 7 dias para encomendas personalizadas. <\/p>\n<p>Se pretender a bolsa numa cor diferente, selecione uma op\u00e7\u00e3o da listagem abaixo  <\/p>\n<p>Adicionar forro a qualquer um dos nossos sacos<\/p>\n<p>Medidas:<br \/>19\" de largura x 13\" de altura (base de 16\" de largura x4\" D)<br \/>Queda da al\u00e7a 11\"<\/p>\n<p>Esta \u00e9 uma bolsa com al\u00e7as entran\u00e7adas de 6 fios. <br \/>\u00c9 uma mala muito elegante e feminina.<br \/>\u00c9 fabricada em pele preta de gr\u00e3o integral e inclui uma borla.<br \/>\u00c9 perfeito para uso quotidiano ou para uma ocasi\u00e3o especial. <br \/>Esta \u00e9 uma mala muito elegante. \u00c9 um saco moderno e chique. <br \/>Esta bolsa \u00e9 \u00f3ptima para o trabalho, escola, lazer, compras, viagens, etc.<br \/>\u00c9 fabricada em pele amanteigada, espessa e com um toque de seixo. <br \/>Tem os nossos 2 bolsos normais no interior, um dos quais fecha com um fecho de correr.<\/p>\n<p>Couro:<br \/>O couro utilizado para esta bolsa \u00e9 o couro de seixo preto de gr\u00e3o integral. Mede 4,5 oz de espessura. <\/p>\n<p>***A nossa pele de flor integral \u00e9 a pele de maior qualidade dispon\u00edvel, que se embeleza com o uso e a idade e que durar\u00e1 uma vida inteira.<\/p>\n<p>         - Todas as nossas malas de couro s\u00e3o feitas \u00e0 m\u00e3o na nossa oficina na sec\u00e7\u00e3o Old City de Filad\u00e9lfia, PA.<br \/>         - Garantia vital\u00edcia!!! N\u00f3s reparamo-lo\/substitu\u00edmo-lo gratuitamente.\u00a0\u00a0<br \/>- Fabricada em pele resistente e de longa dura\u00e7\u00e3o, que durar\u00e1 uma vida inteira. Couro de origem americana e curtido no Maine.\u00a0\u00a0<br \/>         - Aceitam-se devolu\u00e7\u00f5es\/trocas com prazer.<br \/>Para quaisquer adi\u00e7\u00f5es, altera\u00e7\u00f5es de tamanho, bolsos e afins, clique nesta listagem abaixo<\/p>\n<p>A nossa pele de flor integral \u00e9 o tipo de pele de maior qualidade dispon\u00edvel, que se embeleza com o uso e a idade e que durar\u00e1 toda a vida.<\/p>\n<p>- Todas as nossas malas de couro s\u00e3o feitas \u00e0 m\u00e3o na nossa oficina na sec\u00e7\u00e3o Old City de Filad\u00e9lfia, PA<br \/>- Garantia vital\u00edcia! N\u00f3s reparamo-lo\/substitu\u00edmo-lo gratuitamente. <br \/>- Fabricada em pele resistente e de longa dura\u00e7\u00e3o, que durar\u00e1 uma vida inteira. Couro de origem americana e curtido no Maine.<br \/>- Aceitam-se devolu\u00e7\u00f5es\/trocas com prazer<\/p>\n<p>Se pretender fazer altera\u00e7\u00f5es, adi\u00e7\u00f5es, incluindo fecho de correr, mola, borla, bolso(s) extra(s), forro, ajustes de tamanho, etc.<br \/>clique aqui \ud83d\udc47\ud83c\udffb<\/p>\n<p>\u25bcINSTAGRAM E FACEBOOK<br \/>Visite a nossa conta no Instagram para ver diariamente as novas malas, o criador, as peles e o processo.<br \/>https:\/\/www.instagram.com\/urbanartisanboutique\/<br \/>https:\/\/www.facebook.com\/URBANARTISANBOUTIQUE<\/p>\n<p>&gt;Sobre n\u00f3s&lt;\n\nTodas as nossas bolsas de couro s\u00e3o feitas \u00e0 m\u00e3o na nossa loja\/loja de tijolo e argamassa em Philadelphia PA. As nossas malas s\u00e3o medidas, cortadas, cosidas e cuidadosamente inspeccionadas pela Victoria, que desenha e cria todos os nossos artigos em pele.Cada bolsa \u00e9 \u00fanica, chamando a aten\u00e7\u00e3o com esquemas de cores interessantes, juntamente com belas texturas de couro e camur\u00e7a.<br \/>Tamb\u00e9m temos todo o gosto em discutir encomendas e pedidos personalizados. <br \/>Somos uma empresa 100% detida e gerida por mulheres. <\/p>\n<p>Tivemos a sorte de ser apresentados no Philly Voice!!!<br \/>https:\/\/www.phillyvoice.com\/an-urban-artisan-from-another-land-is-making-it-work-in-the-big-city-victoria-macbain\/<\/p>\n<p>&gt;Couro &lt;\n\nUsamos couro de gr\u00e3o integral para todas as nossas sacolas, que \u00e9 o couro mais forte e mais dur\u00e1vel dispon\u00edvel. Usamos couro verdadeiro que n\u00e3o foi lixado ou raspado e cada pe\u00e7a tem uma textura \u00fanica e imperfei\u00e7\u00f5es naturais. A pele de gr\u00e3o integral condiciona-se naturalmente com o uso, desenvolvendo uma p\u00e1tina muito procurada e um car\u00e1cter \u00fanico ao longo do tempo.<br \/>Todas as nossas malas em pele s\u00e3o criadas num ambiente totalmente livre de animais de estima\u00e7\u00e3o e de fumo.Esfor\u00e7amo-nos por tornar a sua experi\u00eancia especial e satisfazer todas as suas expectativas de qualidade.<\/p>\n<p>&gt;As nossas pol\u00edticas<\n\nPlease read about our shipping details and shop policies before purchasing your goodies in tab above titled &#8216;Shipping &#038; Policies&#8217;. We love our customers and want you to love your shopping experience with us as much as we love you, so please do read our policies and contact us with any questions or concerns you may have.\n\n>Impostos de importa\u00e7\u00e3o e alf\u00e2ndegas&lt;\n\n\u2757\ufe0f\u2757\ufe0f\u2757\ufe0fSome *Ordens internacionais* estar\u00e3o sujeitas a taxas de importa\u00e7\u00e3o locais, que N\u00c3O est\u00e3o inclu\u00eddas no pre\u00e7o de venda. Os compradores s\u00e3o respons\u00e1veis pelo pagamento desses impostos.  Cada pa\u00eds \u00e9 diferente, alguns n\u00e3o t\u00eam imposto de importa\u00e7\u00e3o, para o resto - o comprador ser\u00e1 notificado apenas quando o pacote chegar ao pa\u00eds. <br \/>   N\u00c3O PODEMOS marcar as encomendas internacionais como \"Presentes\", o valor do conte\u00fado ser\u00e1 afixado no exterior da caixa com o formul\u00e1rio da alf\u00e2ndega.        <\/p>","protected":false},"excerpt":{"rendered":"<p>Todos os nossos sacos s\u00e3o feitos por encomenda. O tempo de produ\u00e7\u00e3o \u00e9 de 3-5 dias \u00fateis, at\u00e9 7 dias para encomendas personalizadas. Se quiser o saco numa cor diferente, escolha uma op\u00e7\u00e3o da listagem abaixo Adicionar forro a qualquer um dos nossos sacos Medidas:19\" largura x 13\" altura(16\" largura x4\" base D)Queda da al\u00e7a 11\"...<\/p>","protected":false},"featured_media":3619,"comment_status":"open","ping_status":"closed","template":"","meta":{"_kad_post_transparent":"","_kad_post_title":"","_kad_post_layout":"","_kad_post_sidebar_id":"","_kad_post_content_style":"","_kad_post_vertical_padding":"","_kad_post_feature":"","_kad_post_feature_position":"","_kad_post_header":false,"_kad_post_footer":false},"product_brand":[],"product_cat":[75],"product_tag":[],"class_list":{"0":"post-3150","1":"product","2":"type-product","3":"status-publish","4":"has-post-thumbnail","6":"product_cat-bags","8":"first","9":"instock","10":"shipping-taxable","11":"purchasable","12":"product-type-variable","13":"entry","14":"content-bg","15":"loop-entry"},"_links":{"self":[{"href":"https:\/\/www.checkout.luxaurabag.com\/pt\/wp-json\/wp\/v2\/product\/3150","targetHints":{"allow":["GET"]}}],"collection":[{"href":"https:\/\/www.checkout.luxaurabag.com\/pt\/wp-json\/wp\/v2\/product"}],"about":[{"href":"https:\/\/www.checkout.luxaurabag.com\/pt\/wp-json\/wp\/v2\/types\/product"}],"replies":[{"embeddable":true,"href":"https:\/\/www.checkout.luxaurabag.com\/pt\/wp-json\/wp\/v2\/comments?post=3150"}],"wp:featuredmedia":[{"embeddable":true,"href":"https:\/\/www.checkout.luxaurabag.com\/pt\/wp-json\/wp\/v2\/media\/3619"}],"wp:attachment":[{"href":"https:\/\/www.checkout.luxaurabag.com\/pt\/wp-json\/wp\/v2\/media?parent=3150"}],"wp:term":[{"taxonomy":"product_brand","embeddable":true,"href":"https:\/\/www.checkout.luxaurabag.com\/pt\/wp-json\/wp\/v2\/product_brand?post=3150"},{"taxonomy":"product_cat","embeddable":true,"href":"https:\/\/www.checkout.luxaurabag.com\/pt\/wp-json\/wp\/v2\/product_cat?post=3150"},{"taxonomy":"product_tag","embeddable":true,"href":"https:\/\/www.checkout.luxaurabag.com\/pt\/wp-json\/wp\/v2\/product_tag?post=3150"}],"curies":[{"name":"wp","href":"https:\/\/api.w.org\/{rel}","templated":true}]}}