{"id":3169,"date":"2025-08-26T15:11:18","date_gmt":"2025-08-26T15:11:18","guid":{"rendered":"https:\/\/zoyaedit.com\/product\/handmade_black_leather_tote_bag_large_1633465333\/"},"modified":"2025-08-31T18:05:27","modified_gmt":"2025-08-31T18:05:27","slug":"handmade_black_leather_tote_bag_large_1633465333","status":"publish","type":"product","link":"https:\/\/www.checkout.luxaurabag.com\/pt\/produto\/handmade_black_leather_tote_bag_large_1633465333\/","title":{"rendered":"Saco de couro preto feito \u00e0 m\u00e3o - Design de saco de ombro grande e macio"},"content":{"rendered":"<p class='wt-text-body-01 wt-break-word' data-product-details-description-text-content=''>            Um saco tote preto \u00e9 a combina\u00e7\u00e3o perfeita de estilo e funcionalidade. Esta espa\u00e7osa bolsa de couro \u00e9 feita de couro macio de primeira qualidade e foi concebida para a mulher moderna que aprecia a eleg\u00e2ncia e o conforto.<\/p>\n<p>As duas pegas confort\u00e1veis tornam-na f\u00e1cil de transportar. O design minimalista garante versatilidade, tornando esta bolsa perfeita para qualquer roupa, quer esteja a usar um conjunto elegante ou cal\u00e7as de ganga casuais, no trabalho ou em viagem.<\/p>\n<p>O fecho de correr pr\u00e1tico do saco tote manter\u00e1 os seus pertences seguros e protegidos. No interior, o forro de poli\u00e9ster leve garante uma manuten\u00e7\u00e3o f\u00e1cil e tamb\u00e9m encontrar\u00e1 dois bolsos para guardar os seus pequenos objectos.<\/p>\n<p>O que distingue este saco \u00e9 o facto de ser transform\u00e1vel. Pode ajustar o seu tamanho sem esfor\u00e7o e transform\u00e1-lo num saco mais pequeno, se necess\u00e1rio. Esta adaptabilidade acrescenta versatilidade ao seu guarda-roupa e facilita a mudan\u00e7a de estilo.<\/p>\n<p>Experimente uma sensa\u00e7\u00e3o de liberdade e leveza ao transportar esta mala, concebida para complementar o seu estilo de vida din\u00e2mico. <\/p>\n<p>Melhore o seu jogo de moda com uma mala de m\u00e3o que personifica a simplicidade, a sofistica\u00e7\u00e3o e a alegria da eleg\u00e2ncia sem esfor\u00e7o.<\/p>\n<p>Medidas:<\/p>\n<p>Comprimento 18,8 pol. \/ 48 cm<br \/>Largura 8,2 pol. \/ 21 cm<br \/>Altura 13,7 pol. \/ 35 cm<\/p>\n<p>Carater\u00edsticas:<\/p>\n<p>Couro genu\u00edno Dollaro: Esta bolsa \u00e9 feita de couro genu\u00edno Dollaro de alta qualidade, conhecido por sua durabilidade e acabamento texturizado exclusivo. As carater\u00edsticas naturais da pele conferem a cada saco um aspeto distinto, tornando-o numa escolha elegante e pr\u00e1tica.<\/p>\n<p> Interior de 1 compartimento<br \/>O compartimento principal oferece um amplo espa\u00e7o para os seus objectos essenciais, garantindo a sua organiza\u00e7\u00e3o em viagem.<\/p>\n<p>Mini bolso com fecho de correr<br \/>Perfeito para guardar objectos mais pequenos, mantendo-os seguros e f\u00e1ceis de encontrar.<\/p>\n<p>Bolso para telem\u00f3vel ou cart\u00e3o de identifica\u00e7\u00e3o<br \/>Um bolso dedicado para o seu telem\u00f3vel ou cart\u00e3o de identifica\u00e7\u00e3o, que lhe permite aceder comodamente aos seus objectos mais importantes.<\/p>\n<p>Bolso traseiro com fecho de correr<br \/>Um bolso adicional com fecho de correr na parte de tr\u00e1s oferece arruma\u00e7\u00e3o extra e seguran\u00e7a para os artigos que pretende manter por perto.<\/p>\n<p>Forro em poli\u00e9ster<br \/>O interior \u00e9 forrado com poli\u00e9ster dur\u00e1vel, protegendo os seus pertences e adicionando um acabamento polido.<\/p>\n<p>Acess\u00f3rios de prata<br \/>Os elegantes acess\u00f3rios prateados acrescentam um toque de sofistica\u00e7\u00e3o, complementando o design da mala de uma forma maravilhosa.<\/p>\n<p>\ud83d\udc50 Artesanato feito \u00e0 m\u00e3o<br \/>Esta mochila \u00e9 feita meticulosamente \u00e0 m\u00e3o, garantindo que cada pe\u00e7a \u00e9 \u00fanica e trabalhada com cuidado.<\/p>\n<p>Notas: A cor pode mudar devido \u00e0 configura\u00e7\u00e3o e calibra\u00e7\u00e3o do monitor. Todos os produtos s\u00e3o feitos \u00e0 m\u00e3o, pelo que podem existir pequenos desvios dimensionais e outras imprecis\u00f5es.        <\/p>","protected":false},"excerpt":{"rendered":"<p>Um saco tote preto \u00e9 a combina\u00e7\u00e3o perfeita de estilo e funcionalidade. Esta espa\u00e7osa bolsa de couro \u00e9 feita de couro macio de primeira qualidade e foi concebida para a mulher moderna que aprecia a eleg\u00e2ncia e o conforto. As duas pegas confort\u00e1veis tornam-na f\u00e1cil de transportar. O design minimalista garante versatilidade, tornando esta bolsa perfeita para qualquer roupa,...<\/p>","protected":false},"featured_media":3648,"comment_status":"open","ping_status":"closed","template":"","meta":{"_kad_post_transparent":"","_kad_post_title":"","_kad_post_layout":"","_kad_post_sidebar_id":"","_kad_post_content_style":"","_kad_post_vertical_padding":"","_kad_post_feature":"","_kad_post_feature_position":"","_kad_post_header":false,"_kad_post_footer":false},"product_brand":[],"product_cat":[75],"product_tag":[],"class_list":{"0":"post-3169","1":"product","2":"type-product","3":"status-publish","4":"has-post-thumbnail","6":"product_cat-bags","8":"first","9":"instock","10":"shipping-taxable","11":"purchasable","12":"product-type-variable","13":"entry","14":"content-bg","15":"loop-entry"},"_links":{"self":[{"href":"https:\/\/www.checkout.luxaurabag.com\/pt\/wp-json\/wp\/v2\/product\/3169","targetHints":{"allow":["GET"]}}],"collection":[{"href":"https:\/\/www.checkout.luxaurabag.com\/pt\/wp-json\/wp\/v2\/product"}],"about":[{"href":"https:\/\/www.checkout.luxaurabag.com\/pt\/wp-json\/wp\/v2\/types\/product"}],"replies":[{"embeddable":true,"href":"https:\/\/www.checkout.luxaurabag.com\/pt\/wp-json\/wp\/v2\/comments?post=3169"}],"wp:featuredmedia":[{"embeddable":true,"href":"https:\/\/www.checkout.luxaurabag.com\/pt\/wp-json\/wp\/v2\/media\/3648"}],"wp:attachment":[{"href":"https:\/\/www.checkout.luxaurabag.com\/pt\/wp-json\/wp\/v2\/media?parent=3169"}],"wp:term":[{"taxonomy":"product_brand","embeddable":true,"href":"https:\/\/www.checkout.luxaurabag.com\/pt\/wp-json\/wp\/v2\/product_brand?post=3169"},{"taxonomy":"product_cat","embeddable":true,"href":"https:\/\/www.checkout.luxaurabag.com\/pt\/wp-json\/wp\/v2\/product_cat?post=3169"},{"taxonomy":"product_tag","embeddable":true,"href":"https:\/\/www.checkout.luxaurabag.com\/pt\/wp-json\/wp\/v2\/product_tag?post=3169"}],"curies":[{"name":"wp","href":"https:\/\/api.w.org\/{rel}","templated":true}]}}