{"id":3528,"date":"2025-08-26T15:11:40","date_gmt":"2025-08-26T15:11:40","guid":{"rendered":"https:\/\/zoyaedit.com\/product\/leather_work_tote_bag_burgundy_tote_1859372622\/"},"modified":"2025-08-31T18:05:56","modified_gmt":"2025-08-31T18:05:56","slug":"leather_work_tote_bag_burgundy_tote_1859372622","status":"publish","type":"product","link":"https:\/\/www.checkout.luxaurabag.com\/pt\/produto\/leather_work_tote_bag_burgundy_tote_1859372622\/","title":{"rendered":"Saco de trabalho em pele, Saco em pele borgonha, Saco para computador port\u00e1til para mulher, Saco grande para mulher, Saco em pele borgonha"},"content":{"rendered":"<p class='wt-text-body-01 wt-break-word' data-product-details-description-text-content=''>            Bolsa para computador port\u00e1til em pele personalizada \ud83d\udc5d<\/p>\n<p>Eleve o seu estilo de trabalho com a nossa requintada bolsa para port\u00e1til em pele, fabricada com cuidado e concebida especialmente para mulheres. Esta bolsa elegante e funcional adapta-se perfeitamente a um port\u00e1til de 14 polegadas, tornando-a a sua companheira ideal para o trabalho e n\u00e3o s\u00f3. \ud83d\udcbb<\/p>\n<p>\u2728 Carater\u00edsticas:<\/p>\n<p>Couro de alta qualidade para um aspeto sofisticado e uma utiliza\u00e7\u00e3o duradoura \ud83c\udf1f<br \/>Personaliz\u00e1vel com as suas iniciais para um toque pessoal \ud83d\udd24<br \/>Interior espa\u00e7oso para guardar todos os seus objectos essenciais \ud83d\udcdd<br \/>V\u00e1rios compartimentos para uma arruma\u00e7\u00e3o organizada \ud83d\udcda<br \/>Al\u00e7as confort\u00e1veis para transportar facilmente ao ombro ou \u00e0 m\u00e3o \ud83d\udc5c<br \/>\ud83d\udc5c Perfeito para:<\/p>\n<p>Ambientes profissionais e de escrit\u00f3rio \ud83d\udcbc<br \/>Viajar em grande estilo com o seu computador port\u00e1til e artigos essenciais \u2708\ufe0f<br \/>Como um presente atencioso e elegante para as mulheres da sua vida \ud83c\udf81<br \/>\ud83d\udc96 Porque \u00e9 que vais adorar:<\/p>\n<p>Combina eleg\u00e2ncia e praticidade \ud83c\udf1f<br \/>Design vers\u00e1til que complementa qualquer roupa \ud83d\udc57<br \/>Torna as suas desloca\u00e7\u00f5es di\u00e1rias e o seu dia de trabalho mais organizados e elegantes \ud83d\udeb6\u200d\u2640\ufe0f<br \/>Atualize seus acess\u00f3rios de trabalho com nossa bolsa de couro personalizada para laptop e experimente a combina\u00e7\u00e3o perfeita de moda e funcionalidade. \ud83c\udf1f<\/p>\n<p>\ud83d\udd38\ud83d\udd38\ud83d\udd38 Altera\u00e7\u00f5es personalizadas a pedido \ud83d\udd38\ud83d\udd38\ud83d\udd38<\/p>\n<p>NOTA: Para encomendar um artigo personalizado, envie-nos um PEDIDO DE ENCOMENDA PERSONALIZADA.<\/p>\n<p>-------------------------<br \/>PERSONALIZA\u00c7\u00c3O<\/p>\n<p>As suas iniciais, texto ou imagem no artigo. <\/p>\n<p>\ud83d\udd38\ud83d\udd38\ud83d\udd38Como fazer seu item personalizado\ud83d\udd38\ud83d\udd38\ud83d\udd38\ud83d\udd38<br \/>1. Selecione \"Tamanho + Grava\u00e7\u00e3o\" no menu Tamanho e Personaliza\u00e7\u00e3o;<br \/>2. Deixe o texto para grava\u00e7\u00e3o na caixa Personaliza\u00e7\u00e3o;<br \/>3. Ou envie-nos um ficheiro de imagem.<\/p>\n<p>--------------------------<br \/>TRANSPORTE \u2708<\/p>\n<p>- Envio normal<br \/>- Envio expresso (2-4 dias \u00fateis), dispon\u00edvel mediante pedido<\/p>\n<p>--------------------------<br \/>VENDA POR GROSSO<\/p>\n<p>\ud83d\udd38\ud83d\udd38\ud83d\udd38 Por favor, entre em contato conosco para obter pre\u00e7os especiais em v\u00e1rios itens \ud83d\udd38\ud83d\udd38\ud83d\udd38<\/p>\n<p>--------------------------<br \/>PORQU\u00ca LezoStore:<\/p>\n<p>- Artigos artesanais;<br \/>- Couro e ferragens de qualidade superior;<br \/>- Vasta gama de cores e acess\u00f3rios dispon\u00edveis;<br \/>- Qualquer artigo pode ser personalizado;<br \/>- 12 meses de garantia.        <\/p>","protected":false},"excerpt":{"rendered":"<p>Bolsa de couro personalizada para laptop \ud83d\udc5d \ud83d\udcbc Eleve seu estilo de trabalho com nossa requintada bolsa de couro para laptop, feita com cuidado e projetada especialmente para mulheres. Esta bolsa elegante e funcional se encaixa perfeitamente em um laptop de 14 polegadas, tornando-o seu companheiro ideal para o trabalho e al\u00e9m. Carater\u00edsticas: Couro de alta qualidade para um visual sofisticado e dur\u00e1vel....<\/p>","protected":false},"featured_media":3735,"comment_status":"open","ping_status":"closed","template":"","meta":{"_kad_post_transparent":"","_kad_post_title":"","_kad_post_layout":"","_kad_post_sidebar_id":"","_kad_post_content_style":"","_kad_post_vertical_padding":"","_kad_post_feature":"","_kad_post_feature_position":"","_kad_post_header":false,"_kad_post_footer":false},"product_brand":[],"product_cat":[75],"product_tag":[],"class_list":{"0":"post-3528","1":"product","2":"type-product","3":"status-publish","4":"has-post-thumbnail","6":"product_cat-bags","8":"first","9":"instock","10":"shipping-taxable","11":"purchasable","12":"product-type-variable","13":"entry","14":"content-bg","15":"loop-entry"},"_links":{"self":[{"href":"https:\/\/www.checkout.luxaurabag.com\/pt\/wp-json\/wp\/v2\/product\/3528","targetHints":{"allow":["GET"]}}],"collection":[{"href":"https:\/\/www.checkout.luxaurabag.com\/pt\/wp-json\/wp\/v2\/product"}],"about":[{"href":"https:\/\/www.checkout.luxaurabag.com\/pt\/wp-json\/wp\/v2\/types\/product"}],"replies":[{"embeddable":true,"href":"https:\/\/www.checkout.luxaurabag.com\/pt\/wp-json\/wp\/v2\/comments?post=3528"}],"wp:featuredmedia":[{"embeddable":true,"href":"https:\/\/www.checkout.luxaurabag.com\/pt\/wp-json\/wp\/v2\/media\/3735"}],"wp:attachment":[{"href":"https:\/\/www.checkout.luxaurabag.com\/pt\/wp-json\/wp\/v2\/media?parent=3528"}],"wp:term":[{"taxonomy":"product_brand","embeddable":true,"href":"https:\/\/www.checkout.luxaurabag.com\/pt\/wp-json\/wp\/v2\/product_brand?post=3528"},{"taxonomy":"product_cat","embeddable":true,"href":"https:\/\/www.checkout.luxaurabag.com\/pt\/wp-json\/wp\/v2\/product_cat?post=3528"},{"taxonomy":"product_tag","embeddable":true,"href":"https:\/\/www.checkout.luxaurabag.com\/pt\/wp-json\/wp\/v2\/product_tag?post=3528"}],"curies":[{"name":"wp","href":"https:\/\/api.w.org\/{rel}","templated":true}]}}