{"id":3864,"date":"2025-08-26T16:19:41","date_gmt":"2025-08-26T16:19:41","guid":{"rendered":"https:\/\/zoyaedit.com\/product\/atlas-handcrafted-leather-boot-copy\/"},"modified":"2025-08-31T18:06:02","modified_gmt":"2025-08-31T18:06:02","slug":"atlas-handcrafted-leather-boot-copy","status":"publish","type":"product","link":"https:\/\/www.checkout.luxaurabag.com\/pt\/produto\/atlas-handcrafted-leather-boot-copy\/","title":{"rendered":"Mocassim com borla barroco"},"content":{"rendered":"<p>Concebidos para o cavalheiro exigente, estes mocassins em pele de gr\u00e3o integral combinam um estilo vintage com um estilo moderno. Com os seus elegantes pormenores em borla, o acabamento polido \u00e0 m\u00e3o e o conforto inigual\u00e1vel, estes mocassins elevam instantaneamente qualquer roupa. <meta charset='utf-8'>A biqueira quadrada e o design intrincado com v\u00e1rios pontos oferecem um equil\u00edbrio requintado de sofistica\u00e7\u00e3o moderna e artesanato intemporal. Perfeitos para salas de reuni\u00f5es ou sa\u00eddas \u00e0 noite, exalam confian\u00e7a, classe e charme sem esfor\u00e7o.<\/p>\n<ul>\n<li>Couro de primeira qualidade de flor integral polido \u00e0 m\u00e3o<\/li>\n<li>Biqueira quadrada e detalhes em borla<\/li>\n<li>Constru\u00e7\u00e3o refor\u00e7ada com v\u00e1rias costuras<\/li>\n<li>Palmilha almofadada<\/li>\n<li>Sola antiderrapante<\/li>\n<\/ul>","protected":false},"excerpt":{"rendered":"<p>Concebidos para o cavalheiro exigente, estes mocassins em pele de gr\u00e3o integral combinam um estilo vintage com um estilo moderno. Com os seus elegantes pormenores em borla, acabamento polido \u00e0 m\u00e3o e conforto inigual\u00e1vel, estes mocassins elevam instantaneamente qualquer roupa. A biqueira quadrada e o design intrincado com v\u00e1rios pontos oferecem um equil\u00edbrio requintado de sofistica\u00e7\u00e3o moderna e artesanato intemporal. Perfeitos para salas de reuni\u00f5es ou sa\u00eddas \u00e0 noite, exalam...<\/p>","protected":false},"featured_media":4714,"comment_status":"open","ping_status":"closed","template":"","meta":{"_kad_post_transparent":"","_kad_post_title":"","_kad_post_layout":"","_kad_post_sidebar_id":"","_kad_post_content_style":"","_kad_post_vertical_padding":"","_kad_post_feature":"","_kad_post_feature_position":"","_kad_post_header":false,"_kad_post_footer":false},"product_brand":[],"product_cat":[88],"product_tag":[],"class_list":{"0":"post-3864","1":"product","2":"type-product","3":"status-publish","4":"has-post-thumbnail","6":"product_cat-shoes","8":"first","9":"instock","10":"sale","11":"shipping-taxable","12":"purchasable","13":"product-type-variable","14":"entry","15":"content-bg","16":"loop-entry"},"_links":{"self":[{"href":"https:\/\/www.checkout.luxaurabag.com\/pt\/wp-json\/wp\/v2\/product\/3864","targetHints":{"allow":["GET"]}}],"collection":[{"href":"https:\/\/www.checkout.luxaurabag.com\/pt\/wp-json\/wp\/v2\/product"}],"about":[{"href":"https:\/\/www.checkout.luxaurabag.com\/pt\/wp-json\/wp\/v2\/types\/product"}],"replies":[{"embeddable":true,"href":"https:\/\/www.checkout.luxaurabag.com\/pt\/wp-json\/wp\/v2\/comments?post=3864"}],"wp:featuredmedia":[{"embeddable":true,"href":"https:\/\/www.checkout.luxaurabag.com\/pt\/wp-json\/wp\/v2\/media\/4714"}],"wp:attachment":[{"href":"https:\/\/www.checkout.luxaurabag.com\/pt\/wp-json\/wp\/v2\/media?parent=3864"}],"wp:term":[{"taxonomy":"product_brand","embeddable":true,"href":"https:\/\/www.checkout.luxaurabag.com\/pt\/wp-json\/wp\/v2\/product_brand?post=3864"},{"taxonomy":"product_cat","embeddable":true,"href":"https:\/\/www.checkout.luxaurabag.com\/pt\/wp-json\/wp\/v2\/product_cat?post=3864"},{"taxonomy":"product_tag","embeddable":true,"href":"https:\/\/www.checkout.luxaurabag.com\/pt\/wp-json\/wp\/v2\/product_tag?post=3864"}],"curies":[{"name":"wp","href":"https:\/\/api.w.org\/{rel}","templated":true}]}}