{"id":3889,"date":"2025-08-26T16:19:42","date_gmt":"2025-08-26T16:19:42","guid":{"rendered":"https:\/\/zoyaedit.com\/product\/mens-leather-boots\/"},"modified":"2025-08-31T18:06:04","modified_gmt":"2025-08-31T18:06:04","slug":"mens-leather-boots","status":"publish","type":"product","link":"https:\/\/www.checkout.luxaurabag.com\/pt\/produto\/mens-leather-boots\/","title":{"rendered":"Bota Chelsea Belfort"},"content":{"rendered":"<p data-end='481' data-start='172'><meta charset='utf-8'>Criadas a partir de uma pele elegante, polida e de gr\u00e3o integral, estas botas Chelsea t\u00eam<meta charset='utf-8'> uma est\u00e9tica refinada e personalizada. A tira com fivela esculpida e o fecho de correr lateral elevam instantaneamente qualquer roupa, enquanto os contornos cosidos com precis\u00e3o criam uma silhueta n\u00edtida e aerodin\u00e2mica. Complementadas por uma sola exterior de borracha refor\u00e7ada para conforto e durabilidade durante todo o dia, estas botas d\u00e3o-lhe uma vantagem instant\u00e2nea - polidas, confiantes e prontas para vencer.<span><\/span><\/p>\n<ul>\n<li data-end='934' data-start='866'><meta charset='utf-8'>Pele polida e elegante<\/li>\n<li data-end='934' data-start='866'>Fivela ajust\u00e1vel\u00a0<meta charset='utf-8'><\/li>\n<li data-end='1004' data-start='935'><meta charset='utf-8'> <meta charset='utf-8'>Fecho de correr lateral sem costuras<\/li>\n<li data-end='1077' data-start='1005'>Sola de borracha dur\u00e1vel\u00a0<\/li>\n<li data-end='1077' data-start='1005'><meta charset='utf-8'>Forro de couro respir\u00e1vel<\/li>\n<\/ul>","protected":false},"excerpt":{"rendered":"<p>Fabricadas em pele elegante, polida e de flor integral, estas botas Chelsea apresentam uma est\u00e9tica refinada e personalizada. A tira com fivela esculpida e o fecho de correr lateral elevam instantaneamente qualquer roupa, enquanto os contornos cosidos com precis\u00e3o criam uma silhueta n\u00edtida e aerodin\u00e2mica. Complementadas por uma sola exterior de borracha refor\u00e7ada para conforto e durabilidade durante todo o dia, estas botas d\u00e3o-lhe uma vantagem instant\u00e2nea - polida, confiante e...<\/p>","protected":false},"featured_media":4730,"comment_status":"open","ping_status":"closed","template":"","meta":{"_kad_post_transparent":"","_kad_post_title":"","_kad_post_layout":"","_kad_post_sidebar_id":"","_kad_post_content_style":"","_kad_post_vertical_padding":"","_kad_post_feature":"","_kad_post_feature_position":"","_kad_post_header":false,"_kad_post_footer":false},"product_brand":[],"product_cat":[88],"product_tag":[],"class_list":{"0":"post-3889","1":"product","2":"type-product","3":"status-publish","4":"has-post-thumbnail","6":"product_cat-shoes","8":"first","9":"instock","10":"shipping-taxable","11":"purchasable","12":"product-type-variable","13":"entry","14":"content-bg","15":"loop-entry"},"_links":{"self":[{"href":"https:\/\/www.checkout.luxaurabag.com\/pt\/wp-json\/wp\/v2\/product\/3889","targetHints":{"allow":["GET"]}}],"collection":[{"href":"https:\/\/www.checkout.luxaurabag.com\/pt\/wp-json\/wp\/v2\/product"}],"about":[{"href":"https:\/\/www.checkout.luxaurabag.com\/pt\/wp-json\/wp\/v2\/types\/product"}],"replies":[{"embeddable":true,"href":"https:\/\/www.checkout.luxaurabag.com\/pt\/wp-json\/wp\/v2\/comments?post=3889"}],"wp:featuredmedia":[{"embeddable":true,"href":"https:\/\/www.checkout.luxaurabag.com\/pt\/wp-json\/wp\/v2\/media\/4730"}],"wp:attachment":[{"href":"https:\/\/www.checkout.luxaurabag.com\/pt\/wp-json\/wp\/v2\/media?parent=3889"}],"wp:term":[{"taxonomy":"product_brand","embeddable":true,"href":"https:\/\/www.checkout.luxaurabag.com\/pt\/wp-json\/wp\/v2\/product_brand?post=3889"},{"taxonomy":"product_cat","embeddable":true,"href":"https:\/\/www.checkout.luxaurabag.com\/pt\/wp-json\/wp\/v2\/product_cat?post=3889"},{"taxonomy":"product_tag","embeddable":true,"href":"https:\/\/www.checkout.luxaurabag.com\/pt\/wp-json\/wp\/v2\/product_tag?post=3889"}],"curies":[{"name":"wp","href":"https:\/\/api.w.org\/{rel}","templated":true}]}}