{"id":3916,"date":"2025-08-26T16:19:43","date_gmt":"2025-08-26T16:19:43","guid":{"rendered":"https:\/\/zoyaedit.com\/product\/aether-flex-sneakers-copy\/"},"modified":"2025-08-31T18:06:06","modified_gmt":"2025-08-31T18:06:06","slug":"aether-flex-sneakers-copy","status":"publish","type":"product","link":"https:\/\/www.checkout.luxaurabag.com\/pt\/produto\/aether-flex-sneakers-copy\/","title":{"rendered":"Mocassins com borla em veludo Bellavetro"},"content":{"rendered":"<p>Com uma parte superior de veludo luxuosa combinada com pele envernizada brilhante, estes mocassins foram concebidos para o cavalheiro moderno. Os detalhes em borla e as linhas suaves d\u00e3o um toque de sofistica\u00e7\u00e3o, tornando-os ideais para ocasi\u00f5es formais ou looks casuais de luxo. Caminhe com conforto e estilo com sapatos que causam uma boa impress\u00e3o, a cada passo do caminho. <meta charset='utf-8'>Com todos os detalhes meticulosamente concebidos para o luxo e o conforto, sentir-se-\u00e1 t\u00e3o bem como parece.<\/p>\n<ul>\n<li>Acabamento brilhante<\/li>\n<li>Acentos elegantes com borlas<\/li>\n<li>Palmilha macia e almofadada<meta charset='utf-8'><\/li>\n<li>Forro interior macio e design ergon\u00f3mico<\/li>\n<li>Fabricado em couro envernizado de alta qualidade e veludo de pel\u00facia<\/li>\n<\/ul>","protected":false},"excerpt":{"rendered":"<p>Com uma parte superior em veludo luxuoso combinada com pele envernizada brilhante, estes mocassins foram concebidos para o cavalheiro moderno. Os detalhes em borla e as linhas suaves d\u00e3o um toque de sofistica\u00e7\u00e3o, tornando-os ideais para ocasi\u00f5es formais ou looks casuais de luxo. Caminhe com conforto e estilo com sapatos que impressionam a cada passo....<\/p>","protected":false},"featured_media":4748,"comment_status":"open","ping_status":"closed","template":"","meta":{"_kad_post_transparent":"","_kad_post_title":"","_kad_post_layout":"","_kad_post_sidebar_id":"","_kad_post_content_style":"","_kad_post_vertical_padding":"","_kad_post_feature":"","_kad_post_feature_position":"","_kad_post_header":false,"_kad_post_footer":false},"product_brand":[],"product_cat":[88],"product_tag":[],"class_list":{"0":"post-3916","1":"product","2":"type-product","3":"status-publish","4":"has-post-thumbnail","6":"product_cat-shoes","8":"first","9":"instock","10":"sale","11":"shipping-taxable","12":"purchasable","13":"product-type-variable","14":"entry","15":"content-bg","16":"loop-entry"},"_links":{"self":[{"href":"https:\/\/www.checkout.luxaurabag.com\/pt\/wp-json\/wp\/v2\/product\/3916","targetHints":{"allow":["GET"]}}],"collection":[{"href":"https:\/\/www.checkout.luxaurabag.com\/pt\/wp-json\/wp\/v2\/product"}],"about":[{"href":"https:\/\/www.checkout.luxaurabag.com\/pt\/wp-json\/wp\/v2\/types\/product"}],"replies":[{"embeddable":true,"href":"https:\/\/www.checkout.luxaurabag.com\/pt\/wp-json\/wp\/v2\/comments?post=3916"}],"wp:featuredmedia":[{"embeddable":true,"href":"https:\/\/www.checkout.luxaurabag.com\/pt\/wp-json\/wp\/v2\/media\/4748"}],"wp:attachment":[{"href":"https:\/\/www.checkout.luxaurabag.com\/pt\/wp-json\/wp\/v2\/media?parent=3916"}],"wp:term":[{"taxonomy":"product_brand","embeddable":true,"href":"https:\/\/www.checkout.luxaurabag.com\/pt\/wp-json\/wp\/v2\/product_brand?post=3916"},{"taxonomy":"product_cat","embeddable":true,"href":"https:\/\/www.checkout.luxaurabag.com\/pt\/wp-json\/wp\/v2\/product_cat?post=3916"},{"taxonomy":"product_tag","embeddable":true,"href":"https:\/\/www.checkout.luxaurabag.com\/pt\/wp-json\/wp\/v2\/product_tag?post=3916"}],"curies":[{"name":"wp","href":"https:\/\/api.w.org\/{rel}","templated":true}]}}