{"id":4045,"date":"2025-08-26T16:19:50","date_gmt":"2025-08-26T16:19:50","guid":{"rendered":"https:\/\/zoyaedit.com\/product\/leather-shoes\/"},"modified":"2025-08-31T18:06:13","modified_gmt":"2025-08-31T18:06:13","slug":"leather-shoes","status":"publish","type":"product","link":"https:\/\/www.checkout.luxaurabag.com\/pt\/produto\/leather-shoes\/","title":{"rendered":"T\u00e9nis de couro Canyon Stride"},"content":{"rendered":"<p data-start='88' data-end='519'>Fabricados em pele genu\u00edna, o forro em algod\u00e3o respir\u00e1vel destes t\u00e9nis garante conforto durante todo o dia, enquanto a sola exterior texturada antiderrapante proporciona tra\u00e7\u00e3o e ader\u00eancia superiores. Os pain\u00e9is laterais perfurados melhoram a respirabilidade do fluxo de ar e o calcanhar refor\u00e7ado proporciona um apoio extra. Com acabamento em tons ricos e terrosos, estes t\u00e9nis s\u00e3o perfeitos para qualquer aventura.<\/p>\n<ul data-start='541' data-end='845'>\n<li data-start='612' data-end='672'>Couro genu\u00edno<\/li>\n<li data-start='612' data-end='672'>Pain\u00e9is laterais perfurados<\/li>\n<li data-start='612' data-end='672'>Respirabilidade melhorada<\/li>\n<li data-start='673' data-end='734'>Sola exterior antiderrapante texturizada<\/li>\n<li data-start='735' data-end='787'><span data-start='740' data-end='757'>Pr\u00e9mio c<\/span>forro de lona\u00a0<\/li>\n<\/ul>","protected":false},"excerpt":{"rendered":"<p>Fabricados em pele genu\u00edna, o forro em algod\u00e3o respir\u00e1vel destes t\u00e9nis garante conforto durante todo o dia, enquanto a sola exterior texturada antiderrapante proporciona tra\u00e7\u00e3o e ader\u00eancia superiores. Os pain\u00e9is laterais perfurados melhoram a respirabilidade do fluxo de ar e o calcanhar refor\u00e7ado proporciona um apoio extra. Com acabamento em tons ricos e terrosos, estes sapatos s\u00e3o perfeitos para qualquer aventura. Pele genu\u00edna Pain\u00e9is laterais perfurados para melhorar a respirabilidade Texturizada...<\/p>","protected":false},"featured_media":4770,"comment_status":"open","ping_status":"closed","template":"","meta":{"_kad_post_transparent":"","_kad_post_title":"","_kad_post_layout":"","_kad_post_sidebar_id":"","_kad_post_content_style":"","_kad_post_vertical_padding":"","_kad_post_feature":"","_kad_post_feature_position":"","_kad_post_header":false,"_kad_post_footer":false},"product_brand":[],"product_cat":[88],"product_tag":[],"class_list":{"0":"post-4045","1":"product","2":"type-product","3":"status-publish","4":"has-post-thumbnail","6":"product_cat-shoes","8":"first","9":"instock","10":"sale","11":"shipping-taxable","12":"purchasable","13":"product-type-variable","14":"entry","15":"content-bg","16":"loop-entry"},"_links":{"self":[{"href":"https:\/\/www.checkout.luxaurabag.com\/pt\/wp-json\/wp\/v2\/product\/4045","targetHints":{"allow":["GET"]}}],"collection":[{"href":"https:\/\/www.checkout.luxaurabag.com\/pt\/wp-json\/wp\/v2\/product"}],"about":[{"href":"https:\/\/www.checkout.luxaurabag.com\/pt\/wp-json\/wp\/v2\/types\/product"}],"replies":[{"embeddable":true,"href":"https:\/\/www.checkout.luxaurabag.com\/pt\/wp-json\/wp\/v2\/comments?post=4045"}],"wp:featuredmedia":[{"embeddable":true,"href":"https:\/\/www.checkout.luxaurabag.com\/pt\/wp-json\/wp\/v2\/media\/4770"}],"wp:attachment":[{"href":"https:\/\/www.checkout.luxaurabag.com\/pt\/wp-json\/wp\/v2\/media?parent=4045"}],"wp:term":[{"taxonomy":"product_brand","embeddable":true,"href":"https:\/\/www.checkout.luxaurabag.com\/pt\/wp-json\/wp\/v2\/product_brand?post=4045"},{"taxonomy":"product_cat","embeddable":true,"href":"https:\/\/www.checkout.luxaurabag.com\/pt\/wp-json\/wp\/v2\/product_cat?post=4045"},{"taxonomy":"product_tag","embeddable":true,"href":"https:\/\/www.checkout.luxaurabag.com\/pt\/wp-json\/wp\/v2\/product_tag?post=4045"}],"curies":[{"name":"wp","href":"https:\/\/api.w.org\/{rel}","templated":true}]}}