{"id":4107,"date":"2025-08-26T16:19:52","date_gmt":"2025-08-26T16:19:52","guid":{"rendered":"https:\/\/zoyaedit.com\/product\/castellano-leather-sandal\/"},"modified":"2025-08-31T18:06:16","modified_gmt":"2025-08-31T18:06:16","slug":"castellano-leather-sandal","status":"publish","type":"product","link":"https:\/\/www.checkout.luxaurabag.com\/pt\/produto\/castellano-leather-sandal\/","title":{"rendered":"Sand\u00e1lia de couro Castellano"},"content":{"rendered":"<p data-start='0' data-end='304'>Conforto desgastado desde o primeiro dia. Estas sand\u00e1lias apresentam tiras cruzadas em pele de vaca com um aspeto naturalmente envelhecido e uma palmilha em pele genu\u00edna que amacia e se molda ao seu p\u00e9. Concebidas para o uso di\u00e1rio, s\u00e3o feitas para durar ao longo de ver\u00f5es intermin\u00e1veis sem perderem a forma - ou a vantagem.<\/p>\n<ul>\n<li><meta charset='utf-8'>Couro genu\u00edno<\/li>\n<li><meta charset='utf-8'> <meta charset='utf-8'>Correia cruzada em tecido elegante<\/li>\n<li><meta charset='utf-8'> <meta charset='utf-8'>Palmilha macia e almofadada<meta charset='utf-8'> <\/li>\n<li><meta charset='utf-8'>Pormenores cosidos \u00e0 m\u00e3o<\/li>\n<li><meta charset='utf-8'>Sola de borracha antiderrapante<meta charset='utf-8'><strong data-start='419' data-end='438'><\/strong><\/li>\n<\/ul>","protected":false},"excerpt":{"rendered":"<p>Conforto desgastado desde o primeiro dia. Estas sand\u00e1lias apresentam tiras cruzadas em pele de vaca com um aspeto naturalmente envelhecido e uma palmilha em pele genu\u00edna que amacia e se molda ao seu p\u00e9. Concebidas para o uso di\u00e1rio, s\u00e3o feitas para durar ao longo de ver\u00f5es intermin\u00e1veis sem perder a sua forma - ou a sua vantagem. Pele genu\u00edna Tira cruzada tecida elegante Palmilha almofadada macia Pormenores cosidos \u00e0 m\u00e3o Antiderrapante...<\/p>","protected":false},"featured_media":4810,"comment_status":"open","ping_status":"closed","template":"","meta":{"_kad_post_transparent":"","_kad_post_title":"","_kad_post_layout":"","_kad_post_sidebar_id":"","_kad_post_content_style":"","_kad_post_vertical_padding":"","_kad_post_feature":"","_kad_post_feature_position":"","_kad_post_header":false,"_kad_post_footer":false},"product_brand":[],"product_cat":[88],"product_tag":[],"class_list":{"0":"post-4107","1":"product","2":"type-product","3":"status-publish","4":"has-post-thumbnail","6":"product_cat-shoes","8":"first","9":"instock","10":"sale","11":"shipping-taxable","12":"purchasable","13":"product-type-variable","14":"entry","15":"content-bg","16":"loop-entry"},"_links":{"self":[{"href":"https:\/\/www.checkout.luxaurabag.com\/pt\/wp-json\/wp\/v2\/product\/4107","targetHints":{"allow":["GET"]}}],"collection":[{"href":"https:\/\/www.checkout.luxaurabag.com\/pt\/wp-json\/wp\/v2\/product"}],"about":[{"href":"https:\/\/www.checkout.luxaurabag.com\/pt\/wp-json\/wp\/v2\/types\/product"}],"replies":[{"embeddable":true,"href":"https:\/\/www.checkout.luxaurabag.com\/pt\/wp-json\/wp\/v2\/comments?post=4107"}],"wp:featuredmedia":[{"embeddable":true,"href":"https:\/\/www.checkout.luxaurabag.com\/pt\/wp-json\/wp\/v2\/media\/4810"}],"wp:attachment":[{"href":"https:\/\/www.checkout.luxaurabag.com\/pt\/wp-json\/wp\/v2\/media?parent=4107"}],"wp:term":[{"taxonomy":"product_brand","embeddable":true,"href":"https:\/\/www.checkout.luxaurabag.com\/pt\/wp-json\/wp\/v2\/product_brand?post=4107"},{"taxonomy":"product_cat","embeddable":true,"href":"https:\/\/www.checkout.luxaurabag.com\/pt\/wp-json\/wp\/v2\/product_cat?post=4107"},{"taxonomy":"product_tag","embeddable":true,"href":"https:\/\/www.checkout.luxaurabag.com\/pt\/wp-json\/wp\/v2\/product_tag?post=4107"}],"curies":[{"name":"wp","href":"https:\/\/api.w.org\/{rel}","templated":true}]}}