{"id":4297,"date":"2025-08-26T16:20:00","date_gmt":"2025-08-26T16:20:00","guid":{"rendered":"https:\/\/zoyaedit.com\/product\/driftwood-leather-sandal\/"},"modified":"2025-08-31T18:06:27","modified_gmt":"2025-08-31T18:06:27","slug":"driftwood-leather-sandal","status":"publish","type":"product","link":"https:\/\/www.checkout.luxaurabag.com\/pt\/produto\/driftwood-leather-sandal\/","title":{"rendered":"Sand\u00e1lia de couro Driftwood"},"content":{"rendered":"<p><meta charset='UTF-8'><span>Com tiras de couro vegan macio\u00a0<meta charset='utf-8'>que se moldam suavemente aos seus p\u00e9s e uma palmilha esculpida em madeira, estas sand\u00e1lias combinam detalhes trabalhados com um toque descontra\u00eddo. <meta charset='utf-8'>O suporte de arco contornado e o calcanhar de slingback mant\u00eam o ajuste est\u00e1vel, sem escorregar e confort\u00e1vel durante todo o dia - perfeito para passeios na cidade ou para relaxar \u00e0 beira da piscina.\u00a0<\/span><span><\/span><\/p>\n<ul>\n<li><meta charset='utf-8'> <meta charset='utf-8'>Tiras em pele vegana lisa<\/li>\n<li><meta charset='utf-8'>Palmilha com textura de madeira<\/li>\n<li><meta charset='utf-8'> <meta charset='utf-8'>Ajuste confort\u00e1vel ao p\u00e9<\/li>\n<li><meta charset='utf-8'>Suporte de arco contornado<\/li>\n<li><meta charset='utf-8'> <span>T<meta charset='utf-8'>resistente ao desgaste e \u00e0 abras\u00e3o<\/span><\/li>\n<li><meta charset='utf-8'> <meta charset='utf-8'>Sola antiderrapante<meta charset='utf-8'> <meta charset='utf-8'><\/li>\n<\/ul>","protected":false},"excerpt":{"rendered":"<p>Com tiras de couro vegan macio que se moldam suavemente aos seus p\u00e9s e uma palmilha esculpida em madeira, estas sand\u00e1lias combinam detalhes trabalhados com um toque descontra\u00eddo. O suporte de arco contornado e um calcanhar de funda mant\u00eam o ajuste est\u00e1vel, sem escorregar e confort\u00e1vel durante todo o dia - perfeito para passeios na cidade ou para relaxar \u00e0 beira da piscina.  Tiras lisas em pele vegana Palmilha com textura de madeira Ajuste confort\u00e1vel e moldado ao p\u00e9...<\/p>","protected":false},"featured_media":4909,"comment_status":"open","ping_status":"closed","template":"","meta":{"_kad_post_transparent":"","_kad_post_title":"","_kad_post_layout":"","_kad_post_sidebar_id":"","_kad_post_content_style":"","_kad_post_vertical_padding":"","_kad_post_feature":"","_kad_post_feature_position":"","_kad_post_header":false,"_kad_post_footer":false},"product_brand":[],"product_cat":[88],"product_tag":[],"class_list":{"0":"post-4297","1":"product","2":"type-product","3":"status-publish","4":"has-post-thumbnail","6":"product_cat-shoes","8":"first","9":"instock","10":"sale","11":"shipping-taxable","12":"purchasable","13":"product-type-variable","14":"entry","15":"content-bg","16":"loop-entry"},"_links":{"self":[{"href":"https:\/\/www.checkout.luxaurabag.com\/pt\/wp-json\/wp\/v2\/product\/4297","targetHints":{"allow":["GET"]}}],"collection":[{"href":"https:\/\/www.checkout.luxaurabag.com\/pt\/wp-json\/wp\/v2\/product"}],"about":[{"href":"https:\/\/www.checkout.luxaurabag.com\/pt\/wp-json\/wp\/v2\/types\/product"}],"replies":[{"embeddable":true,"href":"https:\/\/www.checkout.luxaurabag.com\/pt\/wp-json\/wp\/v2\/comments?post=4297"}],"wp:featuredmedia":[{"embeddable":true,"href":"https:\/\/www.checkout.luxaurabag.com\/pt\/wp-json\/wp\/v2\/media\/4909"}],"wp:attachment":[{"href":"https:\/\/www.checkout.luxaurabag.com\/pt\/wp-json\/wp\/v2\/media?parent=4297"}],"wp:term":[{"taxonomy":"product_brand","embeddable":true,"href":"https:\/\/www.checkout.luxaurabag.com\/pt\/wp-json\/wp\/v2\/product_brand?post=4297"},{"taxonomy":"product_cat","embeddable":true,"href":"https:\/\/www.checkout.luxaurabag.com\/pt\/wp-json\/wp\/v2\/product_cat?post=4297"},{"taxonomy":"product_tag","embeddable":true,"href":"https:\/\/www.checkout.luxaurabag.com\/pt\/wp-json\/wp\/v2\/product_tag?post=4297"}],"curies":[{"name":"wp","href":"https:\/\/api.w.org\/{rel}","templated":true}]}}