{"id":4343,"date":"2025-08-26T16:20:01","date_gmt":"2025-08-26T16:20:01","guid":{"rendered":"https:\/\/zoyaedit.com\/product\/shoes-4\/"},"modified":"2025-08-31T18:06:29","modified_gmt":"2025-08-31T18:06:29","slug":"shoes-4","status":"publish","type":"product","link":"https:\/\/www.checkout.luxaurabag.com\/pt\/produto\/shoes-4\/","title":{"rendered":"T\u00e9nis Dune Classic Series"},"content":{"rendered":"<p><meta charset='utf-8'>Esculpidas com sobreposi\u00e7\u00f5es de camur\u00e7a tonal e pain\u00e9is de malha respir\u00e1vel, estas sapatilhas de baixo perfil oferecem um equil\u00edbrio perfeito entre conforto e estilo pronto para a rua. A silhueta minimalista \u00e9 rematada com uma sola de goma para ader\u00eancia e um toque discreto.<\/p>\n<ul>\n<li><meta charset='utf-8'> <span>Topo em camur\u00e7a e malha de qualidade superior<\/span><\/li>\n<li><meta charset='utf-8'>Leve e respir\u00e1vel<\/li>\n<li>Constru\u00e7\u00e3o flex\u00edvel<\/li>\n<li>Palmilha almofadada<\/li>\n<li><span><meta charset='utf-8'>Sola exterior de borracha texturizada<\/span><meta charset='utf-8'><\/li>\n<\/ul>","protected":false},"excerpt":{"rendered":"<p>Esculpidos com sobreposi\u00e7\u00f5es de camur\u00e7a tonal e pain\u00e9is de malha respir\u00e1vel, estes t\u00e9nis de baixo perfil oferecem um equil\u00edbrio perfeito entre conforto e estilo pronto para a rua. A silhueta minimalista \u00e9 rematada com uma sola de goma para ader\u00eancia e um toque discreto. Parte superior em camur\u00e7a e malha de alta qualidade Leve e respir\u00e1vel Constru\u00e7\u00e3o flex\u00edvel Palmilha almofadada Sola exterior de borracha texturada<\/p>","protected":false},"featured_media":4922,"comment_status":"open","ping_status":"closed","template":"","meta":{"_kad_post_transparent":"","_kad_post_title":"","_kad_post_layout":"","_kad_post_sidebar_id":"","_kad_post_content_style":"","_kad_post_vertical_padding":"","_kad_post_feature":"","_kad_post_feature_position":"","_kad_post_header":false,"_kad_post_footer":false},"product_brand":[],"product_cat":[88],"product_tag":[],"class_list":{"0":"post-4343","1":"product","2":"type-product","3":"status-publish","4":"has-post-thumbnail","6":"product_cat-shoes","8":"first","9":"instock","10":"sale","11":"shipping-taxable","12":"purchasable","13":"product-type-variable","14":"entry","15":"content-bg","16":"loop-entry"},"_links":{"self":[{"href":"https:\/\/www.checkout.luxaurabag.com\/pt\/wp-json\/wp\/v2\/product\/4343","targetHints":{"allow":["GET"]}}],"collection":[{"href":"https:\/\/www.checkout.luxaurabag.com\/pt\/wp-json\/wp\/v2\/product"}],"about":[{"href":"https:\/\/www.checkout.luxaurabag.com\/pt\/wp-json\/wp\/v2\/types\/product"}],"replies":[{"embeddable":true,"href":"https:\/\/www.checkout.luxaurabag.com\/pt\/wp-json\/wp\/v2\/comments?post=4343"}],"wp:featuredmedia":[{"embeddable":true,"href":"https:\/\/www.checkout.luxaurabag.com\/pt\/wp-json\/wp\/v2\/media\/4922"}],"wp:attachment":[{"href":"https:\/\/www.checkout.luxaurabag.com\/pt\/wp-json\/wp\/v2\/media?parent=4343"}],"wp:term":[{"taxonomy":"product_brand","embeddable":true,"href":"https:\/\/www.checkout.luxaurabag.com\/pt\/wp-json\/wp\/v2\/product_brand?post=4343"},{"taxonomy":"product_cat","embeddable":true,"href":"https:\/\/www.checkout.luxaurabag.com\/pt\/wp-json\/wp\/v2\/product_cat?post=4343"},{"taxonomy":"product_tag","embeddable":true,"href":"https:\/\/www.checkout.luxaurabag.com\/pt\/wp-json\/wp\/v2\/product_tag?post=4343"}],"curies":[{"name":"wp","href":"https:\/\/api.w.org\/{rel}","templated":true}]}}