{"id":4370,"date":"2025-08-26T16:20:02","date_gmt":"2025-08-26T16:20:02","guid":{"rendered":"https:\/\/zoyaedit.com\/product\/elan-deux-tone-loafers\/"},"modified":"2025-08-31T18:06:31","modified_gmt":"2025-08-31T18:06:31","slug":"elan-deux-tone-loafers","status":"publish","type":"product","link":"https:\/\/www.checkout.luxaurabag.com\/pt\/produto\/elan-deux-tone-loafers\/","title":{"rendered":"Mocassins \u00c9lan Deux-Tone"},"content":{"rendered":"<p>Concebidos com um contraste de cores arrojado e detalhes em pele de primeira qualidade, estes mocassins redefinem a sofistica\u00e7\u00e3o com um toque contempor\u00e2neo. O design slip-on garante uma utiliza\u00e7\u00e3o sem esfor\u00e7o, enquanto o pormenor da borla acrescenta um toque cl\u00e1ssico de requinte. Quer esteja a vestir-se bem para um evento formal ou a elevar o seu conjunto casual, estes sapatos proporcionam um estilo e conforto inigual\u00e1veis.\u00a0<\/p>\n<ul>\n<li>Couro de primeira qualidade<\/li>\n<li>Design slip-on<\/li>\n<li>Design arrojado em dois tons<\/li>\n<li>Pormenores com borlas<\/li>\n<li>Vers\u00e1til<\/li>\n<\/ul>","protected":false},"excerpt":{"rendered":"<p>Concebidos com um contraste de cores arrojado e detalhes em pele de primeira qualidade, estes mocassins redefinem a sofistica\u00e7\u00e3o com um toque contempor\u00e2neo. O design slip-on garante uma utiliza\u00e7\u00e3o sem esfor\u00e7o, enquanto o pormenor da borla acrescenta um toque cl\u00e1ssico de requinte. Quer esteja a vestir-se bem para um evento formal ou a elevar o seu conjunto casual, estes sapatos proporcionam um estilo e conforto inigual\u00e1veis.  De qualidade superior...<\/p>","protected":false},"featured_media":4934,"comment_status":"open","ping_status":"closed","template":"","meta":{"_kad_post_transparent":"","_kad_post_title":"","_kad_post_layout":"","_kad_post_sidebar_id":"","_kad_post_content_style":"","_kad_post_vertical_padding":"","_kad_post_feature":"","_kad_post_feature_position":"","_kad_post_header":false,"_kad_post_footer":false},"product_brand":[],"product_cat":[88],"product_tag":[],"class_list":{"0":"post-4370","1":"product","2":"type-product","3":"status-publish","4":"has-post-thumbnail","6":"product_cat-shoes","8":"first","9":"instock","10":"sale","11":"shipping-taxable","12":"purchasable","13":"product-type-variable","14":"entry","15":"content-bg","16":"loop-entry"},"_links":{"self":[{"href":"https:\/\/www.checkout.luxaurabag.com\/pt\/wp-json\/wp\/v2\/product\/4370","targetHints":{"allow":["GET"]}}],"collection":[{"href":"https:\/\/www.checkout.luxaurabag.com\/pt\/wp-json\/wp\/v2\/product"}],"about":[{"href":"https:\/\/www.checkout.luxaurabag.com\/pt\/wp-json\/wp\/v2\/types\/product"}],"replies":[{"embeddable":true,"href":"https:\/\/www.checkout.luxaurabag.com\/pt\/wp-json\/wp\/v2\/comments?post=4370"}],"wp:featuredmedia":[{"embeddable":true,"href":"https:\/\/www.checkout.luxaurabag.com\/pt\/wp-json\/wp\/v2\/media\/4934"}],"wp:attachment":[{"href":"https:\/\/www.checkout.luxaurabag.com\/pt\/wp-json\/wp\/v2\/media?parent=4370"}],"wp:term":[{"taxonomy":"product_brand","embeddable":true,"href":"https:\/\/www.checkout.luxaurabag.com\/pt\/wp-json\/wp\/v2\/product_brand?post=4370"},{"taxonomy":"product_cat","embeddable":true,"href":"https:\/\/www.checkout.luxaurabag.com\/pt\/wp-json\/wp\/v2\/product_cat?post=4370"},{"taxonomy":"product_tag","embeddable":true,"href":"https:\/\/www.checkout.luxaurabag.com\/pt\/wp-json\/wp\/v2\/product_tag?post=4370"}],"curies":[{"name":"wp","href":"https:\/\/api.w.org\/{rel}","templated":true}]}}