{"id":3778,"date":"2025-08-26T16:19:38","date_gmt":"2025-08-26T16:19:38","guid":{"rendered":"https:\/\/zoyaedit.com\/product\/shoes-6\/"},"modified":"2025-08-31T18:05:58","modified_gmt":"2025-08-31T18:05:58","slug":"shoes-6","status":"publish","type":"product","link":"https:\/\/www.checkout.luxaurabag.com\/sv\/produkt\/shoes-6\/","title":{"rendered":"Aero Mesh Sneaker"},"content":{"rendered":"<p><meta charset='utf-8'><span>G\u00e5 in i framtidens skor med en chockerande andningsbar cloud-soft sneaker som \u00e4r konstruerad f\u00f6r nonstop komfort och aerodynamisk r\u00f6relse. Den fj\u00e4derl\u00e4tta meshdesignen absorberar svett, bek\u00e4mpar lukt och g\u00f6r att du k\u00e4nner dig sval och viktl\u00f6s hela dagen.<\/span><\/p>\n<ul>\n<li><span><meta charset='utf-8'>Hyperandningsbar mesh-design<\/span><\/li>\n<li><meta charset='utf-8'>Ultral\u00e4tt och andningsbar<\/li>\n<li><meta charset='utf-8'>Molnliknande st\u00f6td\u00e4mpning<\/li>\n<li><meta charset='utf-8'>Svettavledande och lukth\u00e4mmande<\/li>\n<li><meta charset='utf-8'><meta charset='utf-8'>Flexibel aerodynamisk sula<meta charset='utf-8'><\/li>\n<\/ul>","protected":false},"excerpt":{"rendered":"<p>G\u00e5 in i framtidens skor med en chockerande andningsbar cloud-soft sneaker som \u00e4r konstruerad f\u00f6r nonstop komfort och aerodynamisk r\u00f6relse. Den fj\u00e4derl\u00e4tta meshdesignen absorberar svett, bek\u00e4mpar d\u00e5lig lukt och g\u00f6r att du k\u00e4nner dig sval och viktl\u00f6s hela dagen. Hyperandningsbar meshdesign Ultral\u00e4tt och andningsbar Molnliknande d\u00e4mpning Svettavledande och lukth\u00e4mmande Flexibel aerodynamisk sula<\/p>","protected":false},"featured_media":4661,"comment_status":"open","ping_status":"closed","template":"","meta":{"_kad_post_transparent":"","_kad_post_title":"","_kad_post_layout":"","_kad_post_sidebar_id":"","_kad_post_content_style":"","_kad_post_vertical_padding":"","_kad_post_feature":"","_kad_post_feature_position":"","_kad_post_header":false,"_kad_post_footer":false},"product_brand":[],"product_cat":[88],"product_tag":[],"class_list":{"0":"post-3778","1":"product","2":"type-product","3":"status-publish","4":"has-post-thumbnail","6":"product_cat-shoes","8":"first","9":"instock","10":"sale","11":"shipping-taxable","12":"purchasable","13":"product-type-variable","14":"entry","15":"content-bg","16":"loop-entry"},"_links":{"self":[{"href":"https:\/\/www.checkout.luxaurabag.com\/sv\/wp-json\/wp\/v2\/product\/3778","targetHints":{"allow":["GET"]}}],"collection":[{"href":"https:\/\/www.checkout.luxaurabag.com\/sv\/wp-json\/wp\/v2\/product"}],"about":[{"href":"https:\/\/www.checkout.luxaurabag.com\/sv\/wp-json\/wp\/v2\/types\/product"}],"replies":[{"embeddable":true,"href":"https:\/\/www.checkout.luxaurabag.com\/sv\/wp-json\/wp\/v2\/comments?post=3778"}],"wp:featuredmedia":[{"embeddable":true,"href":"https:\/\/www.checkout.luxaurabag.com\/sv\/wp-json\/wp\/v2\/media\/4661"}],"wp:attachment":[{"href":"https:\/\/www.checkout.luxaurabag.com\/sv\/wp-json\/wp\/v2\/media?parent=3778"}],"wp:term":[{"taxonomy":"product_brand","embeddable":true,"href":"https:\/\/www.checkout.luxaurabag.com\/sv\/wp-json\/wp\/v2\/product_brand?post=3778"},{"taxonomy":"product_cat","embeddable":true,"href":"https:\/\/www.checkout.luxaurabag.com\/sv\/wp-json\/wp\/v2\/product_cat?post=3778"},{"taxonomy":"product_tag","embeddable":true,"href":"https:\/\/www.checkout.luxaurabag.com\/sv\/wp-json\/wp\/v2\/product_tag?post=3778"}],"curies":[{"name":"wp","href":"https:\/\/api.w.org\/{rel}","templated":true}]}}