{"id":3811,"date":"2025-08-26T16:19:39","date_gmt":"2025-08-26T16:19:39","guid":{"rendered":"https:\/\/zoyaedit.com\/product\/alford-suede-loafer\/"},"modified":"2025-08-31T18:06:01","modified_gmt":"2025-08-31T18:06:01","slug":"alford-suede-loafer","status":"publish","type":"product","link":"https:\/\/www.checkout.luxaurabag.com\/sv\/produkt\/alford-suede-loafer\/","title":{"rendered":"Alford Mocka Loafer"},"content":{"rendered":"<p><meta charset='utf-8'><span>Dessa loafers \u00e4r eleganta, tysta och skulpterade av en ovandel i sm\u00f6rmjuk mocka med subtila stygndetaljer och f\u00f6rkroppsligar tidl\u00f6s stil med modern l\u00e4tthet. Den str\u00f6mlinjeformade slip-on-silhuetten och den d\u00e4mpade innersulan ger enkel komfort hela dagen utan att offra stilen.<\/span><\/p>\n<ul>\n<li><meta charset='utf-8'>Ovandel i mjuk mocka<\/li>\n<li><meta charset='utf-8'> <span>Slip-on med l\u00e5g profil\u00a0<\/span><\/li>\n<li><meta charset='utf-8'> <span>L\u00e4tt och flexibel sula<\/span><\/li>\n<li><meta charset='utf-8'> <meta charset='utf-8'>Minimalistisk s\u00f6mnadsdetalj<\/li>\n<li><meta charset='utf-8'> <span>Foder i sl\u00e4tt tyg<\/span><\/li>\n<li><meta charset='utf-8'> <span>D\u00e4mpad innersula\u00a0<\/span><\/li>\n<\/ul>","protected":false},"excerpt":{"rendered":"<p>Dessa loafers \u00e4r eleganta, tysta och skulpterade av en ovandel i sm\u00f6rmjuk mocka med subtila stygndetaljer och f\u00f6rkroppsligar tidl\u00f6s stil med modern l\u00e4tthet. Den str\u00f6mlinjeformade slip-on-silhuetten och den d\u00e4mpade innersulan ger enkel komfort hela dagen utan att g\u00f6ra avkall p\u00e5 stilen. Ovandel i mjuk mocka Slip-on med l\u00e5g profil L\u00e4tt och flexibel sula Minimalistiska stygndetaljer Sl\u00e4tt tygfoder D\u00e4mpad innersula\u00a0<\/p>","protected":false},"featured_media":4669,"comment_status":"open","ping_status":"closed","template":"","meta":{"_kad_post_transparent":"","_kad_post_title":"","_kad_post_layout":"","_kad_post_sidebar_id":"","_kad_post_content_style":"","_kad_post_vertical_padding":"","_kad_post_feature":"","_kad_post_feature_position":"","_kad_post_header":false,"_kad_post_footer":false},"product_brand":[],"product_cat":[88],"product_tag":[],"class_list":{"0":"post-3811","1":"product","2":"type-product","3":"status-publish","4":"has-post-thumbnail","6":"product_cat-shoes","8":"first","9":"instock","10":"sale","11":"shipping-taxable","12":"purchasable","13":"product-type-variable","14":"entry","15":"content-bg","16":"loop-entry"},"_links":{"self":[{"href":"https:\/\/www.checkout.luxaurabag.com\/sv\/wp-json\/wp\/v2\/product\/3811","targetHints":{"allow":["GET"]}}],"collection":[{"href":"https:\/\/www.checkout.luxaurabag.com\/sv\/wp-json\/wp\/v2\/product"}],"about":[{"href":"https:\/\/www.checkout.luxaurabag.com\/sv\/wp-json\/wp\/v2\/types\/product"}],"replies":[{"embeddable":true,"href":"https:\/\/www.checkout.luxaurabag.com\/sv\/wp-json\/wp\/v2\/comments?post=3811"}],"wp:featuredmedia":[{"embeddable":true,"href":"https:\/\/www.checkout.luxaurabag.com\/sv\/wp-json\/wp\/v2\/media\/4669"}],"wp:attachment":[{"href":"https:\/\/www.checkout.luxaurabag.com\/sv\/wp-json\/wp\/v2\/media?parent=3811"}],"wp:term":[{"taxonomy":"product_brand","embeddable":true,"href":"https:\/\/www.checkout.luxaurabag.com\/sv\/wp-json\/wp\/v2\/product_brand?post=3811"},{"taxonomy":"product_cat","embeddable":true,"href":"https:\/\/www.checkout.luxaurabag.com\/sv\/wp-json\/wp\/v2\/product_cat?post=3811"},{"taxonomy":"product_tag","embeddable":true,"href":"https:\/\/www.checkout.luxaurabag.com\/sv\/wp-json\/wp\/v2\/product_tag?post=3811"}],"curies":[{"name":"wp","href":"https:\/\/api.w.org\/{rel}","templated":true}]}}