{"id":3889,"date":"2025-08-26T16:19:42","date_gmt":"2025-08-26T16:19:42","guid":{"rendered":"https:\/\/zoyaedit.com\/product\/mens-leather-boots\/"},"modified":"2025-08-31T18:06:04","modified_gmt":"2025-08-31T18:06:04","slug":"mens-leather-boots","status":"publish","type":"product","link":"https:\/\/www.checkout.luxaurabag.com\/sv\/produkt\/mens-leather-boots\/","title":{"rendered":"Belfort Chelsea K\u00e4nga"},"content":{"rendered":"<p data-end='481' data-start='172'><meta charset='utf-8'>Dessa Chelsea-st\u00f6vlar \u00e4r tillverkade av ett elegant, polerat, fullkornigt l\u00e4der och har<meta charset='utf-8'> en raffinerad och skr\u00e4ddarsydd estetik. Den skulpterade sp\u00e4nnremmen och dragkedjan i sidan lyfter omedelbart vilken outfit som helst, medan de precisionssydda konturerna skapar en skarp, str\u00f6mlinjeformad silhuett. Dessa st\u00f6vlar kompletteras med en f\u00f6rst\u00e4rkt gummiyttersula f\u00f6r komfort och h\u00e5llbarhet hela dagen och ger dig en omedelbar kant - polerad, sj\u00e4lvs\u00e4ker och redo att vinna.<span><\/span><\/p>\n<ul>\n<li data-end='934' data-start='866'><meta charset='utf-8'>Snyggt polerat l\u00e4der<\/li>\n<li data-end='934' data-start='866'>Justerbart sp\u00e4nne med accent\u00a0<meta charset='utf-8'><\/li>\n<li data-end='1004' data-start='935'><meta charset='utf-8'> <meta charset='utf-8'>S\u00f6ml\u00f6s blixtl\u00e5sst\u00e4ngning i sidan<\/li>\n<li data-end='1077' data-start='1005'>Slitstark gummisula\u00a0<\/li>\n<li data-end='1077' data-start='1005'><meta charset='utf-8'>Ventilerande foder i l\u00e4der<\/li>\n<\/ul>","protected":false},"excerpt":{"rendered":"<p>Dessa Chelsea boots \u00e4r tillverkade av ett elegant, polerat fullnarvsl\u00e4der och har en raffinerad och skr\u00e4ddarsydd estetik. Den skulpterade sp\u00e4nnremmen och dragkedjan i sidan lyfter omedelbart vilken outfit som helst, medan de precisionssydda konturerna skapar en skarp, str\u00f6mlinjeformad silhuett. Dessa st\u00f6vlar kompletteras med en f\u00f6rst\u00e4rkt gummiyttersula f\u00f6r komfort och h\u00e5llbarhet hela dagen och ger dig en omedelbar kant - polerad, sj\u00e4lvs\u00e4ker och...<\/p>","protected":false},"featured_media":4730,"comment_status":"open","ping_status":"closed","template":"","meta":{"_kad_post_transparent":"","_kad_post_title":"","_kad_post_layout":"","_kad_post_sidebar_id":"","_kad_post_content_style":"","_kad_post_vertical_padding":"","_kad_post_feature":"","_kad_post_feature_position":"","_kad_post_header":false,"_kad_post_footer":false},"product_brand":[],"product_cat":[88],"product_tag":[],"class_list":{"0":"post-3889","1":"product","2":"type-product","3":"status-publish","4":"has-post-thumbnail","6":"product_cat-shoes","8":"first","9":"instock","10":"shipping-taxable","11":"purchasable","12":"product-type-variable","13":"entry","14":"content-bg","15":"loop-entry"},"_links":{"self":[{"href":"https:\/\/www.checkout.luxaurabag.com\/sv\/wp-json\/wp\/v2\/product\/3889","targetHints":{"allow":["GET"]}}],"collection":[{"href":"https:\/\/www.checkout.luxaurabag.com\/sv\/wp-json\/wp\/v2\/product"}],"about":[{"href":"https:\/\/www.checkout.luxaurabag.com\/sv\/wp-json\/wp\/v2\/types\/product"}],"replies":[{"embeddable":true,"href":"https:\/\/www.checkout.luxaurabag.com\/sv\/wp-json\/wp\/v2\/comments?post=3889"}],"wp:featuredmedia":[{"embeddable":true,"href":"https:\/\/www.checkout.luxaurabag.com\/sv\/wp-json\/wp\/v2\/media\/4730"}],"wp:attachment":[{"href":"https:\/\/www.checkout.luxaurabag.com\/sv\/wp-json\/wp\/v2\/media?parent=3889"}],"wp:term":[{"taxonomy":"product_brand","embeddable":true,"href":"https:\/\/www.checkout.luxaurabag.com\/sv\/wp-json\/wp\/v2\/product_brand?post=3889"},{"taxonomy":"product_cat","embeddable":true,"href":"https:\/\/www.checkout.luxaurabag.com\/sv\/wp-json\/wp\/v2\/product_cat?post=3889"},{"taxonomy":"product_tag","embeddable":true,"href":"https:\/\/www.checkout.luxaurabag.com\/sv\/wp-json\/wp\/v2\/product_tag?post=3889"}],"curies":[{"name":"wp","href":"https:\/\/api.w.org\/{rel}","templated":true}]}}