{"id":3916,"date":"2025-08-26T16:19:43","date_gmt":"2025-08-26T16:19:43","guid":{"rendered":"https:\/\/zoyaedit.com\/product\/aether-flex-sneakers-copy\/"},"modified":"2025-08-31T18:06:06","modified_gmt":"2025-08-31T18:06:06","slug":"aether-flex-sneakers-copy","status":"publish","type":"product","link":"https:\/\/www.checkout.luxaurabag.com\/sv\/produkt\/aether-flex-sneakers-copy\/","title":{"rendered":"Bellavetro Tassel Loafers i sammet"},"content":{"rendered":"<p>Dessa loafers har en lyxig ovandel i sammet tillsammans med glansigt lackskinn och \u00e4r skapade f\u00f6r den moderna gentlemannen. Tofsarna och de sl\u00e4ta linjerna ger en sofistikerad touch och g\u00f6r dem idealiska f\u00f6r formella tillf\u00e4llen eller exklusiva casual looks. G\u00e5 bekv\u00e4mt och stilfullt med skor som g\u00f6r intryck, varje steg p\u00e5 v\u00e4gen. <meta charset='utf-8'>Varje detalj \u00e4r omsorgsfullt utformad f\u00f6r lyx och komfort, s\u00e5 du kommer att k\u00e4nna dig lika bra som du ser ut.<\/p>\n<ul>\n<li>Glansig yta<\/li>\n<li>Snygga detaljer i form av tofsar<\/li>\n<li>Mjukt vadderad innersula<meta charset='utf-8'><\/li>\n<li>Mjukt innerfoder och ergonomisk design<\/li>\n<li>Tillverkad av h\u00f6gkvalitativt patentl\u00e4der och plyschsammet<\/li>\n<\/ul>","protected":false},"excerpt":{"rendered":"<p>Dessa loafers har en lyxig ovandel i sammet kombinerat med glansigt lackl\u00e4der och \u00e4r skapade f\u00f6r den moderna gentlemannen. Tofsarna och de sl\u00e4ta linjerna ger en sofistikerad touch och g\u00f6r dem idealiska f\u00f6r formella tillf\u00e4llen eller exklusiva casual looks. G\u00e5 bekv\u00e4mt och med stil med skor som g\u00f6r intryck, varje steg p\u00e5 v\u00e4gen....<\/p>","protected":false},"featured_media":4748,"comment_status":"open","ping_status":"closed","template":"","meta":{"_kad_post_transparent":"","_kad_post_title":"","_kad_post_layout":"","_kad_post_sidebar_id":"","_kad_post_content_style":"","_kad_post_vertical_padding":"","_kad_post_feature":"","_kad_post_feature_position":"","_kad_post_header":false,"_kad_post_footer":false},"product_brand":[],"product_cat":[88],"product_tag":[],"class_list":{"0":"post-3916","1":"product","2":"type-product","3":"status-publish","4":"has-post-thumbnail","6":"product_cat-shoes","8":"first","9":"instock","10":"sale","11":"shipping-taxable","12":"purchasable","13":"product-type-variable","14":"entry","15":"content-bg","16":"loop-entry"},"_links":{"self":[{"href":"https:\/\/www.checkout.luxaurabag.com\/sv\/wp-json\/wp\/v2\/product\/3916","targetHints":{"allow":["GET"]}}],"collection":[{"href":"https:\/\/www.checkout.luxaurabag.com\/sv\/wp-json\/wp\/v2\/product"}],"about":[{"href":"https:\/\/www.checkout.luxaurabag.com\/sv\/wp-json\/wp\/v2\/types\/product"}],"replies":[{"embeddable":true,"href":"https:\/\/www.checkout.luxaurabag.com\/sv\/wp-json\/wp\/v2\/comments?post=3916"}],"wp:featuredmedia":[{"embeddable":true,"href":"https:\/\/www.checkout.luxaurabag.com\/sv\/wp-json\/wp\/v2\/media\/4748"}],"wp:attachment":[{"href":"https:\/\/www.checkout.luxaurabag.com\/sv\/wp-json\/wp\/v2\/media?parent=3916"}],"wp:term":[{"taxonomy":"product_brand","embeddable":true,"href":"https:\/\/www.checkout.luxaurabag.com\/sv\/wp-json\/wp\/v2\/product_brand?post=3916"},{"taxonomy":"product_cat","embeddable":true,"href":"https:\/\/www.checkout.luxaurabag.com\/sv\/wp-json\/wp\/v2\/product_cat?post=3916"},{"taxonomy":"product_tag","embeddable":true,"href":"https:\/\/www.checkout.luxaurabag.com\/sv\/wp-json\/wp\/v2\/product_tag?post=3916"}],"curies":[{"name":"wp","href":"https:\/\/api.w.org\/{rel}","templated":true}]}}