{"id":4045,"date":"2025-08-26T16:19:50","date_gmt":"2025-08-26T16:19:50","guid":{"rendered":"https:\/\/zoyaedit.com\/product\/leather-shoes\/"},"modified":"2025-08-31T18:06:13","modified_gmt":"2025-08-31T18:06:13","slug":"leather-shoes","status":"publish","type":"product","link":"https:\/\/www.checkout.luxaurabag.com\/sv\/produkt\/leather-shoes\/","title":{"rendered":"Canyon Stride l\u00e4der-sneaker"},"content":{"rendered":"<p data-start='88' data-end='519'>Denna sneakers \u00e4r tillverkad av \u00e4kta l\u00e4der och har ett ventilerande bomullsfoder som ger komfort hela dagen, medan den strukturerade, halkfria yttersulan ger \u00f6verl\u00e4gset grepp. Perforerade sidopaneler f\u00f6rb\u00e4ttrar luftfl\u00f6det och andningsf\u00f6rm\u00e5gan och den f\u00f6rst\u00e4rkta h\u00e4len ger extra st\u00f6d. Dessa skor \u00e4r tillverkade i rika, jordn\u00e4ra toner och \u00e4r perfekta f\u00f6r alla \u00e4ventyr.<\/p>\n<ul data-start='541' data-end='845'>\n<li data-start='612' data-end='672'>\u00c4kta l\u00e4der<\/li>\n<li data-start='612' data-end='672'>Perforerade sidopaneler<\/li>\n<li data-start='612' data-end='672'>F\u00f6rb\u00e4ttrad andningsf\u00f6rm\u00e5ga<\/li>\n<li data-start='673' data-end='734'>Texturerad halks\u00e4ker yttersula<\/li>\n<li data-start='735' data-end='787'><span data-start='740' data-end='757'>Premium c<\/span>foder av otton\u00a0<\/li>\n<\/ul>","protected":false},"excerpt":{"rendered":"<p>Denna sneakers \u00e4r tillverkad av \u00e4kta l\u00e4der och har ett ventilerande bomullsfoder som ger komfort hela dagen, medan den strukturerade, halkfria yttersulan ger \u00f6verl\u00e4gset grepp. Perforerade sidopaneler f\u00f6rb\u00e4ttrar luftfl\u00f6det och andningsf\u00f6rm\u00e5gan och den f\u00f6rst\u00e4rkta h\u00e4len ger extra st\u00f6d. Dessa skor \u00e4r tillverkade i rika, jordn\u00e4ra toner och \u00e4r perfekta f\u00f6r alla \u00e4ventyr. \u00c4kta l\u00e4der Perforerade sidopaneler F\u00f6rb\u00e4ttrad andningsf\u00f6rm\u00e5ga Texturerad...<\/p>","protected":false},"featured_media":4770,"comment_status":"open","ping_status":"closed","template":"","meta":{"_kad_post_transparent":"","_kad_post_title":"","_kad_post_layout":"","_kad_post_sidebar_id":"","_kad_post_content_style":"","_kad_post_vertical_padding":"","_kad_post_feature":"","_kad_post_feature_position":"","_kad_post_header":false,"_kad_post_footer":false},"product_brand":[],"product_cat":[88],"product_tag":[],"class_list":{"0":"post-4045","1":"product","2":"type-product","3":"status-publish","4":"has-post-thumbnail","6":"product_cat-shoes","8":"first","9":"instock","10":"sale","11":"shipping-taxable","12":"purchasable","13":"product-type-variable","14":"entry","15":"content-bg","16":"loop-entry"},"_links":{"self":[{"href":"https:\/\/www.checkout.luxaurabag.com\/sv\/wp-json\/wp\/v2\/product\/4045","targetHints":{"allow":["GET"]}}],"collection":[{"href":"https:\/\/www.checkout.luxaurabag.com\/sv\/wp-json\/wp\/v2\/product"}],"about":[{"href":"https:\/\/www.checkout.luxaurabag.com\/sv\/wp-json\/wp\/v2\/types\/product"}],"replies":[{"embeddable":true,"href":"https:\/\/www.checkout.luxaurabag.com\/sv\/wp-json\/wp\/v2\/comments?post=4045"}],"wp:featuredmedia":[{"embeddable":true,"href":"https:\/\/www.checkout.luxaurabag.com\/sv\/wp-json\/wp\/v2\/media\/4770"}],"wp:attachment":[{"href":"https:\/\/www.checkout.luxaurabag.com\/sv\/wp-json\/wp\/v2\/media?parent=4045"}],"wp:term":[{"taxonomy":"product_brand","embeddable":true,"href":"https:\/\/www.checkout.luxaurabag.com\/sv\/wp-json\/wp\/v2\/product_brand?post=4045"},{"taxonomy":"product_cat","embeddable":true,"href":"https:\/\/www.checkout.luxaurabag.com\/sv\/wp-json\/wp\/v2\/product_cat?post=4045"},{"taxonomy":"product_tag","embeddable":true,"href":"https:\/\/www.checkout.luxaurabag.com\/sv\/wp-json\/wp\/v2\/product_tag?post=4045"}],"curies":[{"name":"wp","href":"https:\/\/api.w.org\/{rel}","templated":true}]}}